{"id":2323,"date":"2025-05-27T23:12:34","date_gmt":"2025-05-27T23:12:34","guid":{"rendered":"https:\/\/admittanceeducation.com\/hizmetler\/universiteler\/universite-ziyaretleri\/ie-universitesi-madrid-segovia-ispanya\/"},"modified":"2026-03-27T11:34:58","modified_gmt":"2026-03-27T11:34:58","slug":"ie-universitesi-madrid-segovia-ispanya","status":"publish","type":"page","link":"https:\/\/admittanceeducation.com\/tr\/hizmetler\/universiteler\/universite-ziyaretleri\/ie-universitesi-madrid-segovia-ispanya\/","title":{"rendered":"IE \u00dcniversitesi \u2013 Madrid &amp; Segovia, \u0130spanya"},"content":{"rendered":"\t\t<div data-elementor-type=\"wp-page\" data-elementor-id=\"2323\" class=\"elementor elementor-2323 elementor-861\" data-elementor-post-type=\"page\">\n\t\t\t\t<div class=\"elementor-element elementor-element-65d53c7 e-flex e-con-boxed e-con e-parent\" data-id=\"65d53c7\" data-element_type=\"container\" data-e-type=\"container\" data-settings=\"{&quot;background_background&quot;:&quot;classic&quot;}\">\n\t\t\t\t\t<div class=\"e-con-inner\">\n\t\t<div class=\"elementor-element elementor-element-a381a6c e-con-full e-flex e-con e-child\" data-id=\"a381a6c\" data-element_type=\"container\" data-e-type=\"container\">\n\t\t\t\t<div class=\"elementor-element elementor-element-dc5ce03 elementor-widget elementor-widget-heading\" data-id=\"dc5ce03\" data-element_type=\"widget\" data-e-type=\"widget\" data-widget_type=\"heading.default\">\n\t\t\t\t\t<h1 class=\"elementor-heading-title elementor-size-default\">IE \u00dcniversitesi \u2013 Madrid &amp; Segovia, \u0130spanya<\/h1>\t\t\t\t<\/div>\n\t\t\t\t<\/div>\n\t\t\t\t\t<\/div>\n\t\t\t\t<\/div>\n\t\t<div class=\"elementor-element elementor-element-f3f7231 e-flex e-con-boxed e-con e-parent\" data-id=\"f3f7231\" data-element_type=\"container\" data-e-type=\"container\">\n\t\t\t\t\t<div class=\"e-con-inner\">\n\t\t\t\t<div class=\"elementor-element elementor-element-412bfdf elementor-widget elementor-widget-text-editor\" data-id=\"412bfdf\" data-element_type=\"widget\" data-e-type=\"widget\" data-widget_type=\"text-editor.default\">\n\t\t\t\t\t\t\t\t\t<p><span style=\"font-weight: 400;\">\u0130spanya&#8217;n\u0131n kalbinde, tarihi mimari ve modern manzaralar\u0131n merkezinde, akademik m\u00fckemmelli\u011fi ve k\u00fclt\u00fcrel \u00e7e\u015fitlili\u011fi temsil eden IE \u00dcniversitesi yer almaktad\u0131r. UNESCO d\u00fcnya miras\u0131 alan\u0131 olan Santa Cruz la Real Manast\u0131r\u0131&#8217;nda bulunan IE \u00dcniversitesi&#8217;nin Segovia kamp\u00fcs\u00fc, \u00f6\u011frencilere e\u015fsiz ve unutulmaz bir deneyim sunar. Burada \u00f6\u011frenciler, Gotik katedraller, orta\u00e7a\u011f kaleleri ve hatta bir Roma su kemeri aras\u0131nda ya\u015fayarak kendilerini \u0130spanyol k\u00fclt\u00fcr\u00fcne tamamen kapt\u0131rma f\u0131rsat\u0131 bulurlar. Segovia&#8217;n\u0131n 30 dakika \u00f6tesinde, \u00f6\u011frenciler IE&#8217;nin Madrid i\u015f b\u00f6lgesinin kalbindeki \u015fehir merkezini bulacaklard\u0131r. Madrid kamp\u00fcs\u00fc, \u00f6\u011frencilere rakipsiz a\u011f kurma f\u0131rsatlar\u0131 ve \u00fcnl\u00fc IE Business School&#8217;un son teknoloji tesislerine eri\u015fim sa\u011flar.     <\/span><\/p><p> <\/p><p><span style=\"font-weight: 400;\">Akademik olarak, IE \u00dcniversitesi \u00f6\u011frencilere dinamik bir \u00f6\u011frenme ortam\u0131 sunar; burada \u00f6\u011fretim \u00fcyeleriyle etkile\u015fim kuracak, d\u00fcnyan\u0131n d\u00f6rt bir yan\u0131ndan s\u0131n\u0131f arkada\u015flar\u0131yla i\u015fbirli\u011fi yapacak ve staj f\u0131rsatlar\u0131na kat\u0131lacaklard\u0131r. \u00d6\u011frenci n\u00fcfusunun %80&#8217;inden fazlas\u0131n\u0131n uluslararas\u0131 \u00f6\u011frencilerden olu\u015fmas\u0131 ve kamp\u00fcste 130&#8217;dan fazla milletin temsil edilmesiyle IE \u00dcniversitesi, k\u00fcresel e\u011fitim i\u00e7in bir merkez g\u00f6revi g\u00f6rmektedir. IE, pratik, uygulamal\u0131 \u00f6\u011fretim metodolojisi ve aktif \u00f6\u011frenci kat\u0131l\u0131m\u0131na verdi\u011fi \u00f6nemle \u00f6ne \u00e7\u0131kmaktad\u0131r. Kamp\u00fcste 6000&#8217;den fazla \u00f6\u011frenci aktif olup, her y\u0131l 70&#8217;ten fazla \u00f6\u011frenci kul\u00fcb\u00fc ve 500&#8217;den fazla \u00f6\u011frenci liderli\u011finde etkinlik d\u00fczenlenmektedir. Profes\u00f6rler kolayca eri\u015filebilir ve yakla\u015f\u0131mlar\u0131nda pratiktir, her iki kamp\u00fcste de y\u00fcz y\u00fcze ders vermektedirler. IE \u00dcniversitesi, mezunlar\u0131n\u0131n %96&#8217;s\u0131n\u0131n mezuniyetten sonraki alt\u0131 ay i\u00e7inde i\u015f bulmas\u0131 ger\u00e7e\u011fiyle kan\u0131tland\u0131\u011f\u0131 \u00fczere, \u00f6\u011frencilerini profesyonel d\u00fcnyaya haz\u0131rlama taahh\u00fcd\u00fcyle gurur duymaktad\u0131r. D\u00fcnya genelinde 30&#8217;dan fazla ofisi ve 65.000&#8217;den fazla mezun a\u011f\u0131 ile IE \u00dcniversitesi&#8217;nin geni\u015f a\u011flar\u0131, \u00f6\u011frencilerinin nerede \u00e7al\u0131\u015fmay\u0131 se\u00e7erlerse se\u00e7sinler iyi ba\u011flant\u0131l\u0131 ve destekli olmalar\u0131n\u0131 sa\u011flar.       <\/span><\/p><p> <\/p><p><span style=\"font-weight: 400;\">IE \u00dcniversitesi&#8217;nin ba\u015fvuru s\u00fcreci basittir ve tamamen \u00e7evrimi\u00e7idir. Lisans \u00f6\u011frencileri en fazla 3 farkl\u0131 programa ba\u015fvurabilirler. Ba\u015fvuru i\u00e7in tercih edilen kamp\u00fcs\u00fc, Segovia veya Madrid&#8217;i se\u00e7mek \u00f6nemlidir. Se\u00e7enekler aras\u0131nda Madrid&#8217;de d\u00f6rt y\u0131l veya her iki konumda, Segovia ve Madrid&#8217;de iki\u015fer y\u0131l ge\u00e7irmek yer almaktad\u0131r. \u00d6zellikle, kamp\u00fcsler aras\u0131nda kabul zorlu\u011funda bir fark yoktur. A\u015fa\u011f\u0131da IE&#8217;nin ba\u015fvuru gereksinimleri yer almaktad\u0131r:     <\/span><\/p><p> <\/p><ul><li style=\"font-weight: 400;\" aria-level=\"1\"><span style=\"font-weight: 400;\">Ba\u015fvuru \u00fccreti 150 \u20ac&#8217;dur.<\/span><\/li><li style=\"font-weight: 400;\" aria-level=\"1\"><span style=\"font-weight: 400;\">Seconde, Premiere ve Terminale notlar\u0131n\u0131 sunman\u0131z gerekmektedir. Transkriptler Frans\u0131zca olabilir. <\/span><\/li><li style=\"font-weight: 400;\" aria-level=\"1\"><span style=\"font-weight: 400;\">IE CV \u015fablonunu PDF format\u0131nda ve en fazla 2 sayfa olarak kullanman\u0131z gerekmektedir. T\u00fcm ders d\u0131\u015f\u0131 etkinlikleri ekledi\u011finizden emin olun. <\/span><\/li><li style=\"font-weight: 400;\" aria-level=\"1\"><span style=\"font-weight: 400;\">Ba\u015fvuruda, s\u0131n\u0131f arkada\u015flar\u0131n\u0131z\u0131n sizi tan\u0131mlamak i\u00e7in kullanaca\u011f\u0131 3 kelime yazman\u0131z istenecektir. <\/span><\/li><li style=\"font-weight: 400;\" aria-level=\"1\"><span style=\"font-weight: 400;\">Ba\u015fvurunun size ne sormas\u0131n\u0131 diledi\u011finizi 140 karakter veya daha az\u0131yla yazman\u0131z gerekmektedir. M\u00fclakatta, size bu konuda konu\u015fman\u0131z ve a\u00e7\u0131klaman\u0131z istenecektir. <\/span><\/li><li style=\"font-weight: 400;\" aria-level=\"1\"><span style=\"font-weight: 400;\">En az 1 referans mektubu sunman\u0131z gerekmektedir. Yaln\u0131zca bir tane sunarsan\u0131z, bu mektup okul m\u00fcd\u00fcr\u00fcnden veya rehberlik \u00f6\u011fretmeninden gelmelidir. \u0130kinci iste\u011fe ba\u011fl\u0131 mektubu bir profes\u00f6rden sa\u011flaman\u0131z tavsiye edilir.   <\/span><\/li><li style=\"font-weight: 400;\" aria-level=\"1\"><span style=\"font-weight: 400;\">\u00d6\u011frencilerin soruyu yan\u0131tlamak i\u00e7in sunulan formatlardan 1&#8217;ini se\u00e7meleri gerekmektedir. Olas\u0131 formatlar \u015funlard\u0131r: <\/span><ul><li style=\"font-weight: 400;\" aria-level=\"2\"><span style=\"font-weight: 400;\">1. En fazla 3 dakikal\u0131k bir video.<\/span><\/li><li style=\"font-weight: 400;\" aria-level=\"2\"><span style=\"font-weight: 400;\">2. En fazla 10 slaytl\u0131k bir PowerPoint sunumu.<\/span><\/li><li style=\"font-weight: 400;\" aria-level=\"2\"><span style=\"font-weight: 400;\">3. 250 ila 650 kelime aras\u0131nda yaz\u0131l\u0131 bir deneme.<\/span><\/li><\/ul><\/li><li style=\"font-weight: 400;\" aria-level=\"1\"><span style=\"font-weight: 400;\">Yaz\u0131l\u0131 denemeyi se\u00e7erseniz, 3 deneme sorusundan 1&#8217;i hakk\u0131nda yaz\u0131n:<\/span><ul><li style=\"font-weight: 400;\" aria-level=\"2\"><span style=\"font-weight: 400;\">1. Bir zorluk veya aksilikle kar\u015f\u0131la\u015ft\u0131\u011f\u0131n\u0131z bir zaman\u0131 anlat\u0131n. Bu deneyimden ne \u00f6\u011frendiniz ve gelecekteki engellere bak\u0131\u015f a\u00e7\u0131n\u0131z\u0131 nas\u0131l etkiledi? <\/span><\/li><li style=\"font-weight: 400;\" aria-level=\"2\"><span style=\"font-weight: 400;\">2. Sizi IE toplulu\u011funun de\u011ferli bir \u00fcyesi yapacak benzersiz ki\u015filik \u00f6zelliklerinizden birini a\u00e7\u0131klay\u0131n. Ki\u015fili\u011finizin bu y\u00f6n\u00fcn\u00fcn bir durumda size nas\u0131l yard\u0131mc\u0131 oldu\u011funa dair bir \u00f6rnek verin. <\/span><\/li><li style=\"font-weight: 400;\" aria-level=\"2\"><span style=\"font-weight: 400;\">3. Kendinizi veya \u00e7evrenizdeki d\u00fcnyay\u0131 anlaman\u0131za yard\u0131mc\u0131 olan ki\u015fisel bir ba\u015far\u0131n\u0131z\u0131 d\u00fc\u015f\u00fcn\u00fcn.<\/span><\/li><\/ul><\/li><li style=\"font-weight: 400;\" aria-level=\"1\"><span style=\"font-weight: 400;\">Ba\u015fvuru tamamland\u0131ktan sonra, ba\u015fvuru s\u00fcrecinin \u201cKira\u201d b\u00f6l\u00fcm\u00fcn\u00fc tamamlaman\u0131z i\u00e7in bir e-posta alacaks\u0131n\u0131z. KIRA, 3 sorulu bir video m\u00fclakat\u0131d\u0131r. Sorulardan 2&#8217;sini videolu olarak yan\u0131tlars\u0131n\u0131z, \u00fc\u00e7\u00fcnc\u00fcs\u00fc ise yaz\u0131l\u0131 bir yan\u0131tt\u0131r. Sorular IE de\u011ferleri veya ba\u015fvurdu\u011funuz programla ilgilidir.   <\/span><\/li><li style=\"font-weight: 400;\" aria-level=\"1\"><span style=\"font-weight: 400;\">SAT, ACT veya IE testini se\u00e7ebilirsiniz. IE testi art\u0131k \u00e7evrimi\u00e7i olarak yap\u0131labilmektedir. Minimum SAT puan\u0131 1200&#8217;d\u00fcr.  <\/span><\/li><li style=\"font-weight: 400;\" aria-level=\"1\"><span style=\"font-weight: 400;\">IELTS \u2013 \u00f6\u011frencinin 7.0 puan almas\u0131 gerekmektedir. Duolingo da 130 puanla kabul edilmektedir. <\/span><\/li><li style=\"font-weight: 400;\" aria-level=\"1\"><span style=\"font-weight: 400;\">\u00d6\u011frencilerin Frans\u0131z BAC&#8217;\u0131ndan en az 14 almas\u0131 gerekmektedir. <\/span><\/li><li style=\"font-weight: 400;\" aria-level=\"1\"><span style=\"font-weight: 400;\">Matematik \u00f6nemlidir. \u00d6\u011frencilerin Premiere&#8217;de Matematik \u00d6zel dersi alm\u0131\u015f olmalar\u0131, yoksa Terminale&#8217;de Matematik Tamamlay\u0131c\u0131 dersi alm\u0131\u015f olmalar\u0131 gerekmektedir. Minimum 13 notu olmal\u0131d\u0131r.   <\/span><\/li><li style=\"font-weight: 400;\" aria-level=\"1\"><span style=\"font-weight: 400;\">IE teklifi ko\u015fulludur. \u00d6\u011frenciler, daha \u00f6nce sa\u011flanan notlarla ayn\u0131 akademik seviyeyi korumal\u0131d\u0131r. \u00d6\u011frenciler ayr\u0131ca son d\u00f6nem notlar\u0131n\u0131 da IE&#8217;ye g\u00f6ndermelidir.  <\/span><\/li><\/ul><p><br><br><br><\/p>\t\t\t\t\t\t\t\t<\/div>\n\t\t\t\t\t<\/div>\n\t\t\t\t<\/div>\n\t\t\t\t<\/div>\n\t\t","protected":false},"excerpt":{"rendered":"<p>IE \u00dcniversitesi \u2013 Madrid &amp; Segovia, \u0130spanya \u0130spanya&#8217;n\u0131n kalbinde, tarihi mimari ve modern manzaralar\u0131n merkezinde, akademik m\u00fckemmelli\u011fi ve k\u00fclt\u00fcrel \u00e7e\u015fitlili\u011fi temsil eden IE \u00dcniversitesi yer almaktad\u0131r. UNESCO d\u00fcnya miras\u0131 alan\u0131 olan Santa Cruz la Real Manast\u0131r\u0131&#8217;nda bulunan IE \u00dcniversitesi&#8217;nin Segovia kamp\u00fcs\u00fc, \u00f6\u011frencilere e\u015fsiz ve unutulmaz bir deneyim sunar. Burada \u00f6\u011frenciler, Gotik katedraller, orta\u00e7a\u011f kaleleri ve [&hellip;]<\/p>\n","protected":false},"author":1,"featured_media":2322,"parent":2004,"menu_order":0,"comment_status":"closed","ping_status":"closed","template":"","meta":{"_acf_changed":false,"nf_dc_page":"","footnotes":""},"class_list":["post-2323","page","type-page","status-publish","has-post-thumbnail","hentry"],"acf":[],"yoast_head":"<!-- This site is optimized with the Yoast SEO plugin v27.4 - https:\/\/yoast.com\/product\/yoast-seo-wordpress\/ -->\n<title>IE \u00dcniversitesi \u2013 Madrid &amp; Segovia, \u0130spanya - Admittance Education<\/title>\n<meta name=\"description\" content=\"IE \u00dcniversitesi&#039;ni Madrid ve Segovia, \u0130spanya&#039;da programlar\u0131, kabulleri, uluslararas\u0131 \u00f6\u011frencileri ve kariyer sonu\u00e7lar\u0131 dahil olmak \u00fczere ke\u015ffedin.\" \/>\n<meta name=\"robots\" content=\"index, follow, max-snippet:-1, max-image-preview:large, max-video-preview:-1\" \/>\n<link rel=\"canonical\" href=\"https:\/\/admittanceeducation.com\/tr\/hizmetler\/universiteler\/universite-ziyaretleri\/ie-universitesi-madrid-segovia-ispanya\/\" \/>\n<meta property=\"og:locale\" content=\"tr_TR\" \/>\n<meta property=\"og:type\" content=\"article\" \/>\n<meta property=\"og:title\" content=\"IE \u00dcniversitesi \u2013 Madrid &amp; Segovia, \u0130spanya - Admittance Education\" \/>\n<meta property=\"og:description\" content=\"IE \u00dcniversitesi&#039;ni Madrid ve Segovia, \u0130spanya&#039;da programlar\u0131, kabulleri, uluslararas\u0131 \u00f6\u011frencileri ve kariyer sonu\u00e7lar\u0131 dahil olmak \u00fczere ke\u015ffedin.\" \/>\n<meta property=\"og:url\" content=\"https:\/\/admittanceeducation.com\/tr\/hizmetler\/universiteler\/universite-ziyaretleri\/ie-universitesi-madrid-segovia-ispanya\/\" \/>\n<meta property=\"og:site_name\" content=\"Admittance Education\" \/>\n<meta property=\"article:publisher\" content=\"https:\/\/www.facebook.com\/admittanceeducation\/\" \/>\n<meta property=\"article:modified_time\" content=\"2026-03-27T11:34:58+00:00\" \/>\n<meta property=\"og:image\" content=\"https:\/\/admittanceeducation.com\/wp-content\/uploads\/2025\/05\/IE_HERO.png\" \/>\n\t<meta property=\"og:image:width\" content=\"1920\" \/>\n\t<meta property=\"og:image:height\" content=\"600\" \/>\n\t<meta property=\"og:image:type\" content=\"image\/png\" \/>\n<meta name=\"twitter:card\" content=\"summary_large_image\" \/>\n<meta name=\"twitter:label1\" content=\"Est. reading time\" \/>\n\t<meta name=\"twitter:data1\" content=\"4 minutes\" \/>\n<script type=\"application\/ld+json\" class=\"yoast-schema-graph\">{\"@context\":\"https:\\\/\\\/schema.org\",\"@graph\":[{\"@type\":\"WebPage\",\"@id\":\"https:\\\/\\\/admittanceeducation.com\\\/tr\\\/hizmetler\\\/universiteler\\\/universite-ziyaretleri\\\/ie-universitesi-madrid-segovia-ispanya\\\/\",\"url\":\"https:\\\/\\\/admittanceeducation.com\\\/tr\\\/hizmetler\\\/universiteler\\\/universite-ziyaretleri\\\/ie-universitesi-madrid-segovia-ispanya\\\/\",\"name\":\"IE \u00dcniversitesi \u2013 Madrid &amp; Segovia, \u0130spanya - Admittance Education\",\"isPartOf\":{\"@id\":\"https:\\\/\\\/admittanceeducation.com\\\/tr\\\/#website\"},\"primaryImageOfPage\":{\"@id\":\"https:\\\/\\\/admittanceeducation.com\\\/tr\\\/hizmetler\\\/universiteler\\\/universite-ziyaretleri\\\/ie-universitesi-madrid-segovia-ispanya\\\/#primaryimage\"},\"image\":{\"@id\":\"https:\\\/\\\/admittanceeducation.com\\\/tr\\\/hizmetler\\\/universiteler\\\/universite-ziyaretleri\\\/ie-universitesi-madrid-segovia-ispanya\\\/#primaryimage\"},\"thumbnailUrl\":\"https:\\\/\\\/admittanceeducation.com\\\/wp-content\\\/uploads\\\/2025\\\/05\\\/IE_HERO.png\",\"datePublished\":\"2025-05-27T23:12:34+00:00\",\"dateModified\":\"2026-03-27T11:34:58+00:00\",\"description\":\"IE \u00dcniversitesi'ni Madrid ve Segovia, \u0130spanya'da programlar\u0131, kabulleri, uluslararas\u0131 \u00f6\u011frencileri ve kariyer sonu\u00e7lar\u0131 dahil olmak \u00fczere ke\u015ffedin.\",\"breadcrumb\":{\"@id\":\"https:\\\/\\\/admittanceeducation.com\\\/tr\\\/hizmetler\\\/universiteler\\\/universite-ziyaretleri\\\/ie-universitesi-madrid-segovia-ispanya\\\/#breadcrumb\"},\"inLanguage\":\"tr-TR\",\"potentialAction\":[{\"@type\":\"ReadAction\",\"target\":[\"https:\\\/\\\/admittanceeducation.com\\\/tr\\\/hizmetler\\\/universiteler\\\/universite-ziyaretleri\\\/ie-universitesi-madrid-segovia-ispanya\\\/\"]}]},{\"@type\":\"ImageObject\",\"inLanguage\":\"tr-TR\",\"@id\":\"https:\\\/\\\/admittanceeducation.com\\\/tr\\\/hizmetler\\\/universiteler\\\/universite-ziyaretleri\\\/ie-universitesi-madrid-segovia-ispanya\\\/#primaryimage\",\"url\":\"https:\\\/\\\/admittanceeducation.com\\\/wp-content\\\/uploads\\\/2025\\\/05\\\/IE_HERO.png\",\"contentUrl\":\"https:\\\/\\\/admittanceeducation.com\\\/wp-content\\\/uploads\\\/2025\\\/05\\\/IE_HERO.png\",\"width\":1920,\"height\":600,\"caption\":\"IE \u00dcniversitesi Madrid Segovia \u0130spanya\"},{\"@type\":\"BreadcrumbList\",\"@id\":\"https:\\\/\\\/admittanceeducation.com\\\/tr\\\/hizmetler\\\/universiteler\\\/universite-ziyaretleri\\\/ie-universitesi-madrid-segovia-ispanya\\\/#breadcrumb\",\"itemListElement\":[{\"@type\":\"ListItem\",\"position\":1,\"name\":\"Home\",\"item\":\"https:\\\/\\\/admittanceeducation.com\\\/tr\\\/\"},{\"@type\":\"ListItem\",\"position\":2,\"name\":\"Hizmetler\",\"item\":\"https:\\\/\\\/admittanceeducation.com\\\/tr\\\/hizmetler\\\/\"},{\"@type\":\"ListItem\",\"position\":3,\"name\":\"\u00dcniversiteler\",\"item\":\"https:\\\/\\\/admittanceeducation.com\\\/tr\\\/hizmetler\\\/universiteler\\\/\"},{\"@type\":\"ListItem\",\"position\":4,\"name\":\"\u00dcniversite Ziyaretleri\",\"item\":\"https:\\\/\\\/admittanceeducation.com\\\/tr\\\/hizmetler\\\/universiteler\\\/universite-ziyaretleri\\\/\"},{\"@type\":\"ListItem\",\"position\":5,\"name\":\"IE \u00dcniversitesi \u2013 Madrid &amp; Segovia, \u0130spanya\"}]},{\"@type\":\"WebSite\",\"@id\":\"https:\\\/\\\/admittanceeducation.com\\\/tr\\\/#website\",\"url\":\"https:\\\/\\\/admittanceeducation.com\\\/tr\\\/\",\"name\":\"Admittance Education\",\"description\":\"Helping Students Study Abroad\",\"publisher\":{\"@id\":\"https:\\\/\\\/admittanceeducation.com\\\/tr\\\/#organization\"},\"potentialAction\":[{\"@type\":\"SearchAction\",\"target\":{\"@type\":\"EntryPoint\",\"urlTemplate\":\"https:\\\/\\\/admittanceeducation.com\\\/tr\\\/?s={search_term_string}\"},\"query-input\":{\"@type\":\"PropertyValueSpecification\",\"valueRequired\":true,\"valueName\":\"search_term_string\"}}],\"inLanguage\":\"tr-TR\"},{\"@type\":\"Organization\",\"@id\":\"https:\\\/\\\/admittanceeducation.com\\\/tr\\\/#organization\",\"name\":\"Admittance Education\",\"url\":\"https:\\\/\\\/admittanceeducation.com\\\/tr\\\/\",\"logo\":{\"@type\":\"ImageObject\",\"inLanguage\":\"tr-TR\",\"@id\":\"https:\\\/\\\/admittanceeducation.com\\\/tr\\\/#\\\/schema\\\/logo\\\/image\\\/\",\"url\":\"https:\\\/\\\/admittanceeducation.com\\\/wp-content\\\/uploads\\\/2026\\\/03\\\/Admittance-Education-Logo-Black.webp\",\"contentUrl\":\"https:\\\/\\\/admittanceeducation.com\\\/wp-content\\\/uploads\\\/2026\\\/03\\\/Admittance-Education-Logo-Black.webp\",\"width\":1500,\"height\":604,\"caption\":\"Admittance Education\"},\"image\":{\"@id\":\"https:\\\/\\\/admittanceeducation.com\\\/tr\\\/#\\\/schema\\\/logo\\\/image\\\/\"},\"sameAs\":[\"https:\\\/\\\/www.facebook.com\\\/admittanceeducation\\\/\",\"https:\\\/\\\/www.youtube.com\\\/channel\\\/UCfyMGWjBHhVokvApn3twRsQ\",\"https:\\\/\\\/www.instagram.com\\\/admittanceeducation\\\/\",\"https:\\\/\\\/www.linkedin.com\\\/company\\\/admittance-education\\\/\"]}]}<\/script>\n<!-- \/ Yoast SEO plugin. -->","yoast_head_json":{"title":"IE \u00dcniversitesi \u2013 Madrid &amp; Segovia, \u0130spanya - Admittance Education","description":"IE \u00dcniversitesi'ni Madrid ve Segovia, \u0130spanya'da programlar\u0131, kabulleri, uluslararas\u0131 \u00f6\u011frencileri ve kariyer sonu\u00e7lar\u0131 dahil olmak \u00fczere ke\u015ffedin.","robots":{"index":"index","follow":"follow","max-snippet":"max-snippet:-1","max-image-preview":"max-image-preview:large","max-video-preview":"max-video-preview:-1"},"canonical":"https:\/\/admittanceeducation.com\/tr\/hizmetler\/universiteler\/universite-ziyaretleri\/ie-universitesi-madrid-segovia-ispanya\/","og_locale":"tr_TR","og_type":"article","og_title":"IE \u00dcniversitesi \u2013 Madrid &amp; Segovia, \u0130spanya - Admittance Education","og_description":"IE \u00dcniversitesi'ni Madrid ve Segovia, \u0130spanya'da programlar\u0131, kabulleri, uluslararas\u0131 \u00f6\u011frencileri ve kariyer sonu\u00e7lar\u0131 dahil olmak \u00fczere ke\u015ffedin.","og_url":"https:\/\/admittanceeducation.com\/tr\/hizmetler\/universiteler\/universite-ziyaretleri\/ie-universitesi-madrid-segovia-ispanya\/","og_site_name":"Admittance Education","article_publisher":"https:\/\/www.facebook.com\/admittanceeducation\/","article_modified_time":"2026-03-27T11:34:58+00:00","og_image":[{"width":1920,"height":600,"url":"https:\/\/admittanceeducation.com\/wp-content\/uploads\/2025\/05\/IE_HERO.png","type":"image\/png"}],"twitter_card":"summary_large_image","twitter_misc":{"Est. reading time":"4 minutes"},"schema":{"@context":"https:\/\/schema.org","@graph":[{"@type":"WebPage","@id":"https:\/\/admittanceeducation.com\/tr\/hizmetler\/universiteler\/universite-ziyaretleri\/ie-universitesi-madrid-segovia-ispanya\/","url":"https:\/\/admittanceeducation.com\/tr\/hizmetler\/universiteler\/universite-ziyaretleri\/ie-universitesi-madrid-segovia-ispanya\/","name":"IE \u00dcniversitesi \u2013 Madrid &amp; Segovia, \u0130spanya - Admittance Education","isPartOf":{"@id":"https:\/\/admittanceeducation.com\/tr\/#website"},"primaryImageOfPage":{"@id":"https:\/\/admittanceeducation.com\/tr\/hizmetler\/universiteler\/universite-ziyaretleri\/ie-universitesi-madrid-segovia-ispanya\/#primaryimage"},"image":{"@id":"https:\/\/admittanceeducation.com\/tr\/hizmetler\/universiteler\/universite-ziyaretleri\/ie-universitesi-madrid-segovia-ispanya\/#primaryimage"},"thumbnailUrl":"https:\/\/admittanceeducation.com\/wp-content\/uploads\/2025\/05\/IE_HERO.png","datePublished":"2025-05-27T23:12:34+00:00","dateModified":"2026-03-27T11:34:58+00:00","description":"IE \u00dcniversitesi'ni Madrid ve Segovia, \u0130spanya'da programlar\u0131, kabulleri, uluslararas\u0131 \u00f6\u011frencileri ve kariyer sonu\u00e7lar\u0131 dahil olmak \u00fczere ke\u015ffedin.","breadcrumb":{"@id":"https:\/\/admittanceeducation.com\/tr\/hizmetler\/universiteler\/universite-ziyaretleri\/ie-universitesi-madrid-segovia-ispanya\/#breadcrumb"},"inLanguage":"tr-TR","potentialAction":[{"@type":"ReadAction","target":["https:\/\/admittanceeducation.com\/tr\/hizmetler\/universiteler\/universite-ziyaretleri\/ie-universitesi-madrid-segovia-ispanya\/"]}]},{"@type":"ImageObject","inLanguage":"tr-TR","@id":"https:\/\/admittanceeducation.com\/tr\/hizmetler\/universiteler\/universite-ziyaretleri\/ie-universitesi-madrid-segovia-ispanya\/#primaryimage","url":"https:\/\/admittanceeducation.com\/wp-content\/uploads\/2025\/05\/IE_HERO.png","contentUrl":"https:\/\/admittanceeducation.com\/wp-content\/uploads\/2025\/05\/IE_HERO.png","width":1920,"height":600,"caption":"IE \u00dcniversitesi Madrid Segovia \u0130spanya"},{"@type":"BreadcrumbList","@id":"https:\/\/admittanceeducation.com\/tr\/hizmetler\/universiteler\/universite-ziyaretleri\/ie-universitesi-madrid-segovia-ispanya\/#breadcrumb","itemListElement":[{"@type":"ListItem","position":1,"name":"Home","item":"https:\/\/admittanceeducation.com\/tr\/"},{"@type":"ListItem","position":2,"name":"Hizmetler","item":"https:\/\/admittanceeducation.com\/tr\/hizmetler\/"},{"@type":"ListItem","position":3,"name":"\u00dcniversiteler","item":"https:\/\/admittanceeducation.com\/tr\/hizmetler\/universiteler\/"},{"@type":"ListItem","position":4,"name":"\u00dcniversite Ziyaretleri","item":"https:\/\/admittanceeducation.com\/tr\/hizmetler\/universiteler\/universite-ziyaretleri\/"},{"@type":"ListItem","position":5,"name":"IE \u00dcniversitesi \u2013 Madrid &amp; Segovia, \u0130spanya"}]},{"@type":"WebSite","@id":"https:\/\/admittanceeducation.com\/tr\/#website","url":"https:\/\/admittanceeducation.com\/tr\/","name":"Admittance Education","description":"Helping Students Study Abroad","publisher":{"@id":"https:\/\/admittanceeducation.com\/tr\/#organization"},"potentialAction":[{"@type":"SearchAction","target":{"@type":"EntryPoint","urlTemplate":"https:\/\/admittanceeducation.com\/tr\/?s={search_term_string}"},"query-input":{"@type":"PropertyValueSpecification","valueRequired":true,"valueName":"search_term_string"}}],"inLanguage":"tr-TR"},{"@type":"Organization","@id":"https:\/\/admittanceeducation.com\/tr\/#organization","name":"Admittance Education","url":"https:\/\/admittanceeducation.com\/tr\/","logo":{"@type":"ImageObject","inLanguage":"tr-TR","@id":"https:\/\/admittanceeducation.com\/tr\/#\/schema\/logo\/image\/","url":"https:\/\/admittanceeducation.com\/wp-content\/uploads\/2026\/03\/Admittance-Education-Logo-Black.webp","contentUrl":"https:\/\/admittanceeducation.com\/wp-content\/uploads\/2026\/03\/Admittance-Education-Logo-Black.webp","width":1500,"height":604,"caption":"Admittance Education"},"image":{"@id":"https:\/\/admittanceeducation.com\/tr\/#\/schema\/logo\/image\/"},"sameAs":["https:\/\/www.facebook.com\/admittanceeducation\/","https:\/\/www.youtube.com\/channel\/UCfyMGWjBHhVokvApn3twRsQ","https:\/\/www.instagram.com\/admittanceeducation\/","https:\/\/www.linkedin.com\/company\/admittance-education\/"]}]}},"_links":{"self":[{"href":"https:\/\/admittanceeducation.com\/tr\/wp-json\/wp\/v2\/pages\/2323","targetHints":{"allow":["GET"]}}],"collection":[{"href":"https:\/\/admittanceeducation.com\/tr\/wp-json\/wp\/v2\/pages"}],"about":[{"href":"https:\/\/admittanceeducation.com\/tr\/wp-json\/wp\/v2\/types\/page"}],"author":[{"embeddable":true,"href":"https:\/\/admittanceeducation.com\/tr\/wp-json\/wp\/v2\/users\/1"}],"replies":[{"embeddable":true,"href":"https:\/\/admittanceeducation.com\/tr\/wp-json\/wp\/v2\/comments?post=2323"}],"version-history":[{"count":1,"href":"https:\/\/admittanceeducation.com\/tr\/wp-json\/wp\/v2\/pages\/2323\/revisions"}],"predecessor-version":[{"id":2324,"href":"https:\/\/admittanceeducation.com\/tr\/wp-json\/wp\/v2\/pages\/2323\/revisions\/2324"}],"up":[{"embeddable":true,"href":"https:\/\/admittanceeducation.com\/tr\/wp-json\/wp\/v2\/pages\/2004"}],"wp:featuredmedia":[{"embeddable":true,"href":"https:\/\/admittanceeducation.com\/tr\/wp-json\/wp\/v2\/media\/2322"}],"wp:attachment":[{"href":"https:\/\/admittanceeducation.com\/tr\/wp-json\/wp\/v2\/media?parent=2323"}],"curies":[{"name":"wp","href":"https:\/\/api.w.org\/{rel}","templated":true}]}}