{"id":2320,"date":"2025-06-06T17:25:22","date_gmt":"2025-06-06T17:25:22","guid":{"rendered":"https:\/\/admittanceeducation.com\/hizmetler\/universiteler\/universite-ziyaretleri\/parsons-paris-paris-fransa\/"},"modified":"2026-03-27T11:34:12","modified_gmt":"2026-03-27T11:34:12","slug":"parsons-paris-paris-fransa","status":"publish","type":"page","link":"https:\/\/admittanceeducation.com\/tr\/hizmetler\/universiteler\/universite-ziyaretleri\/parsons-paris-paris-fransa\/","title":{"rendered":"Parsons Paris \u2013 Paris, Fransa"},"content":{"rendered":"\t\t<div data-elementor-type=\"wp-page\" data-elementor-id=\"2320\" class=\"elementor elementor-2320 elementor-909\" data-elementor-post-type=\"page\">\n\t\t\t\t<div class=\"elementor-element elementor-element-65d53c7 e-flex e-con-boxed e-con e-parent\" data-id=\"65d53c7\" data-element_type=\"container\" data-e-type=\"container\" data-settings=\"{&quot;background_background&quot;:&quot;classic&quot;}\">\n\t\t\t\t\t<div class=\"e-con-inner\">\n\t\t<div class=\"elementor-element elementor-element-a381a6c e-con-full e-flex e-con e-child\" data-id=\"a381a6c\" data-element_type=\"container\" data-e-type=\"container\">\n\t\t\t\t<div class=\"elementor-element elementor-element-dc5ce03 elementor-widget elementor-widget-heading\" data-id=\"dc5ce03\" data-element_type=\"widget\" data-e-type=\"widget\" data-widget_type=\"heading.default\">\n\t\t\t\t\t<h1 class=\"elementor-heading-title elementor-size-default\">Parsons Paris \u2013 Paris, Fransa<\/h1>\t\t\t\t<\/div>\n\t\t\t\t<\/div>\n\t\t\t\t\t<\/div>\n\t\t\t\t<\/div>\n\t\t<div class=\"elementor-element elementor-element-f3f7231 e-flex e-con-boxed e-con e-parent\" data-id=\"f3f7231\" data-element_type=\"container\" data-e-type=\"container\">\n\t\t\t\t\t<div class=\"e-con-inner\">\n\t\t\t\t<div class=\"elementor-element elementor-element-6c93b71 elementor-widget elementor-widget-heading\" data-id=\"6c93b71\" data-element_type=\"widget\" data-e-type=\"widget\" data-widget_type=\"heading.default\">\n\t\t\t\t\t<h2 class=\"elementor-heading-title elementor-size-default\">Genel Bak\u0131\u015f<\/h2>\t\t\t\t<\/div>\n\t\t\t\t<div class=\"elementor-element elementor-element-412bfdf elementor-widget elementor-widget-text-editor\" data-id=\"412bfdf\" data-element_type=\"widget\" data-e-type=\"widget\" data-widget_type=\"text-editor.default\">\n\t\t\t\t\t\t\t\t\t<p><span class=\"relative -mx-px my-[-0.2rem] rounded px-px py-[0.2rem] transition-colors duration-100 ease-in-out\">1921&#8217;de kurulan <a href=\"https:\/\/www.newschool.edu\/parsons-paris\/\">Parsons Paris<\/a>, New York City&#8217;deki The New School&#8217;un bir par\u00e7as\u0131 olan \u00fcnl\u00fc <a href=\"https:\/\/www.newschool.edu\/parsons\/\">Parsons School of Design<\/a>&#8216;\u0131n Avrupa \u015fubesidir.<\/span> <span class=\"relative -mx-px my-[-0.2rem] rounded px-px py-[0.2rem] transition-colors duration-100 ease-in-out\">Paris&#8217;in kalbinde yer alan kamp\u00fcs, yarat\u0131c\u0131l\u0131\u011f\u0131 ele\u015ftirel d\u00fc\u015f\u00fcnmeyle birle\u015ftiren disiplinleraras\u0131 bir e\u011fitim sunmaktad\u0131r.<\/span> <span class=\"relative -mx-px my-[-0.2rem] rounded px-px py-[0.2rem] transition-colors duration-100 ease-in-out\">Parsons Paris, Orta Atlantik Y\u00fcksek \u00d6\u011frenim Komisyonu (MSCHE) taraf\u0131ndan akredite edilmi\u015f olup, Fransa E\u011fitim Bakanl\u0131\u011f\u0131 taraf\u0131ndan tan\u0131nmaktad\u0131r.<\/span><\/p>\t\t\t\t\t\t\t\t<\/div>\n\t\t\t\t<div class=\"elementor-element elementor-element-57da4f4 elementor-widget elementor-widget-heading\" data-id=\"57da4f4\" data-element_type=\"widget\" data-e-type=\"widget\" data-widget_type=\"heading.default\">\n\t\t\t\t\t<h2 class=\"elementor-heading-title elementor-size-default\">Programlar ve Ana Dallar<\/h2>\t\t\t\t<\/div>\n\t\t\t\t<div class=\"elementor-element elementor-element-2887d26 elementor-widget elementor-widget-text-editor\" data-id=\"2887d26\" data-element_type=\"widget\" data-e-type=\"widget\" data-widget_type=\"text-editor.default\">\n\t\t\t\t\t\t\t\t\t<p data-start=\"319\" data-end=\"346\"><a href=\"https:\/\/www.newschool.edu\/parsons-paris\/undergraduate\/\"><strong data-start=\"319\" data-end=\"346\">Lisans Programlar\u0131:<\/strong><\/a><\/p><ul data-start=\"348\" data-end=\"512\"><li data-start=\"348\" data-end=\"389\"><p data-start=\"350\" data-end=\"389\"><span class=\"relative -mx-px my-[-0.2rem] rounded px-px py-[0.2rem] transition-colors duration-100 ease-in-out\">Sanat, Medya ve Teknoloji Lisans Program\u0131 (BFA)<\/span><\/p><\/li><li data-start=\"390\" data-end=\"431\"><p data-start=\"392\" data-end=\"431\"><span class=\"relative -mx-px my-[-0.2rem] rounded px-px py-[0.2rem] transition-colors duration-100 ease-in-out\">Moda Tasar\u0131m\u0131 Lisans Program\u0131 (BFA)<\/span><\/p><\/li><li data-start=\"432\" data-end=\"512\"><p data-start=\"434\" data-end=\"512\"><span class=\"relative -mx-px my-[-0.2rem] rounded px-px py-[0.2rem] transition-colors duration-100 ease-in-out\">Stratejik Tasar\u0131m ve Y\u00f6netim Lisans Program\u0131 (BBA)<\/span><\/p><\/li><\/ul><p data-start=\"514\" data-end=\"632\"><span class=\"relative -mx-px my-[-0.2rem] rounded px-px py-[0.2rem] transition-colors duration-100 ease-in-out\">T\u00fcm lisans programlar\u0131 \u0130ngilizce olarak verilmekte olup, liberal sanatlar kredisi i\u00e7in Frans\u0131zca dil kurslar\u0131na kaydolma f\u0131rsatlar\u0131 sunulmaktad\u0131r.<\/span> <\/p><p data-start=\"634\" data-end=\"656\"><a href=\"https:\/\/www.newschool.edu\/parsons-paris\/graduate\/\"><strong>Y\u00fcksek Lisans Programlar\u0131:<\/strong><\/a><\/p><ul data-start=\"658\" data-end=\"822\"><li data-start=\"658\" data-end=\"699\"><p data-start=\"660\" data-end=\"699\"><span class=\"relative -mx-px my-[-0.2rem] rounded px-px py-[0.2rem] transition-colors duration-100 ease-in-out\">Moda Tasar\u0131m\u0131 ve Sanatlar\u0131 Y\u00fcksek Lisans Program\u0131 (MFA)<\/span><\/p><\/li><li data-start=\"700\" data-end=\"741\"><p data-start=\"702\" data-end=\"741\"><span class=\"relative -mx-px my-[-0.2rem] rounded px-px py-[0.2rem] transition-colors duration-100 ease-in-out\">Moda \u00c7al\u0131\u015fmalar\u0131 Y\u00fcksek Lisans Program\u0131 (MA)<\/span><\/p><\/li><li data-start=\"742\" data-end=\"822\"><p data-start=\"744\" data-end=\"822\"><span class=\"relative -mx-px my-[-0.2rem] rounded px-px py-[0.2rem] transition-colors duration-100 ease-in-out\">K\u00fcresel Liderlik i\u00e7in Stratejik Tasar\u0131m Y\u00fcksek Lisans Program\u0131 (MS)<\/span><\/p><\/li><\/ul><p data-start=\"824\" data-end=\"942\"><span class=\"relative -mx-px my-[-0.2rem] rounded px-px py-[0.2rem] transition-colors duration-100 ease-in-out\">Bu programlar, \u00f6\u011frencileri ara\u015ft\u0131rma, sanatsal ve analitik becerilerle donatarak profesyonel kariyerlere ve ileri d\u00fczey \u00e7al\u0131\u015fmalara haz\u0131rlamaktad\u0131r.<\/span><\/p>\t\t\t\t\t\t\t\t<\/div>\n\t\t\t\t<div class=\"elementor-element elementor-element-eeed89e elementor-widget elementor-widget-text-editor\" data-id=\"eeed89e\" data-element_type=\"widget\" data-e-type=\"widget\" data-widget_type=\"text-editor.default\">\n\t\t\t\t\t\t\t\t\t<p data-start=\"3043\" data-end=\"3125\">Paris&#8217;in 1. b\u00f6lgesinde yer alan Parsons Paris, \u00f6\u011frencilere m\u00fczeler, galeriler ve moda evleri dahil olmak \u00fczere canl\u0131 bir k\u00fclt\u00fcrel ortama eri\u015fim sa\u011flamaktad\u0131r. Kamp\u00fcs, i\u015fbirli\u011fini ve yarat\u0131c\u0131l\u0131\u011f\u0131 te\u015fvik eden s\u0131k\u0131 bir topluluk ortam\u0131 sunar. <\/p>\t\t\t\t\t\t\t\t<\/div>\n\t\t\t\t\t<\/div>\n\t\t\t\t<\/div>\n\t\t<div class=\"elementor-element elementor-element-4ed2358 e-flex e-con-boxed e-con e-parent\" data-id=\"4ed2358\" data-element_type=\"container\" data-e-type=\"container\">\n\t\t\t\t\t<div class=\"e-con-inner\">\n\t\t\t\t\t<\/div>\n\t\t\t\t<\/div>\n\t\t\t\t<\/div>\n\t\t","protected":false},"excerpt":{"rendered":"<p>Parsons Paris \u2013 Paris, Fransa Genel Bak\u0131\u015f 1921&#8217;de kurulan Parsons Paris, New York City&#8217;deki The New School&#8217;un bir par\u00e7as\u0131 olan \u00fcnl\u00fc Parsons School of Design&#8216;\u0131n Avrupa \u015fubesidir. Paris&#8217;in kalbinde yer alan kamp\u00fcs, yarat\u0131c\u0131l\u0131\u011f\u0131 ele\u015ftirel d\u00fc\u015f\u00fcnmeyle birle\u015ftiren disiplinleraras\u0131 bir e\u011fitim sunmaktad\u0131r. Parsons Paris, Orta Atlantik Y\u00fcksek \u00d6\u011frenim Komisyonu (MSCHE) taraf\u0131ndan akredite edilmi\u015f olup, Fransa E\u011fitim Bakanl\u0131\u011f\u0131 [&hellip;]<\/p>\n","protected":false},"author":1,"featured_media":1992,"parent":2004,"menu_order":0,"comment_status":"closed","ping_status":"closed","template":"","meta":{"_acf_changed":false,"nf_dc_page":"","footnotes":""},"class_list":["post-2320","page","type-page","status-publish","has-post-thumbnail","hentry"],"acf":[],"yoast_head":"<!-- This site is optimized with the Yoast SEO plugin v27.4 - https:\/\/yoast.com\/product\/yoast-seo-wordpress\/ -->\n<title>Parsons Paris \u2013 Paris, Fransa - Admittance Education<\/title>\n<meta name=\"description\" content=\"Fransa&#039;daki Parsons Paris&#039;i, \u0130ngilizce e\u011fitim verilen programlar\u0131, moda ve tasar\u0131m derecelerini ve \u00f6\u011frenci f\u0131rsatlar\u0131n\u0131 ke\u015ffedin.\" \/>\n<meta name=\"robots\" content=\"index, follow, max-snippet:-1, max-image-preview:large, max-video-preview:-1\" \/>\n<link rel=\"canonical\" href=\"https:\/\/admittanceeducation.com\/tr\/hizmetler\/universiteler\/universite-ziyaretleri\/parsons-paris-paris-fransa\/\" \/>\n<meta property=\"og:locale\" content=\"tr_TR\" \/>\n<meta property=\"og:type\" content=\"article\" \/>\n<meta property=\"og:title\" content=\"Parsons Paris \u2013 Paris, Fransa - Admittance Education\" \/>\n<meta property=\"og:description\" content=\"Fransa&#039;daki Parsons Paris&#039;i, \u0130ngilizce e\u011fitim verilen programlar\u0131, moda ve tasar\u0131m derecelerini ve \u00f6\u011frenci f\u0131rsatlar\u0131n\u0131 ke\u015ffedin.\" \/>\n<meta property=\"og:url\" content=\"https:\/\/admittanceeducation.com\/tr\/hizmetler\/universiteler\/universite-ziyaretleri\/parsons-paris-paris-fransa\/\" \/>\n<meta property=\"og:site_name\" content=\"Admittance Education\" \/>\n<meta property=\"article:publisher\" content=\"https:\/\/www.facebook.com\/admittanceeducation\/\" \/>\n<meta property=\"article:modified_time\" content=\"2026-03-27T11:34:12+00:00\" \/>\n<meta property=\"og:image\" content=\"https:\/\/admittanceeducation.com\/wp-content\/uploads\/2025\/03\/Parsons-Paris.jpg\" \/>\n\t<meta property=\"og:image:width\" content=\"1200\" \/>\n\t<meta property=\"og:image:height\" content=\"800\" \/>\n\t<meta property=\"og:image:type\" content=\"image\/jpeg\" \/>\n<meta name=\"twitter:card\" content=\"summary_large_image\" \/>\n<meta name=\"twitter:label1\" content=\"Est. reading time\" \/>\n\t<meta name=\"twitter:data1\" content=\"1 minute\" \/>\n<script type=\"application\/ld+json\" class=\"yoast-schema-graph\">{\"@context\":\"https:\\\/\\\/schema.org\",\"@graph\":[{\"@type\":\"WebPage\",\"@id\":\"https:\\\/\\\/admittanceeducation.com\\\/tr\\\/hizmetler\\\/universiteler\\\/universite-ziyaretleri\\\/parsons-paris-paris-fransa\\\/\",\"url\":\"https:\\\/\\\/admittanceeducation.com\\\/tr\\\/hizmetler\\\/universiteler\\\/universite-ziyaretleri\\\/parsons-paris-paris-fransa\\\/\",\"name\":\"Parsons Paris \u2013 Paris, Fransa - Admittance Education\",\"isPartOf\":{\"@id\":\"https:\\\/\\\/admittanceeducation.com\\\/tr\\\/#website\"},\"primaryImageOfPage\":{\"@id\":\"https:\\\/\\\/admittanceeducation.com\\\/tr\\\/hizmetler\\\/universiteler\\\/universite-ziyaretleri\\\/parsons-paris-paris-fransa\\\/#primaryimage\"},\"image\":{\"@id\":\"https:\\\/\\\/admittanceeducation.com\\\/tr\\\/hizmetler\\\/universiteler\\\/universite-ziyaretleri\\\/parsons-paris-paris-fransa\\\/#primaryimage\"},\"thumbnailUrl\":\"https:\\\/\\\/admittanceeducation.com\\\/wp-content\\\/uploads\\\/2025\\\/03\\\/Parsons-Paris.jpg\",\"datePublished\":\"2025-06-06T17:25:22+00:00\",\"dateModified\":\"2026-03-27T11:34:12+00:00\",\"description\":\"Fransa'daki Parsons Paris'i, \u0130ngilizce e\u011fitim verilen programlar\u0131, moda ve tasar\u0131m derecelerini ve \u00f6\u011frenci f\u0131rsatlar\u0131n\u0131 ke\u015ffedin.\",\"breadcrumb\":{\"@id\":\"https:\\\/\\\/admittanceeducation.com\\\/tr\\\/hizmetler\\\/universiteler\\\/universite-ziyaretleri\\\/parsons-paris-paris-fransa\\\/#breadcrumb\"},\"inLanguage\":\"tr-TR\",\"potentialAction\":[{\"@type\":\"ReadAction\",\"target\":[\"https:\\\/\\\/admittanceeducation.com\\\/tr\\\/hizmetler\\\/universiteler\\\/universite-ziyaretleri\\\/parsons-paris-paris-fransa\\\/\"]}]},{\"@type\":\"ImageObject\",\"inLanguage\":\"tr-TR\",\"@id\":\"https:\\\/\\\/admittanceeducation.com\\\/tr\\\/hizmetler\\\/universiteler\\\/universite-ziyaretleri\\\/parsons-paris-paris-fransa\\\/#primaryimage\",\"url\":\"https:\\\/\\\/admittanceeducation.com\\\/wp-content\\\/uploads\\\/2025\\\/03\\\/Parsons-Paris.jpg\",\"contentUrl\":\"https:\\\/\\\/admittanceeducation.com\\\/wp-content\\\/uploads\\\/2025\\\/03\\\/Parsons-Paris.jpg\",\"width\":1200,\"height\":800,\"caption\":\"Parsons Paris\"},{\"@type\":\"BreadcrumbList\",\"@id\":\"https:\\\/\\\/admittanceeducation.com\\\/tr\\\/hizmetler\\\/universiteler\\\/universite-ziyaretleri\\\/parsons-paris-paris-fransa\\\/#breadcrumb\",\"itemListElement\":[{\"@type\":\"ListItem\",\"position\":1,\"name\":\"Home\",\"item\":\"https:\\\/\\\/admittanceeducation.com\\\/tr\\\/\"},{\"@type\":\"ListItem\",\"position\":2,\"name\":\"Hizmetler\",\"item\":\"https:\\\/\\\/admittanceeducation.com\\\/tr\\\/hizmetler\\\/\"},{\"@type\":\"ListItem\",\"position\":3,\"name\":\"\u00dcniversiteler\",\"item\":\"https:\\\/\\\/admittanceeducation.com\\\/tr\\\/hizmetler\\\/universiteler\\\/\"},{\"@type\":\"ListItem\",\"position\":4,\"name\":\"\u00dcniversite Ziyaretleri\",\"item\":\"https:\\\/\\\/admittanceeducation.com\\\/tr\\\/hizmetler\\\/universiteler\\\/universite-ziyaretleri\\\/\"},{\"@type\":\"ListItem\",\"position\":5,\"name\":\"Parsons Paris \u2013 Paris, Fransa\"}]},{\"@type\":\"WebSite\",\"@id\":\"https:\\\/\\\/admittanceeducation.com\\\/tr\\\/#website\",\"url\":\"https:\\\/\\\/admittanceeducation.com\\\/tr\\\/\",\"name\":\"Admittance Education\",\"description\":\"Helping Students Study Abroad\",\"publisher\":{\"@id\":\"https:\\\/\\\/admittanceeducation.com\\\/tr\\\/#organization\"},\"potentialAction\":[{\"@type\":\"SearchAction\",\"target\":{\"@type\":\"EntryPoint\",\"urlTemplate\":\"https:\\\/\\\/admittanceeducation.com\\\/tr\\\/?s={search_term_string}\"},\"query-input\":{\"@type\":\"PropertyValueSpecification\",\"valueRequired\":true,\"valueName\":\"search_term_string\"}}],\"inLanguage\":\"tr-TR\"},{\"@type\":\"Organization\",\"@id\":\"https:\\\/\\\/admittanceeducation.com\\\/tr\\\/#organization\",\"name\":\"Admittance Education\",\"url\":\"https:\\\/\\\/admittanceeducation.com\\\/tr\\\/\",\"logo\":{\"@type\":\"ImageObject\",\"inLanguage\":\"tr-TR\",\"@id\":\"https:\\\/\\\/admittanceeducation.com\\\/tr\\\/#\\\/schema\\\/logo\\\/image\\\/\",\"url\":\"https:\\\/\\\/admittanceeducation.com\\\/wp-content\\\/uploads\\\/2026\\\/03\\\/Admittance-Education-Logo-Black.webp\",\"contentUrl\":\"https:\\\/\\\/admittanceeducation.com\\\/wp-content\\\/uploads\\\/2026\\\/03\\\/Admittance-Education-Logo-Black.webp\",\"width\":1500,\"height\":604,\"caption\":\"Admittance Education\"},\"image\":{\"@id\":\"https:\\\/\\\/admittanceeducation.com\\\/tr\\\/#\\\/schema\\\/logo\\\/image\\\/\"},\"sameAs\":[\"https:\\\/\\\/www.facebook.com\\\/admittanceeducation\\\/\",\"https:\\\/\\\/www.youtube.com\\\/channel\\\/UCfyMGWjBHhVokvApn3twRsQ\",\"https:\\\/\\\/www.instagram.com\\\/admittanceeducation\\\/\",\"https:\\\/\\\/www.linkedin.com\\\/company\\\/admittance-education\\\/\"]}]}<\/script>\n<!-- \/ Yoast SEO plugin. -->","yoast_head_json":{"title":"Parsons Paris \u2013 Paris, Fransa - Admittance Education","description":"Fransa'daki Parsons Paris'i, \u0130ngilizce e\u011fitim verilen programlar\u0131, moda ve tasar\u0131m derecelerini ve \u00f6\u011frenci f\u0131rsatlar\u0131n\u0131 ke\u015ffedin.","robots":{"index":"index","follow":"follow","max-snippet":"max-snippet:-1","max-image-preview":"max-image-preview:large","max-video-preview":"max-video-preview:-1"},"canonical":"https:\/\/admittanceeducation.com\/tr\/hizmetler\/universiteler\/universite-ziyaretleri\/parsons-paris-paris-fransa\/","og_locale":"tr_TR","og_type":"article","og_title":"Parsons Paris \u2013 Paris, Fransa - Admittance Education","og_description":"Fransa'daki Parsons Paris'i, \u0130ngilizce e\u011fitim verilen programlar\u0131, moda ve tasar\u0131m derecelerini ve \u00f6\u011frenci f\u0131rsatlar\u0131n\u0131 ke\u015ffedin.","og_url":"https:\/\/admittanceeducation.com\/tr\/hizmetler\/universiteler\/universite-ziyaretleri\/parsons-paris-paris-fransa\/","og_site_name":"Admittance Education","article_publisher":"https:\/\/www.facebook.com\/admittanceeducation\/","article_modified_time":"2026-03-27T11:34:12+00:00","og_image":[{"width":1200,"height":800,"url":"https:\/\/admittanceeducation.com\/wp-content\/uploads\/2025\/03\/Parsons-Paris.jpg","type":"image\/jpeg"}],"twitter_card":"summary_large_image","twitter_misc":{"Est. reading time":"1 minute"},"schema":{"@context":"https:\/\/schema.org","@graph":[{"@type":"WebPage","@id":"https:\/\/admittanceeducation.com\/tr\/hizmetler\/universiteler\/universite-ziyaretleri\/parsons-paris-paris-fransa\/","url":"https:\/\/admittanceeducation.com\/tr\/hizmetler\/universiteler\/universite-ziyaretleri\/parsons-paris-paris-fransa\/","name":"Parsons Paris \u2013 Paris, Fransa - Admittance Education","isPartOf":{"@id":"https:\/\/admittanceeducation.com\/tr\/#website"},"primaryImageOfPage":{"@id":"https:\/\/admittanceeducation.com\/tr\/hizmetler\/universiteler\/universite-ziyaretleri\/parsons-paris-paris-fransa\/#primaryimage"},"image":{"@id":"https:\/\/admittanceeducation.com\/tr\/hizmetler\/universiteler\/universite-ziyaretleri\/parsons-paris-paris-fransa\/#primaryimage"},"thumbnailUrl":"https:\/\/admittanceeducation.com\/wp-content\/uploads\/2025\/03\/Parsons-Paris.jpg","datePublished":"2025-06-06T17:25:22+00:00","dateModified":"2026-03-27T11:34:12+00:00","description":"Fransa'daki Parsons Paris'i, \u0130ngilizce e\u011fitim verilen programlar\u0131, moda ve tasar\u0131m derecelerini ve \u00f6\u011frenci f\u0131rsatlar\u0131n\u0131 ke\u015ffedin.","breadcrumb":{"@id":"https:\/\/admittanceeducation.com\/tr\/hizmetler\/universiteler\/universite-ziyaretleri\/parsons-paris-paris-fransa\/#breadcrumb"},"inLanguage":"tr-TR","potentialAction":[{"@type":"ReadAction","target":["https:\/\/admittanceeducation.com\/tr\/hizmetler\/universiteler\/universite-ziyaretleri\/parsons-paris-paris-fransa\/"]}]},{"@type":"ImageObject","inLanguage":"tr-TR","@id":"https:\/\/admittanceeducation.com\/tr\/hizmetler\/universiteler\/universite-ziyaretleri\/parsons-paris-paris-fransa\/#primaryimage","url":"https:\/\/admittanceeducation.com\/wp-content\/uploads\/2025\/03\/Parsons-Paris.jpg","contentUrl":"https:\/\/admittanceeducation.com\/wp-content\/uploads\/2025\/03\/Parsons-Paris.jpg","width":1200,"height":800,"caption":"Parsons Paris"},{"@type":"BreadcrumbList","@id":"https:\/\/admittanceeducation.com\/tr\/hizmetler\/universiteler\/universite-ziyaretleri\/parsons-paris-paris-fransa\/#breadcrumb","itemListElement":[{"@type":"ListItem","position":1,"name":"Home","item":"https:\/\/admittanceeducation.com\/tr\/"},{"@type":"ListItem","position":2,"name":"Hizmetler","item":"https:\/\/admittanceeducation.com\/tr\/hizmetler\/"},{"@type":"ListItem","position":3,"name":"\u00dcniversiteler","item":"https:\/\/admittanceeducation.com\/tr\/hizmetler\/universiteler\/"},{"@type":"ListItem","position":4,"name":"\u00dcniversite Ziyaretleri","item":"https:\/\/admittanceeducation.com\/tr\/hizmetler\/universiteler\/universite-ziyaretleri\/"},{"@type":"ListItem","position":5,"name":"Parsons Paris \u2013 Paris, Fransa"}]},{"@type":"WebSite","@id":"https:\/\/admittanceeducation.com\/tr\/#website","url":"https:\/\/admittanceeducation.com\/tr\/","name":"Admittance Education","description":"Helping Students Study Abroad","publisher":{"@id":"https:\/\/admittanceeducation.com\/tr\/#organization"},"potentialAction":[{"@type":"SearchAction","target":{"@type":"EntryPoint","urlTemplate":"https:\/\/admittanceeducation.com\/tr\/?s={search_term_string}"},"query-input":{"@type":"PropertyValueSpecification","valueRequired":true,"valueName":"search_term_string"}}],"inLanguage":"tr-TR"},{"@type":"Organization","@id":"https:\/\/admittanceeducation.com\/tr\/#organization","name":"Admittance Education","url":"https:\/\/admittanceeducation.com\/tr\/","logo":{"@type":"ImageObject","inLanguage":"tr-TR","@id":"https:\/\/admittanceeducation.com\/tr\/#\/schema\/logo\/image\/","url":"https:\/\/admittanceeducation.com\/wp-content\/uploads\/2026\/03\/Admittance-Education-Logo-Black.webp","contentUrl":"https:\/\/admittanceeducation.com\/wp-content\/uploads\/2026\/03\/Admittance-Education-Logo-Black.webp","width":1500,"height":604,"caption":"Admittance Education"},"image":{"@id":"https:\/\/admittanceeducation.com\/tr\/#\/schema\/logo\/image\/"},"sameAs":["https:\/\/www.facebook.com\/admittanceeducation\/","https:\/\/www.youtube.com\/channel\/UCfyMGWjBHhVokvApn3twRsQ","https:\/\/www.instagram.com\/admittanceeducation\/","https:\/\/www.linkedin.com\/company\/admittance-education\/"]}]}},"_links":{"self":[{"href":"https:\/\/admittanceeducation.com\/tr\/wp-json\/wp\/v2\/pages\/2320","targetHints":{"allow":["GET"]}}],"collection":[{"href":"https:\/\/admittanceeducation.com\/tr\/wp-json\/wp\/v2\/pages"}],"about":[{"href":"https:\/\/admittanceeducation.com\/tr\/wp-json\/wp\/v2\/types\/page"}],"author":[{"embeddable":true,"href":"https:\/\/admittanceeducation.com\/tr\/wp-json\/wp\/v2\/users\/1"}],"replies":[{"embeddable":true,"href":"https:\/\/admittanceeducation.com\/tr\/wp-json\/wp\/v2\/comments?post=2320"}],"version-history":[{"count":1,"href":"https:\/\/admittanceeducation.com\/tr\/wp-json\/wp\/v2\/pages\/2320\/revisions"}],"predecessor-version":[{"id":2321,"href":"https:\/\/admittanceeducation.com\/tr\/wp-json\/wp\/v2\/pages\/2320\/revisions\/2321"}],"up":[{"embeddable":true,"href":"https:\/\/admittanceeducation.com\/tr\/wp-json\/wp\/v2\/pages\/2004"}],"wp:featuredmedia":[{"embeddable":true,"href":"https:\/\/admittanceeducation.com\/tr\/wp-json\/wp\/v2\/media\/1992"}],"wp:attachment":[{"href":"https:\/\/admittanceeducation.com\/tr\/wp-json\/wp\/v2\/media?parent=2320"}],"curies":[{"name":"wp","href":"https:\/\/api.w.org\/{rel}","templated":true}]}}