{"id":2317,"date":"2025-06-06T16:31:28","date_gmt":"2025-06-06T16:31:28","guid":{"rendered":"https:\/\/admittanceeducation.com\/hizmetler\/universiteler\/universite-ziyaretleri\/paris-amerikan-universitesi-paris-fransa\/"},"modified":"2026-03-27T11:33:34","modified_gmt":"2026-03-27T11:33:34","slug":"paris-amerikan-universitesi-paris-fransa","status":"publish","type":"page","link":"https:\/\/admittanceeducation.com\/tr\/hizmetler\/universiteler\/universite-ziyaretleri\/paris-amerikan-universitesi-paris-fransa\/","title":{"rendered":"Paris Amerikan \u00dcniversitesi \u2013 Paris, Fransa"},"content":{"rendered":"\t\t<div data-elementor-type=\"wp-page\" data-elementor-id=\"2317\" class=\"elementor elementor-2317 elementor-899\" data-elementor-post-type=\"page\">\n\t\t\t\t<div class=\"elementor-element elementor-element-65d53c7 e-flex e-con-boxed e-con e-parent\" data-id=\"65d53c7\" data-element_type=\"container\" data-e-type=\"container\" data-settings=\"{&quot;background_background&quot;:&quot;classic&quot;}\">\n\t\t\t\t\t<div class=\"e-con-inner\">\n\t\t<div class=\"elementor-element elementor-element-a381a6c e-con-full e-flex e-con e-child\" data-id=\"a381a6c\" data-element_type=\"container\" data-e-type=\"container\">\n\t\t\t\t<div class=\"elementor-element elementor-element-dc5ce03 elementor-widget elementor-widget-heading\" data-id=\"dc5ce03\" data-element_type=\"widget\" data-e-type=\"widget\" data-widget_type=\"heading.default\">\n\t\t\t\t\t<h1 class=\"elementor-heading-title elementor-size-default\">Paris Amerikan \u00dcniversitesi \u2013 Paris, Fransa<\/h1>\t\t\t\t<\/div>\n\t\t\t\t<\/div>\n\t\t\t\t\t<\/div>\n\t\t\t\t<\/div>\n\t\t<div class=\"elementor-element elementor-element-f3f7231 e-flex e-con-boxed e-con e-parent\" data-id=\"f3f7231\" data-element_type=\"container\" data-e-type=\"container\">\n\t\t\t\t\t<div class=\"e-con-inner\">\n\t\t\t\t<div class=\"elementor-element elementor-element-6c93b71 elementor-widget elementor-widget-heading\" data-id=\"6c93b71\" data-element_type=\"widget\" data-e-type=\"widget\" data-widget_type=\"heading.default\">\n\t\t\t\t\t<h2 class=\"elementor-heading-title elementor-size-default\">Genel Bak\u0131\u015f<\/h2>\t\t\t\t<\/div>\n\t\t\t\t<div class=\"elementor-element elementor-element-412bfdf elementor-widget elementor-widget-text-editor\" data-id=\"412bfdf\" data-element_type=\"widget\" data-e-type=\"widget\" data-widget_type=\"text-editor.default\">\n\t\t\t\t\t\t\t\t\t<p><span class=\"relative -mx-px my-[-0.2rem] rounded px-px py-[0.2rem] transition-colors duration-100 ease-in-out\"><a href=\"https:\/\/www.aup.edu\/about\">1962&#8217;de kurulan<\/a> <a href=\"https:\/\/www.aup.edu\/\">Paris Amerikan \u00dcniversitesi<\/a>, Paris&#8217;in 7. b\u00f6lgesinin kalbinde yer alan \u00f6zel, ba\u011f\u0131ms\u0131z bir kurumdur.<\/span> <span class=\"relative -mx-px my-[-0.2rem] rounded px-px py-[0.2rem] transition-colors duration-100 ease-in-out\">Avrupa&#8217;daki en eski Amerikan y\u00fcksek \u00f6\u011frenim kurumu olarak AUP, Amerikan akademik gelene\u011fine dayal\u0131 bir liberal sanatlar e\u011fitimi sunmaktad\u0131r.<\/span> <span class=\"relative -mx-px my-[-0.2rem] rounded px-px py-[0.2rem] bg-[#FCECC1] dark:bg-[#64572A] transition-colors duration-100 ease-in-out\">\u00dcniversite, 100&#8217;den fazla milletten \u00f6\u011frenciyi temsil eden \u00e7e\u015fitlili\u011fe sahip bir \u00f6\u011frenci toplulu\u011funa sahiptir ve k\u00fcresel bir \u00f6\u011frenme ortam\u0131 sa\u011flamaktad\u0131r.<\/span><\/p>\t\t\t\t\t\t\t\t<\/div>\n\t\t\t\t<div class=\"elementor-element elementor-element-57da4f4 elementor-widget elementor-widget-heading\" data-id=\"57da4f4\" data-element_type=\"widget\" data-e-type=\"widget\" data-widget_type=\"heading.default\">\n\t\t\t\t\t<h2 class=\"elementor-heading-title elementor-size-default\">Programlar ve Ana Dallar<\/h2>\t\t\t\t<\/div>\n\t\t\t\t<div class=\"elementor-element elementor-element-2887d26 elementor-widget elementor-widget-text-editor\" data-id=\"2887d26\" data-element_type=\"widget\" data-e-type=\"widget\" data-widget_type=\"text-editor.default\">\n\t\t\t\t\t\t\t\t\t<p data-start=\"319\" data-end=\"346\"><strong data-start=\"319\" data-end=\"346\">Lisans Programlar\u0131:<\/strong><\/p><p data-start=\"348\" data-end=\"426\"><span class=\"relative -mx-px my-[-0.2rem] rounded px-px py-[0.2rem] transition-colors duration-100 ease-in-out\">AUP, \u00e7e\u015fitli disiplinlerde <a href=\"https:\/\/www.aup.edu\/academics\/undergraduate\">25&#8217;ten fazla lisans ana dal\u0131<\/a> sunmaktad\u0131r, bunlar aras\u0131nda:<\/span><\/p><ul data-start=\"428\" data-end=\"802\"><li data-start=\"428\" data-end=\"469\"><p data-start=\"430\" data-end=\"469\"><span class=\"relative -mx-px my-[-0.2rem] rounded px-px py-[0.2rem] transition-colors duration-100 ease-in-out\">Uluslararas\u0131 \u0130\u015fletme Y\u00f6netimi<\/span><\/p><\/li><li data-start=\"470\" data-end=\"511\"><p data-start=\"472\" data-end=\"511\"><span class=\"relative -mx-px my-[-0.2rem] rounded px-px py-[0.2rem] transition-colors duration-100 ease-in-out\">Uluslararas\u0131 ve Kar\u015f\u0131la\u015ft\u0131rmal\u0131 Siyaset<\/span><\/p><\/li><li data-start=\"512\" data-end=\"553\"><p data-start=\"514\" data-end=\"553\"><span class=\"relative -mx-px my-[-0.2rem] rounded px-px py-[0.2rem] transition-colors duration-100 ease-in-out\">K\u00fcresel \u0130leti\u015fim<\/span><\/p><\/li><li data-start=\"554\" data-end=\"595\"><p data-start=\"556\" data-end=\"595\"><span class=\"relative -mx-px my-[-0.2rem] rounded px-px py-[0.2rem] transition-colors duration-100 ease-in-out\">Bilgisayar Bilimleri<\/span><\/p><\/li><li data-start=\"596\" data-end=\"637\"><p data-start=\"598\" data-end=\"637\"><span class=\"relative -mx-px my-[-0.2rem] rounded px-px py-[0.2rem] transition-colors duration-100 ease-in-out\">\u00c7evre Bilimleri<\/span><\/p><\/li><li data-start=\"638\" data-end=\"679\"><p data-start=\"640\" data-end=\"679\"><span class=\"relative -mx-px my-[-0.2rem] rounded px-px py-[0.2rem] transition-colors duration-100 ease-in-out\">Psikoloji<\/span><\/p><\/li><li data-start=\"680\" data-end=\"721\"><p data-start=\"682\" data-end=\"721\"><span class=\"relative -mx-px my-[-0.2rem] rounded px-px py-[0.2rem] transition-colors duration-100 ease-in-out\">Sanat Tarihi<\/span><\/p><\/li><li data-start=\"722\" data-end=\"802\"><p data-start=\"724\" data-end=\"802\"><span class=\"relative -mx-px my-[-0.2rem] rounded px-px py-[0.2rem] transition-colors duration-100 ease-in-out\">Film \u00c7al\u0131\u015fmalar\u0131<\/span><\/p><\/li><\/ul><p data-start=\"804\" data-end=\"922\"><span class=\"relative -mx-px my-[-0.2rem] rounded px-px py-[0.2rem] transition-colors duration-100 ease-in-out\">T\u00fcm lisans programlar\u0131 \u0130ngilizce olarak verilmektedir.<\/span><\/p><p data-start=\"924\" data-end=\"946\"><strong data-start=\"924\" data-end=\"946\">Y\u00fcksek Lisans Programlar\u0131:<\/strong><\/p><p data-start=\"948\" data-end=\"1026\"><span class=\"relative -mx-px my-[-0.2rem] rounded px-px py-[0.2rem] transition-colors duration-100 ease-in-out\">AUP&#8217;nin <a href=\"https:\/\/graduate.aup.edu\/\">lisans\u00fcst\u00fc \u00e7al\u0131\u015fmalar\u0131<\/a> alt\u0131 ana alan\u0131 kapsamaktad\u0131r:<\/span><\/p><ul data-start=\"1028\" data-end=\"1318\"><li data-start=\"1028\" data-end=\"1069\"><p data-start=\"1030\" data-end=\"1069\"><span class=\"relative -mx-px my-[-0.2rem] rounded px-px py-[0.2rem] transition-colors duration-100 ease-in-out\">Diplomasi ve Uluslararas\u0131 Hukuk Y\u00fcksek Lisans\u0131<\/span><\/p><\/li><li data-start=\"1070\" data-end=\"1111\"><p data-start=\"1072\" data-end=\"1111\"><span class=\"relative -mx-px my-[-0.2rem] rounded px-px py-[0.2rem] transition-colors duration-100 ease-in-out\">K\u00fcresel \u0130leti\u015fim Y\u00fcksek Lisans\u0131<\/span><\/p><\/li><li data-start=\"1112\" data-end=\"1153\"><p data-start=\"1114\" data-end=\"1153\"><span class=\"relative -mx-px my-[-0.2rem] rounded px-px py-[0.2rem] transition-colors duration-100 ease-in-out\">Uluslararas\u0131 \u0130li\u015fkiler Y\u00fcksek Lisans\u0131<\/span><\/p><\/li><li data-start=\"1154\" data-end=\"1195\"><p data-start=\"1156\" data-end=\"1195\"><span class=\"relative -mx-px my-[-0.2rem] rounded px-px py-[0.2rem] transition-colors duration-100 ease-in-out\">\u0130nsan Haklar\u0131 ve Veri Bilimi Y\u00fcksek Lisans\u0131<\/span><\/p><\/li><li data-start=\"1196\" data-end=\"1237\"><p data-start=\"1198\" data-end=\"1237\"><span class=\"relative -mx-px my-[-0.2rem] rounded px-px py-[0.2rem] transition-colors duration-100 ease-in-out\">Uluslararas\u0131 Y\u00f6netim Y\u00fcksek Lisans\u0131<\/span><\/p><\/li><li data-start=\"1238\" data-end=\"1318\"><p data-start=\"1240\" data-end=\"1318\"><span class=\"relative -mx-px my-[-0.2rem] rounded px-px py-[0.2rem] transition-colors duration-100 ease-in-out\">Stratejik Marka Y\u00f6netimi Y\u00fcksek Lisans\u0131<\/span><\/p><\/li><\/ul><p data-start=\"1320\" data-end=\"1438\"><span class=\"relative -mx-px my-[-0.2rem] rounded px-px py-[0.2rem] transition-colors duration-100 ease-in-out\">Bu programlar, teorik dersleri pratik uygulamalarla birle\u015ftirerek k\u00fclt\u00fcrleraras\u0131 ve \u00e7a\u011fda\u015f perspektifler sunmak \u00fczere tasarlanm\u0131\u015ft\u0131r.<\/span> <\/p><p data-start=\"1440\" data-end=\"1481\"><strong data-start=\"1440\" data-end=\"1481\">Birle\u015fik Lisans\/Y\u00fcksek Lisans Program\u0131:<\/strong><\/p><p data-start=\"1483\" data-end=\"1601\"><span class=\"relative -mx-px my-[-0.2rem] rounded px-px py-[0.2rem] transition-colors duration-100 ease-in-out\">AUP, \u00f6\u011frencilerin lisans son s\u0131n\u0131flar\u0131nda lisans\u00fcst\u00fc d\u00fczeyde derslere ba\u015flamalar\u0131na olanak tan\u0131yan <a href=\"https:\/\/www.aup.edu\/file\/18961\/download?token=p5fIvmzJ&amp;utm_source=chatgpt.com\">h\u0131zland\u0131r\u0131lm\u0131\u015f bir program<\/a> sunarak her iki derecenin de daha k\u0131sa s\u00fcrede tamamlanmas\u0131n\u0131 sa\u011flamaktad\u0131r.<\/span><\/p>\t\t\t\t\t\t\t\t<\/div>\n\t\t\t\t\t<\/div>\n\t\t\t\t<\/div>\n\t\t\t\t<\/div>\n\t\t","protected":false},"excerpt":{"rendered":"<p>Paris Amerikan \u00dcniversitesi \u2013 Paris, Fransa Genel Bak\u0131\u015f 1962&#8217;de kurulan Paris Amerikan \u00dcniversitesi, Paris&#8217;in 7. b\u00f6lgesinin kalbinde yer alan \u00f6zel, ba\u011f\u0131ms\u0131z bir kurumdur. Avrupa&#8217;daki en eski Amerikan y\u00fcksek \u00f6\u011frenim kurumu olarak AUP, Amerikan akademik gelene\u011fine dayal\u0131 bir liberal sanatlar e\u011fitimi sunmaktad\u0131r. \u00dcniversite, 100&#8217;den fazla milletten \u00f6\u011frenciyi temsil eden \u00e7e\u015fitlili\u011fe sahip bir \u00f6\u011frenci toplulu\u011funa sahiptir ve [&hellip;]<\/p>\n","protected":false},"author":1,"featured_media":2316,"parent":2004,"menu_order":0,"comment_status":"closed","ping_status":"closed","template":"","meta":{"_acf_changed":false,"nf_dc_page":"","footnotes":""},"class_list":["post-2317","page","type-page","status-publish","has-post-thumbnail","hentry"],"acf":[],"yoast_head":"<!-- This site is optimized with the Yoast SEO plugin v27.4 - https:\/\/yoast.com\/product\/yoast-seo-wordpress\/ -->\n<title>Paris Amerikan \u00dcniversitesi \u2013 Paris, Fransa - Admittance Education<\/title>\n<meta name=\"description\" content=\"Paris Amerikan \u00dcniversitesi&#039;ni, liberal sanatlar programlar\u0131n\u0131, kabul ko\u015fullar\u0131n\u0131, k\u00fcresel \u00f6\u011frenimi ve Fransa&#039;daki \u00f6\u011frenci ya\u015fam\u0131n\u0131 ke\u015ffedin.\" \/>\n<meta name=\"robots\" content=\"index, follow, max-snippet:-1, max-image-preview:large, max-video-preview:-1\" \/>\n<link rel=\"canonical\" href=\"https:\/\/admittanceeducation.com\/tr\/hizmetler\/universiteler\/universite-ziyaretleri\/paris-amerikan-universitesi-paris-fransa\/\" \/>\n<meta property=\"og:locale\" content=\"tr_TR\" \/>\n<meta property=\"og:type\" content=\"article\" \/>\n<meta property=\"og:title\" content=\"Paris Amerikan \u00dcniversitesi \u2013 Paris, Fransa - Admittance Education\" \/>\n<meta property=\"og:description\" content=\"Paris Amerikan \u00dcniversitesi&#039;ni, liberal sanatlar programlar\u0131n\u0131, kabul ko\u015fullar\u0131n\u0131, k\u00fcresel \u00f6\u011frenimi ve Fransa&#039;daki \u00f6\u011frenci ya\u015fam\u0131n\u0131 ke\u015ffedin.\" \/>\n<meta property=\"og:url\" content=\"https:\/\/admittanceeducation.com\/tr\/hizmetler\/universiteler\/universite-ziyaretleri\/paris-amerikan-universitesi-paris-fransa\/\" \/>\n<meta property=\"og:site_name\" content=\"Admittance Education\" \/>\n<meta property=\"article:publisher\" content=\"https:\/\/www.facebook.com\/admittanceeducation\/\" \/>\n<meta property=\"article:modified_time\" content=\"2026-03-27T11:33:34+00:00\" \/>\n<meta property=\"og:image\" content=\"https:\/\/admittanceeducation.com\/wp-content\/uploads\/2025\/06\/the-american-universit-of-paris-hero.png\" \/>\n\t<meta property=\"og:image:width\" content=\"1920\" \/>\n\t<meta property=\"og:image:height\" content=\"600\" \/>\n\t<meta property=\"og:image:type\" content=\"image\/png\" \/>\n<meta name=\"twitter:card\" content=\"summary_large_image\" \/>\n<meta name=\"twitter:label1\" content=\"Est. reading time\" \/>\n\t<meta name=\"twitter:data1\" content=\"1 minute\" \/>\n<script type=\"application\/ld+json\" class=\"yoast-schema-graph\">{\"@context\":\"https:\\\/\\\/schema.org\",\"@graph\":[{\"@type\":\"WebPage\",\"@id\":\"https:\\\/\\\/admittanceeducation.com\\\/tr\\\/hizmetler\\\/universiteler\\\/universite-ziyaretleri\\\/paris-amerikan-universitesi-paris-fransa\\\/\",\"url\":\"https:\\\/\\\/admittanceeducation.com\\\/tr\\\/hizmetler\\\/universiteler\\\/universite-ziyaretleri\\\/paris-amerikan-universitesi-paris-fransa\\\/\",\"name\":\"Paris Amerikan \u00dcniversitesi \u2013 Paris, Fransa - Admittance Education\",\"isPartOf\":{\"@id\":\"https:\\\/\\\/admittanceeducation.com\\\/tr\\\/#website\"},\"primaryImageOfPage\":{\"@id\":\"https:\\\/\\\/admittanceeducation.com\\\/tr\\\/hizmetler\\\/universiteler\\\/universite-ziyaretleri\\\/paris-amerikan-universitesi-paris-fransa\\\/#primaryimage\"},\"image\":{\"@id\":\"https:\\\/\\\/admittanceeducation.com\\\/tr\\\/hizmetler\\\/universiteler\\\/universite-ziyaretleri\\\/paris-amerikan-universitesi-paris-fransa\\\/#primaryimage\"},\"thumbnailUrl\":\"https:\\\/\\\/admittanceeducation.com\\\/wp-content\\\/uploads\\\/2025\\\/06\\\/the-american-universit-of-paris-hero.png\",\"datePublished\":\"2025-06-06T16:31:28+00:00\",\"dateModified\":\"2026-03-27T11:33:34+00:00\",\"description\":\"Paris Amerikan \u00dcniversitesi'ni, liberal sanatlar programlar\u0131n\u0131, kabul ko\u015fullar\u0131n\u0131, k\u00fcresel \u00f6\u011frenimi ve Fransa'daki \u00f6\u011frenci ya\u015fam\u0131n\u0131 ke\u015ffedin.\",\"breadcrumb\":{\"@id\":\"https:\\\/\\\/admittanceeducation.com\\\/tr\\\/hizmetler\\\/universiteler\\\/universite-ziyaretleri\\\/paris-amerikan-universitesi-paris-fransa\\\/#breadcrumb\"},\"inLanguage\":\"tr-TR\",\"potentialAction\":[{\"@type\":\"ReadAction\",\"target\":[\"https:\\\/\\\/admittanceeducation.com\\\/tr\\\/hizmetler\\\/universiteler\\\/universite-ziyaretleri\\\/paris-amerikan-universitesi-paris-fransa\\\/\"]}]},{\"@type\":\"ImageObject\",\"inLanguage\":\"tr-TR\",\"@id\":\"https:\\\/\\\/admittanceeducation.com\\\/tr\\\/hizmetler\\\/universiteler\\\/universite-ziyaretleri\\\/paris-amerikan-universitesi-paris-fransa\\\/#primaryimage\",\"url\":\"https:\\\/\\\/admittanceeducation.com\\\/wp-content\\\/uploads\\\/2025\\\/06\\\/the-american-universit-of-paris-hero.png\",\"contentUrl\":\"https:\\\/\\\/admittanceeducation.com\\\/wp-content\\\/uploads\\\/2025\\\/06\\\/the-american-universit-of-paris-hero.png\",\"width\":1920,\"height\":600,\"caption\":\"Paris Amerikan \u00dcniversitesi\"},{\"@type\":\"BreadcrumbList\",\"@id\":\"https:\\\/\\\/admittanceeducation.com\\\/tr\\\/hizmetler\\\/universiteler\\\/universite-ziyaretleri\\\/paris-amerikan-universitesi-paris-fransa\\\/#breadcrumb\",\"itemListElement\":[{\"@type\":\"ListItem\",\"position\":1,\"name\":\"Home\",\"item\":\"https:\\\/\\\/admittanceeducation.com\\\/tr\\\/\"},{\"@type\":\"ListItem\",\"position\":2,\"name\":\"Hizmetler\",\"item\":\"https:\\\/\\\/admittanceeducation.com\\\/tr\\\/hizmetler\\\/\"},{\"@type\":\"ListItem\",\"position\":3,\"name\":\"\u00dcniversiteler\",\"item\":\"https:\\\/\\\/admittanceeducation.com\\\/tr\\\/hizmetler\\\/universiteler\\\/\"},{\"@type\":\"ListItem\",\"position\":4,\"name\":\"\u00dcniversite Ziyaretleri\",\"item\":\"https:\\\/\\\/admittanceeducation.com\\\/tr\\\/hizmetler\\\/universiteler\\\/universite-ziyaretleri\\\/\"},{\"@type\":\"ListItem\",\"position\":5,\"name\":\"Paris Amerikan \u00dcniversitesi \u2013 Paris, Fransa\"}]},{\"@type\":\"WebSite\",\"@id\":\"https:\\\/\\\/admittanceeducation.com\\\/tr\\\/#website\",\"url\":\"https:\\\/\\\/admittanceeducation.com\\\/tr\\\/\",\"name\":\"Admittance Education\",\"description\":\"Helping Students Study Abroad\",\"publisher\":{\"@id\":\"https:\\\/\\\/admittanceeducation.com\\\/tr\\\/#organization\"},\"potentialAction\":[{\"@type\":\"SearchAction\",\"target\":{\"@type\":\"EntryPoint\",\"urlTemplate\":\"https:\\\/\\\/admittanceeducation.com\\\/tr\\\/?s={search_term_string}\"},\"query-input\":{\"@type\":\"PropertyValueSpecification\",\"valueRequired\":true,\"valueName\":\"search_term_string\"}}],\"inLanguage\":\"tr-TR\"},{\"@type\":\"Organization\",\"@id\":\"https:\\\/\\\/admittanceeducation.com\\\/tr\\\/#organization\",\"name\":\"Admittance Education\",\"url\":\"https:\\\/\\\/admittanceeducation.com\\\/tr\\\/\",\"logo\":{\"@type\":\"ImageObject\",\"inLanguage\":\"tr-TR\",\"@id\":\"https:\\\/\\\/admittanceeducation.com\\\/tr\\\/#\\\/schema\\\/logo\\\/image\\\/\",\"url\":\"https:\\\/\\\/admittanceeducation.com\\\/wp-content\\\/uploads\\\/2026\\\/03\\\/Admittance-Education-Logo-Black.webp\",\"contentUrl\":\"https:\\\/\\\/admittanceeducation.com\\\/wp-content\\\/uploads\\\/2026\\\/03\\\/Admittance-Education-Logo-Black.webp\",\"width\":1500,\"height\":604,\"caption\":\"Admittance Education\"},\"image\":{\"@id\":\"https:\\\/\\\/admittanceeducation.com\\\/tr\\\/#\\\/schema\\\/logo\\\/image\\\/\"},\"sameAs\":[\"https:\\\/\\\/www.facebook.com\\\/admittanceeducation\\\/\",\"https:\\\/\\\/www.youtube.com\\\/channel\\\/UCfyMGWjBHhVokvApn3twRsQ\",\"https:\\\/\\\/www.instagram.com\\\/admittanceeducation\\\/\",\"https:\\\/\\\/www.linkedin.com\\\/company\\\/admittance-education\\\/\"]}]}<\/script>\n<!-- \/ Yoast SEO plugin. -->","yoast_head_json":{"title":"Paris Amerikan \u00dcniversitesi \u2013 Paris, Fransa - Admittance Education","description":"Paris Amerikan \u00dcniversitesi'ni, liberal sanatlar programlar\u0131n\u0131, kabul ko\u015fullar\u0131n\u0131, k\u00fcresel \u00f6\u011frenimi ve Fransa'daki \u00f6\u011frenci ya\u015fam\u0131n\u0131 ke\u015ffedin.","robots":{"index":"index","follow":"follow","max-snippet":"max-snippet:-1","max-image-preview":"max-image-preview:large","max-video-preview":"max-video-preview:-1"},"canonical":"https:\/\/admittanceeducation.com\/tr\/hizmetler\/universiteler\/universite-ziyaretleri\/paris-amerikan-universitesi-paris-fransa\/","og_locale":"tr_TR","og_type":"article","og_title":"Paris Amerikan \u00dcniversitesi \u2013 Paris, Fransa - Admittance Education","og_description":"Paris Amerikan \u00dcniversitesi'ni, liberal sanatlar programlar\u0131n\u0131, kabul ko\u015fullar\u0131n\u0131, k\u00fcresel \u00f6\u011frenimi ve Fransa'daki \u00f6\u011frenci ya\u015fam\u0131n\u0131 ke\u015ffedin.","og_url":"https:\/\/admittanceeducation.com\/tr\/hizmetler\/universiteler\/universite-ziyaretleri\/paris-amerikan-universitesi-paris-fransa\/","og_site_name":"Admittance Education","article_publisher":"https:\/\/www.facebook.com\/admittanceeducation\/","article_modified_time":"2026-03-27T11:33:34+00:00","og_image":[{"width":1920,"height":600,"url":"https:\/\/admittanceeducation.com\/wp-content\/uploads\/2025\/06\/the-american-universit-of-paris-hero.png","type":"image\/png"}],"twitter_card":"summary_large_image","twitter_misc":{"Est. reading time":"1 minute"},"schema":{"@context":"https:\/\/schema.org","@graph":[{"@type":"WebPage","@id":"https:\/\/admittanceeducation.com\/tr\/hizmetler\/universiteler\/universite-ziyaretleri\/paris-amerikan-universitesi-paris-fransa\/","url":"https:\/\/admittanceeducation.com\/tr\/hizmetler\/universiteler\/universite-ziyaretleri\/paris-amerikan-universitesi-paris-fransa\/","name":"Paris Amerikan \u00dcniversitesi \u2013 Paris, Fransa - Admittance Education","isPartOf":{"@id":"https:\/\/admittanceeducation.com\/tr\/#website"},"primaryImageOfPage":{"@id":"https:\/\/admittanceeducation.com\/tr\/hizmetler\/universiteler\/universite-ziyaretleri\/paris-amerikan-universitesi-paris-fransa\/#primaryimage"},"image":{"@id":"https:\/\/admittanceeducation.com\/tr\/hizmetler\/universiteler\/universite-ziyaretleri\/paris-amerikan-universitesi-paris-fransa\/#primaryimage"},"thumbnailUrl":"https:\/\/admittanceeducation.com\/wp-content\/uploads\/2025\/06\/the-american-universit-of-paris-hero.png","datePublished":"2025-06-06T16:31:28+00:00","dateModified":"2026-03-27T11:33:34+00:00","description":"Paris Amerikan \u00dcniversitesi'ni, liberal sanatlar programlar\u0131n\u0131, kabul ko\u015fullar\u0131n\u0131, k\u00fcresel \u00f6\u011frenimi ve Fransa'daki \u00f6\u011frenci ya\u015fam\u0131n\u0131 ke\u015ffedin.","breadcrumb":{"@id":"https:\/\/admittanceeducation.com\/tr\/hizmetler\/universiteler\/universite-ziyaretleri\/paris-amerikan-universitesi-paris-fransa\/#breadcrumb"},"inLanguage":"tr-TR","potentialAction":[{"@type":"ReadAction","target":["https:\/\/admittanceeducation.com\/tr\/hizmetler\/universiteler\/universite-ziyaretleri\/paris-amerikan-universitesi-paris-fransa\/"]}]},{"@type":"ImageObject","inLanguage":"tr-TR","@id":"https:\/\/admittanceeducation.com\/tr\/hizmetler\/universiteler\/universite-ziyaretleri\/paris-amerikan-universitesi-paris-fransa\/#primaryimage","url":"https:\/\/admittanceeducation.com\/wp-content\/uploads\/2025\/06\/the-american-universit-of-paris-hero.png","contentUrl":"https:\/\/admittanceeducation.com\/wp-content\/uploads\/2025\/06\/the-american-universit-of-paris-hero.png","width":1920,"height":600,"caption":"Paris Amerikan \u00dcniversitesi"},{"@type":"BreadcrumbList","@id":"https:\/\/admittanceeducation.com\/tr\/hizmetler\/universiteler\/universite-ziyaretleri\/paris-amerikan-universitesi-paris-fransa\/#breadcrumb","itemListElement":[{"@type":"ListItem","position":1,"name":"Home","item":"https:\/\/admittanceeducation.com\/tr\/"},{"@type":"ListItem","position":2,"name":"Hizmetler","item":"https:\/\/admittanceeducation.com\/tr\/hizmetler\/"},{"@type":"ListItem","position":3,"name":"\u00dcniversiteler","item":"https:\/\/admittanceeducation.com\/tr\/hizmetler\/universiteler\/"},{"@type":"ListItem","position":4,"name":"\u00dcniversite Ziyaretleri","item":"https:\/\/admittanceeducation.com\/tr\/hizmetler\/universiteler\/universite-ziyaretleri\/"},{"@type":"ListItem","position":5,"name":"Paris Amerikan \u00dcniversitesi \u2013 Paris, Fransa"}]},{"@type":"WebSite","@id":"https:\/\/admittanceeducation.com\/tr\/#website","url":"https:\/\/admittanceeducation.com\/tr\/","name":"Admittance Education","description":"Helping Students Study Abroad","publisher":{"@id":"https:\/\/admittanceeducation.com\/tr\/#organization"},"potentialAction":[{"@type":"SearchAction","target":{"@type":"EntryPoint","urlTemplate":"https:\/\/admittanceeducation.com\/tr\/?s={search_term_string}"},"query-input":{"@type":"PropertyValueSpecification","valueRequired":true,"valueName":"search_term_string"}}],"inLanguage":"tr-TR"},{"@type":"Organization","@id":"https:\/\/admittanceeducation.com\/tr\/#organization","name":"Admittance Education","url":"https:\/\/admittanceeducation.com\/tr\/","logo":{"@type":"ImageObject","inLanguage":"tr-TR","@id":"https:\/\/admittanceeducation.com\/tr\/#\/schema\/logo\/image\/","url":"https:\/\/admittanceeducation.com\/wp-content\/uploads\/2026\/03\/Admittance-Education-Logo-Black.webp","contentUrl":"https:\/\/admittanceeducation.com\/wp-content\/uploads\/2026\/03\/Admittance-Education-Logo-Black.webp","width":1500,"height":604,"caption":"Admittance Education"},"image":{"@id":"https:\/\/admittanceeducation.com\/tr\/#\/schema\/logo\/image\/"},"sameAs":["https:\/\/www.facebook.com\/admittanceeducation\/","https:\/\/www.youtube.com\/channel\/UCfyMGWjBHhVokvApn3twRsQ","https:\/\/www.instagram.com\/admittanceeducation\/","https:\/\/www.linkedin.com\/company\/admittance-education\/"]}]}},"_links":{"self":[{"href":"https:\/\/admittanceeducation.com\/tr\/wp-json\/wp\/v2\/pages\/2317","targetHints":{"allow":["GET"]}}],"collection":[{"href":"https:\/\/admittanceeducation.com\/tr\/wp-json\/wp\/v2\/pages"}],"about":[{"href":"https:\/\/admittanceeducation.com\/tr\/wp-json\/wp\/v2\/types\/page"}],"author":[{"embeddable":true,"href":"https:\/\/admittanceeducation.com\/tr\/wp-json\/wp\/v2\/users\/1"}],"replies":[{"embeddable":true,"href":"https:\/\/admittanceeducation.com\/tr\/wp-json\/wp\/v2\/comments?post=2317"}],"version-history":[{"count":1,"href":"https:\/\/admittanceeducation.com\/tr\/wp-json\/wp\/v2\/pages\/2317\/revisions"}],"predecessor-version":[{"id":2318,"href":"https:\/\/admittanceeducation.com\/tr\/wp-json\/wp\/v2\/pages\/2317\/revisions\/2318"}],"up":[{"embeddable":true,"href":"https:\/\/admittanceeducation.com\/tr\/wp-json\/wp\/v2\/pages\/2004"}],"wp:featuredmedia":[{"embeddable":true,"href":"https:\/\/admittanceeducation.com\/tr\/wp-json\/wp\/v2\/media\/2316"}],"wp:attachment":[{"href":"https:\/\/admittanceeducation.com\/tr\/wp-json\/wp\/v2\/media?parent=2317"}],"curies":[{"name":"wp","href":"https:\/\/api.w.org\/{rel}","templated":true}]}}