{"id":2314,"date":"2025-05-30T22:38:23","date_gmt":"2025-05-30T22:38:23","guid":{"rendered":"https:\/\/admittanceeducation.com\/hizmetler\/universiteler\/universite-ziyaretleri\/sciences-po-paris-fransa\/"},"modified":"2026-03-27T11:32:36","modified_gmt":"2026-03-27T11:32:36","slug":"sciences-po-paris-fransa","status":"publish","type":"page","link":"https:\/\/admittanceeducation.com\/tr\/hizmetler\/universiteler\/universite-ziyaretleri\/sciences-po-paris-fransa\/","title":{"rendered":"Sciences Po \u2013 Paris, Fransa"},"content":{"rendered":"\t\t<div data-elementor-type=\"wp-page\" data-elementor-id=\"2314\" class=\"elementor elementor-2314 elementor-877\" data-elementor-post-type=\"page\">\n\t\t\t\t<div class=\"elementor-element elementor-element-65d53c7 e-flex e-con-boxed e-con e-parent\" data-id=\"65d53c7\" data-element_type=\"container\" data-e-type=\"container\" data-settings=\"{&quot;background_background&quot;:&quot;classic&quot;}\">\n\t\t\t\t\t<div class=\"e-con-inner\">\n\t\t<div class=\"elementor-element elementor-element-a381a6c e-con-full e-flex e-con e-child\" data-id=\"a381a6c\" data-element_type=\"container\" data-e-type=\"container\">\n\t\t\t\t<div class=\"elementor-element elementor-element-dc5ce03 elementor-widget elementor-widget-heading\" data-id=\"dc5ce03\" data-element_type=\"widget\" data-e-type=\"widget\" data-widget_type=\"heading.default\">\n\t\t\t\t\t<h1 class=\"elementor-heading-title elementor-size-default\">Sciences Po \u2013 Paris, Fransa<\/h1>\t\t\t\t<\/div>\n\t\t\t\t<\/div>\n\t\t\t\t\t<\/div>\n\t\t\t\t<\/div>\n\t\t<div class=\"elementor-element elementor-element-f3f7231 e-flex e-con-boxed e-con e-parent\" data-id=\"f3f7231\" data-element_type=\"container\" data-e-type=\"container\">\n\t\t\t\t\t<div class=\"e-con-inner\">\n\t\t\t\t<div class=\"elementor-element elementor-element-6c93b71 elementor-widget elementor-widget-heading\" data-id=\"6c93b71\" data-element_type=\"widget\" data-e-type=\"widget\" data-widget_type=\"heading.default\">\n\t\t\t\t\t<h2 class=\"elementor-heading-title elementor-size-default\">Genel Bak\u0131\u015f<\/h2>\t\t\t\t<\/div>\n\t\t\t\t<div class=\"elementor-element elementor-element-412bfdf elementor-widget elementor-widget-text-editor\" data-id=\"412bfdf\" data-element_type=\"widget\" data-e-type=\"widget\" data-widget_type=\"text-editor.default\">\n\t\t\t\t\t\t\t\t\t<p><span style=\"font-weight: 400;\">Resmi olarak Paris Siyasal Bilimler Enstit\u00fcs\u00fc olarak bilinen Sciences Po, Paris, Fransa&#8217;n\u0131n kalbinde yer alan k\u00f6kl\u00fc bir kurumdur. 1872&#8217;de kurulan Sciences Po, sosyal bilimler, siyaset bilimi, hukuk, ekonomi ve uluslararas\u0131 ili\u015fkiler alanlar\u0131nda m\u00fckemmellik konusunda g\u00fc\u00e7l\u00fc bir itibar kazanm\u0131\u015ft\u0131r. Hareketli Saint-Germain-des-Pr\u00e9s semtinde bulunan ana kamp\u00fcs\u00fcne ek olarak, Sciences Po&#8217;nun Fransa&#8217;n\u0131n Dijon, Le Havre, Menton, Nancy, Poitiers ve Reims b\u00f6lgelerinde kamp\u00fcsleri bulunmaktad\u0131r. Her kamp\u00fcs, d\u00fcnyan\u0131n jeopolitik bir b\u00f6lgesine \u00f6zg\u00fc co\u011frafi bir yan dal ile tamamlanan ayn\u0131 temel m\u00fcfredata sahiptir. Yan dallar Afrika, Asya, Avrupa, Latin Amerika, Orta Do\u011fu-Akdeniz ve Kuzey Amerika&#8217;y\u0131 kapsayarak her \u00f6\u011frencinin farkl\u0131 ilgi alanlar\u0131na hitap etmektedir.    <\/span><\/p><p> <\/p><p><span style=\"font-weight: 400;\">Sciences Po lisans koleji, \u201ck\u00fcresel bir d\u00fcnyada ortak iyili\u011fe katk\u0131da bulunacak ayd\u0131nlanm\u0131\u015f, yarat\u0131c\u0131 vatanda\u015flar yeti\u015ftirmeyi ama\u00e7lamaktad\u0131r.\u201d \u00d6\u011frencilere, yedi kamp\u00fcs\u00fcnden birinde \u00fc\u00e7 y\u0131l s\u00fcren bir Lisans derecesi (Bac+3) sunmaktad\u0131r. Be\u015feri bilimler ve sosyal bilimler temeli \u00fczerine in\u015fa edilen Sciences Po m\u00fcfredat\u0131, sanat ve bilim disiplinleriyle desteklenen alt\u0131 temel disiplini (hukuk, ekonomi, be\u015feri bilimler, tarih, siyaset bilimi ve sosyoloji) kapsamaktad\u0131r. Birinci s\u0131n\u0131f \u00f6\u011frencileri temel disiplin derslerine odaklanmaktad\u0131r. \u0130kinci y\u0131llar\u0131nda, &#8220;Ekonomi ve Toplum&#8221;, &#8220;Siyasal Be\u015feri Bilimler&#8221; veya &#8220;Siyaset ve Y\u00f6netim&#8221; olmak \u00fczere \u00fc\u00e7 \u00e7ok disiplinli ana daldan birini se\u00e7erler. \u00dc\u00e7\u00fcnc\u00fc y\u0131l, \u00f6\u011frencilere New York&#8217;taki Columbia \u00dcniversitesi gibi Sciences Po&#8217;nun 470 ortak \u00fcniversitesinden birinde uluslararas\u0131 bir yerle\u015ftirme ile e\u011fitimlerini geli\u015ftirme f\u0131rsat\u0131 sunmaktad\u0131r. Ayr\u0131ca, Sciences Po, dokuz prestijli k\u00fcresel \u00fcniversitede \u00e7ift Lisans derecesi sa\u011flayarak \u00f6\u011frencilerin iki farkl\u0131 akademik ortama kendilerini kapt\u0131rmalar\u0131na olanak tan\u0131maktad\u0131r. S\u0131n\u0131f d\u0131\u015f\u0131nda, Civic Learning Program\u0131, e\u011fitim gezileri, stajlar, sim\u00fclasyonlar ve dernek ve sendikalara kat\u0131l\u0131m, \u00f6\u011frencilere de\u011ferli saha deneyimi sa\u011flamak i\u00e7in te\u015fvik edilmektedir.        <\/span><\/p><p> <\/p><p><span style=\"font-weight: 400;\">\u00d6\u011frenciler, Baccalaur\u00e9at&#8217;\u0131 (veya e\u015fde\u011fer bir yabanc\u0131 yeterlili\u011fi) ba\u015far\u0131yla tamamlad\u0131ktan veya bir lisans veya y\u00fcksek lisans program\u0131n\u0131 bitirdikten sonra Sciences Po&#8217;ya kabul edilirler. <\/span><\/p><p><span style=\"font-weight: 400;\">S\u00fcrekli kabul s\u00fcre\u00e7leri, her ba\u015fvuru sahibine en uygun f\u0131rsat\u0131 sunmak \u00fczere tasarlanm\u0131\u015ft\u0131r. Adaylar, kendileri hakk\u0131nda ayr\u0131nt\u0131lar\u0131 payla\u015fmaya, motivasyonlar\u0131n\u0131, akademik ve profesyonel hedeflerini belirtmeye ve g\u00fc\u00e7l\u00fc y\u00f6nlerini vurgulamaya davet edilir. Frans\u0131z Bakaloryas\u0131 d\u0131\u015f\u0131ndaki m\u00fcfredatlardaki \u00f6\u011frenciler do\u011frudan Sciences Po kabul web sitesi arac\u0131l\u0131\u011f\u0131yla ba\u015fvurmal\u0131d\u0131r. Frans\u0131z Bakaloryas\u0131 \u00f6\u011frencileri Parcoursup arac\u0131l\u0131\u011f\u0131yla ba\u015fvurur. Kabul i\u00e7in gereklilikler \u015funlard\u0131r:     <\/span><\/p><ul><li style=\"font-weight: 400;\" aria-level=\"1\"><span style=\"font-weight: 400;\">Lisenin son 3 y\u0131l\u0131nda g\u00fc\u00e7l\u00fc not ortalamas\u0131<\/span><\/li><li style=\"font-weight: 400;\" aria-level=\"1\"><span style=\"font-weight: 400;\">\u00d6\u011fretmenlerden 2 tavsiye mektubu (\u0130ngilizce \u00d6\u011fretmenleri hari\u00e7)<\/span><\/li><li style=\"font-weight: 400;\" aria-level=\"1\"><span style=\"font-weight: 400;\">Beyanlar\/denemeler<\/span><\/li><li style=\"font-weight: 400;\" aria-level=\"1\"><span style=\"font-weight: 400;\">\u0130ki \u00fcyeli bir panel taraf\u0131ndan 30 dakikal\u0131k \u00e7evrimi\u00e7i kabul m\u00fclakat\u0131. Bu, bir foto\u011fraf\u0131n veya resmin yap\u0131land\u0131r\u0131lm\u0131\u015f analizi ve yorumlanmas\u0131 ile motivasyon ve hedeflere ili\u015fkin genel sorgulamay\u0131 i\u00e7erir. <\/span><\/li><\/ul>\t\t\t\t\t\t\t\t<\/div>\n\t\t\t\t\t<\/div>\n\t\t\t\t<\/div>\n\t\t\t\t<\/div>\n\t\t","protected":false},"excerpt":{"rendered":"<p>Sciences Po \u2013 Paris, Fransa Genel Bak\u0131\u015f Resmi olarak Paris Siyasal Bilimler Enstit\u00fcs\u00fc olarak bilinen Sciences Po, Paris, Fransa&#8217;n\u0131n kalbinde yer alan k\u00f6kl\u00fc bir kurumdur. 1872&#8217;de kurulan Sciences Po, sosyal bilimler, siyaset bilimi, hukuk, ekonomi ve uluslararas\u0131 ili\u015fkiler alanlar\u0131nda m\u00fckemmellik konusunda g\u00fc\u00e7l\u00fc bir itibar kazanm\u0131\u015ft\u0131r. Hareketli Saint-Germain-des-Pr\u00e9s semtinde bulunan ana kamp\u00fcs\u00fcne ek olarak, Sciences Po&#8217;nun [&hellip;]<\/p>\n","protected":false},"author":1,"featured_media":2313,"parent":2004,"menu_order":0,"comment_status":"closed","ping_status":"closed","template":"","meta":{"_acf_changed":false,"nf_dc_page":"","footnotes":""},"class_list":["post-2314","page","type-page","status-publish","has-post-thumbnail","hentry"],"acf":[],"yoast_head":"<!-- This site is optimized with the Yoast SEO plugin v27.4 - https:\/\/yoast.com\/product\/yoast-seo-wordpress\/ -->\n<title>Sciences Po \u2013 Paris, Fransa - Admittance Education<\/title>\n<meta name=\"description\" content=\"Paris, Fransa&#039;daki Sciences Po&#039;yu kamp\u00fcsleri, programlar\u0131, kabul \u015fartlar\u0131 ve k\u00fcresel e\u011fitim f\u0131rsatlar\u0131 dahil ke\u015ffedin.\" \/>\n<meta name=\"robots\" content=\"index, follow, max-snippet:-1, max-image-preview:large, max-video-preview:-1\" \/>\n<link rel=\"canonical\" href=\"https:\/\/admittanceeducation.com\/tr\/hizmetler\/universiteler\/universite-ziyaretleri\/sciences-po-paris-fransa\/\" \/>\n<meta property=\"og:locale\" content=\"tr_TR\" \/>\n<meta property=\"og:type\" content=\"article\" \/>\n<meta property=\"og:title\" content=\"Sciences Po \u2013 Paris, Fransa - Admittance Education\" \/>\n<meta property=\"og:description\" content=\"Paris, Fransa&#039;daki Sciences Po&#039;yu kamp\u00fcsleri, programlar\u0131, kabul \u015fartlar\u0131 ve k\u00fcresel e\u011fitim f\u0131rsatlar\u0131 dahil ke\u015ffedin.\" \/>\n<meta property=\"og:url\" content=\"https:\/\/admittanceeducation.com\/tr\/hizmetler\/universiteler\/universite-ziyaretleri\/sciences-po-paris-fransa\/\" \/>\n<meta property=\"og:site_name\" content=\"Admittance Education\" \/>\n<meta property=\"article:publisher\" content=\"https:\/\/www.facebook.com\/admittanceeducation\/\" \/>\n<meta property=\"article:modified_time\" content=\"2026-03-27T11:32:36+00:00\" \/>\n<meta property=\"og:image\" content=\"https:\/\/admittanceeducation.com\/wp-content\/uploads\/2025\/05\/sciences-po-hero-background.png\" \/>\n\t<meta property=\"og:image:width\" content=\"1920\" \/>\n\t<meta property=\"og:image:height\" content=\"600\" \/>\n\t<meta property=\"og:image:type\" content=\"image\/png\" \/>\n<meta name=\"twitter:card\" content=\"summary_large_image\" \/>\n<meta name=\"twitter:label1\" content=\"Est. reading time\" \/>\n\t<meta name=\"twitter:data1\" content=\"2 minutes\" \/>\n<script type=\"application\/ld+json\" class=\"yoast-schema-graph\">{\"@context\":\"https:\\\/\\\/schema.org\",\"@graph\":[{\"@type\":\"WebPage\",\"@id\":\"https:\\\/\\\/admittanceeducation.com\\\/tr\\\/hizmetler\\\/universiteler\\\/universite-ziyaretleri\\\/sciences-po-paris-fransa\\\/\",\"url\":\"https:\\\/\\\/admittanceeducation.com\\\/tr\\\/hizmetler\\\/universiteler\\\/universite-ziyaretleri\\\/sciences-po-paris-fransa\\\/\",\"name\":\"Sciences Po \u2013 Paris, Fransa - Admittance Education\",\"isPartOf\":{\"@id\":\"https:\\\/\\\/admittanceeducation.com\\\/tr\\\/#website\"},\"primaryImageOfPage\":{\"@id\":\"https:\\\/\\\/admittanceeducation.com\\\/tr\\\/hizmetler\\\/universiteler\\\/universite-ziyaretleri\\\/sciences-po-paris-fransa\\\/#primaryimage\"},\"image\":{\"@id\":\"https:\\\/\\\/admittanceeducation.com\\\/tr\\\/hizmetler\\\/universiteler\\\/universite-ziyaretleri\\\/sciences-po-paris-fransa\\\/#primaryimage\"},\"thumbnailUrl\":\"https:\\\/\\\/admittanceeducation.com\\\/wp-content\\\/uploads\\\/2025\\\/05\\\/sciences-po-hero-background.png\",\"datePublished\":\"2025-05-30T22:38:23+00:00\",\"dateModified\":\"2026-03-27T11:32:36+00:00\",\"description\":\"Paris, Fransa'daki Sciences Po'yu kamp\u00fcsleri, programlar\u0131, kabul \u015fartlar\u0131 ve k\u00fcresel e\u011fitim f\u0131rsatlar\u0131 dahil ke\u015ffedin.\",\"breadcrumb\":{\"@id\":\"https:\\\/\\\/admittanceeducation.com\\\/tr\\\/hizmetler\\\/universiteler\\\/universite-ziyaretleri\\\/sciences-po-paris-fransa\\\/#breadcrumb\"},\"inLanguage\":\"tr-TR\",\"potentialAction\":[{\"@type\":\"ReadAction\",\"target\":[\"https:\\\/\\\/admittanceeducation.com\\\/tr\\\/hizmetler\\\/universiteler\\\/universite-ziyaretleri\\\/sciences-po-paris-fransa\\\/\"]}]},{\"@type\":\"ImageObject\",\"inLanguage\":\"tr-TR\",\"@id\":\"https:\\\/\\\/admittanceeducation.com\\\/tr\\\/hizmetler\\\/universiteler\\\/universite-ziyaretleri\\\/sciences-po-paris-fransa\\\/#primaryimage\",\"url\":\"https:\\\/\\\/admittanceeducation.com\\\/wp-content\\\/uploads\\\/2025\\\/05\\\/sciences-po-hero-background.png\",\"contentUrl\":\"https:\\\/\\\/admittanceeducation.com\\\/wp-content\\\/uploads\\\/2025\\\/05\\\/sciences-po-hero-background.png\",\"width\":1920,\"height\":600,\"caption\":\"Sciences Po Paris Fransa\"},{\"@type\":\"BreadcrumbList\",\"@id\":\"https:\\\/\\\/admittanceeducation.com\\\/tr\\\/hizmetler\\\/universiteler\\\/universite-ziyaretleri\\\/sciences-po-paris-fransa\\\/#breadcrumb\",\"itemListElement\":[{\"@type\":\"ListItem\",\"position\":1,\"name\":\"Home\",\"item\":\"https:\\\/\\\/admittanceeducation.com\\\/tr\\\/\"},{\"@type\":\"ListItem\",\"position\":2,\"name\":\"Hizmetler\",\"item\":\"https:\\\/\\\/admittanceeducation.com\\\/tr\\\/hizmetler\\\/\"},{\"@type\":\"ListItem\",\"position\":3,\"name\":\"\u00dcniversiteler\",\"item\":\"https:\\\/\\\/admittanceeducation.com\\\/tr\\\/hizmetler\\\/universiteler\\\/\"},{\"@type\":\"ListItem\",\"position\":4,\"name\":\"\u00dcniversite Ziyaretleri\",\"item\":\"https:\\\/\\\/admittanceeducation.com\\\/tr\\\/hizmetler\\\/universiteler\\\/universite-ziyaretleri\\\/\"},{\"@type\":\"ListItem\",\"position\":5,\"name\":\"Sciences Po \u2013 Paris, Fransa\"}]},{\"@type\":\"WebSite\",\"@id\":\"https:\\\/\\\/admittanceeducation.com\\\/tr\\\/#website\",\"url\":\"https:\\\/\\\/admittanceeducation.com\\\/tr\\\/\",\"name\":\"Admittance Education\",\"description\":\"Helping Students Study Abroad\",\"publisher\":{\"@id\":\"https:\\\/\\\/admittanceeducation.com\\\/tr\\\/#organization\"},\"potentialAction\":[{\"@type\":\"SearchAction\",\"target\":{\"@type\":\"EntryPoint\",\"urlTemplate\":\"https:\\\/\\\/admittanceeducation.com\\\/tr\\\/?s={search_term_string}\"},\"query-input\":{\"@type\":\"PropertyValueSpecification\",\"valueRequired\":true,\"valueName\":\"search_term_string\"}}],\"inLanguage\":\"tr-TR\"},{\"@type\":\"Organization\",\"@id\":\"https:\\\/\\\/admittanceeducation.com\\\/tr\\\/#organization\",\"name\":\"Admittance Education\",\"url\":\"https:\\\/\\\/admittanceeducation.com\\\/tr\\\/\",\"logo\":{\"@type\":\"ImageObject\",\"inLanguage\":\"tr-TR\",\"@id\":\"https:\\\/\\\/admittanceeducation.com\\\/tr\\\/#\\\/schema\\\/logo\\\/image\\\/\",\"url\":\"https:\\\/\\\/admittanceeducation.com\\\/wp-content\\\/uploads\\\/2026\\\/03\\\/Admittance-Education-Logo-Black.webp\",\"contentUrl\":\"https:\\\/\\\/admittanceeducation.com\\\/wp-content\\\/uploads\\\/2026\\\/03\\\/Admittance-Education-Logo-Black.webp\",\"width\":1500,\"height\":604,\"caption\":\"Admittance Education\"},\"image\":{\"@id\":\"https:\\\/\\\/admittanceeducation.com\\\/tr\\\/#\\\/schema\\\/logo\\\/image\\\/\"},\"sameAs\":[\"https:\\\/\\\/www.facebook.com\\\/admittanceeducation\\\/\",\"https:\\\/\\\/www.youtube.com\\\/channel\\\/UCfyMGWjBHhVokvApn3twRsQ\",\"https:\\\/\\\/www.instagram.com\\\/admittanceeducation\\\/\",\"https:\\\/\\\/www.linkedin.com\\\/company\\\/admittance-education\\\/\"]}]}<\/script>\n<!-- \/ Yoast SEO plugin. -->","yoast_head_json":{"title":"Sciences Po \u2013 Paris, Fransa - Admittance Education","description":"Paris, Fransa'daki Sciences Po'yu kamp\u00fcsleri, programlar\u0131, kabul \u015fartlar\u0131 ve k\u00fcresel e\u011fitim f\u0131rsatlar\u0131 dahil ke\u015ffedin.","robots":{"index":"index","follow":"follow","max-snippet":"max-snippet:-1","max-image-preview":"max-image-preview:large","max-video-preview":"max-video-preview:-1"},"canonical":"https:\/\/admittanceeducation.com\/tr\/hizmetler\/universiteler\/universite-ziyaretleri\/sciences-po-paris-fransa\/","og_locale":"tr_TR","og_type":"article","og_title":"Sciences Po \u2013 Paris, Fransa - Admittance Education","og_description":"Paris, Fransa'daki Sciences Po'yu kamp\u00fcsleri, programlar\u0131, kabul \u015fartlar\u0131 ve k\u00fcresel e\u011fitim f\u0131rsatlar\u0131 dahil ke\u015ffedin.","og_url":"https:\/\/admittanceeducation.com\/tr\/hizmetler\/universiteler\/universite-ziyaretleri\/sciences-po-paris-fransa\/","og_site_name":"Admittance Education","article_publisher":"https:\/\/www.facebook.com\/admittanceeducation\/","article_modified_time":"2026-03-27T11:32:36+00:00","og_image":[{"width":1920,"height":600,"url":"https:\/\/admittanceeducation.com\/wp-content\/uploads\/2025\/05\/sciences-po-hero-background.png","type":"image\/png"}],"twitter_card":"summary_large_image","twitter_misc":{"Est. reading time":"2 minutes"},"schema":{"@context":"https:\/\/schema.org","@graph":[{"@type":"WebPage","@id":"https:\/\/admittanceeducation.com\/tr\/hizmetler\/universiteler\/universite-ziyaretleri\/sciences-po-paris-fransa\/","url":"https:\/\/admittanceeducation.com\/tr\/hizmetler\/universiteler\/universite-ziyaretleri\/sciences-po-paris-fransa\/","name":"Sciences Po \u2013 Paris, Fransa - Admittance Education","isPartOf":{"@id":"https:\/\/admittanceeducation.com\/tr\/#website"},"primaryImageOfPage":{"@id":"https:\/\/admittanceeducation.com\/tr\/hizmetler\/universiteler\/universite-ziyaretleri\/sciences-po-paris-fransa\/#primaryimage"},"image":{"@id":"https:\/\/admittanceeducation.com\/tr\/hizmetler\/universiteler\/universite-ziyaretleri\/sciences-po-paris-fransa\/#primaryimage"},"thumbnailUrl":"https:\/\/admittanceeducation.com\/wp-content\/uploads\/2025\/05\/sciences-po-hero-background.png","datePublished":"2025-05-30T22:38:23+00:00","dateModified":"2026-03-27T11:32:36+00:00","description":"Paris, Fransa'daki Sciences Po'yu kamp\u00fcsleri, programlar\u0131, kabul \u015fartlar\u0131 ve k\u00fcresel e\u011fitim f\u0131rsatlar\u0131 dahil ke\u015ffedin.","breadcrumb":{"@id":"https:\/\/admittanceeducation.com\/tr\/hizmetler\/universiteler\/universite-ziyaretleri\/sciences-po-paris-fransa\/#breadcrumb"},"inLanguage":"tr-TR","potentialAction":[{"@type":"ReadAction","target":["https:\/\/admittanceeducation.com\/tr\/hizmetler\/universiteler\/universite-ziyaretleri\/sciences-po-paris-fransa\/"]}]},{"@type":"ImageObject","inLanguage":"tr-TR","@id":"https:\/\/admittanceeducation.com\/tr\/hizmetler\/universiteler\/universite-ziyaretleri\/sciences-po-paris-fransa\/#primaryimage","url":"https:\/\/admittanceeducation.com\/wp-content\/uploads\/2025\/05\/sciences-po-hero-background.png","contentUrl":"https:\/\/admittanceeducation.com\/wp-content\/uploads\/2025\/05\/sciences-po-hero-background.png","width":1920,"height":600,"caption":"Sciences Po Paris Fransa"},{"@type":"BreadcrumbList","@id":"https:\/\/admittanceeducation.com\/tr\/hizmetler\/universiteler\/universite-ziyaretleri\/sciences-po-paris-fransa\/#breadcrumb","itemListElement":[{"@type":"ListItem","position":1,"name":"Home","item":"https:\/\/admittanceeducation.com\/tr\/"},{"@type":"ListItem","position":2,"name":"Hizmetler","item":"https:\/\/admittanceeducation.com\/tr\/hizmetler\/"},{"@type":"ListItem","position":3,"name":"\u00dcniversiteler","item":"https:\/\/admittanceeducation.com\/tr\/hizmetler\/universiteler\/"},{"@type":"ListItem","position":4,"name":"\u00dcniversite Ziyaretleri","item":"https:\/\/admittanceeducation.com\/tr\/hizmetler\/universiteler\/universite-ziyaretleri\/"},{"@type":"ListItem","position":5,"name":"Sciences Po \u2013 Paris, Fransa"}]},{"@type":"WebSite","@id":"https:\/\/admittanceeducation.com\/tr\/#website","url":"https:\/\/admittanceeducation.com\/tr\/","name":"Admittance Education","description":"Helping Students Study Abroad","publisher":{"@id":"https:\/\/admittanceeducation.com\/tr\/#organization"},"potentialAction":[{"@type":"SearchAction","target":{"@type":"EntryPoint","urlTemplate":"https:\/\/admittanceeducation.com\/tr\/?s={search_term_string}"},"query-input":{"@type":"PropertyValueSpecification","valueRequired":true,"valueName":"search_term_string"}}],"inLanguage":"tr-TR"},{"@type":"Organization","@id":"https:\/\/admittanceeducation.com\/tr\/#organization","name":"Admittance Education","url":"https:\/\/admittanceeducation.com\/tr\/","logo":{"@type":"ImageObject","inLanguage":"tr-TR","@id":"https:\/\/admittanceeducation.com\/tr\/#\/schema\/logo\/image\/","url":"https:\/\/admittanceeducation.com\/wp-content\/uploads\/2026\/03\/Admittance-Education-Logo-Black.webp","contentUrl":"https:\/\/admittanceeducation.com\/wp-content\/uploads\/2026\/03\/Admittance-Education-Logo-Black.webp","width":1500,"height":604,"caption":"Admittance Education"},"image":{"@id":"https:\/\/admittanceeducation.com\/tr\/#\/schema\/logo\/image\/"},"sameAs":["https:\/\/www.facebook.com\/admittanceeducation\/","https:\/\/www.youtube.com\/channel\/UCfyMGWjBHhVokvApn3twRsQ","https:\/\/www.instagram.com\/admittanceeducation\/","https:\/\/www.linkedin.com\/company\/admittance-education\/"]}]}},"_links":{"self":[{"href":"https:\/\/admittanceeducation.com\/tr\/wp-json\/wp\/v2\/pages\/2314","targetHints":{"allow":["GET"]}}],"collection":[{"href":"https:\/\/admittanceeducation.com\/tr\/wp-json\/wp\/v2\/pages"}],"about":[{"href":"https:\/\/admittanceeducation.com\/tr\/wp-json\/wp\/v2\/types\/page"}],"author":[{"embeddable":true,"href":"https:\/\/admittanceeducation.com\/tr\/wp-json\/wp\/v2\/users\/1"}],"replies":[{"embeddable":true,"href":"https:\/\/admittanceeducation.com\/tr\/wp-json\/wp\/v2\/comments?post=2314"}],"version-history":[{"count":1,"href":"https:\/\/admittanceeducation.com\/tr\/wp-json\/wp\/v2\/pages\/2314\/revisions"}],"predecessor-version":[{"id":2315,"href":"https:\/\/admittanceeducation.com\/tr\/wp-json\/wp\/v2\/pages\/2314\/revisions\/2315"}],"up":[{"embeddable":true,"href":"https:\/\/admittanceeducation.com\/tr\/wp-json\/wp\/v2\/pages\/2004"}],"wp:featuredmedia":[{"embeddable":true,"href":"https:\/\/admittanceeducation.com\/tr\/wp-json\/wp\/v2\/media\/2313"}],"wp:attachment":[{"href":"https:\/\/admittanceeducation.com\/tr\/wp-json\/wp\/v2\/media?parent=2314"}],"curies":[{"name":"wp","href":"https:\/\/api.w.org\/{rel}","templated":true}]}}