{"id":2311,"date":"2025-06-06T15:51:32","date_gmt":"2025-06-06T15:51:32","guid":{"rendered":"https:\/\/admittanceeducation.com\/hizmetler\/universiteler\/universite-ziyaretleri\/ieseg-yonetim-okulu-paris-fransa\/"},"modified":"2026-03-27T11:31:27","modified_gmt":"2026-03-27T11:31:27","slug":"ieseg-yonetim-okulu-paris-fransa","status":"publish","type":"page","link":"https:\/\/admittanceeducation.com\/tr\/hizmetler\/universiteler\/universite-ziyaretleri\/ieseg-yonetim-okulu-paris-fransa\/","title":{"rendered":"IESEG Y\u00f6netim Okulu \u2013 Paris, Fransa"},"content":{"rendered":"\t\t<div data-elementor-type=\"wp-page\" data-elementor-id=\"2311\" class=\"elementor elementor-2311 elementor-889\" data-elementor-post-type=\"page\">\n\t\t\t\t<div class=\"elementor-element elementor-element-65d53c7 e-flex e-con-boxed e-con e-parent\" data-id=\"65d53c7\" data-element_type=\"container\" data-e-type=\"container\" data-settings=\"{&quot;background_background&quot;:&quot;classic&quot;}\">\n\t\t\t\t\t<div class=\"e-con-inner\">\n\t\t<div class=\"elementor-element elementor-element-a381a6c e-con-full e-flex e-con e-child\" data-id=\"a381a6c\" data-element_type=\"container\" data-e-type=\"container\">\n\t\t\t\t<div class=\"elementor-element elementor-element-dc5ce03 elementor-widget elementor-widget-heading\" data-id=\"dc5ce03\" data-element_type=\"widget\" data-e-type=\"widget\" data-widget_type=\"heading.default\">\n\t\t\t\t\t<h1 class=\"elementor-heading-title elementor-size-default\">IESEG Y\u00f6netim Okulu \u2013 Paris, Fransa<\/h1>\t\t\t\t<\/div>\n\t\t\t\t<\/div>\n\t\t\t\t\t<\/div>\n\t\t\t\t<\/div>\n\t\t<div class=\"elementor-element elementor-element-f3f7231 e-flex e-con-boxed e-con e-parent\" data-id=\"f3f7231\" data-element_type=\"container\" data-e-type=\"container\">\n\t\t\t\t\t<div class=\"e-con-inner\">\n\t\t\t\t<div class=\"elementor-element elementor-element-6c93b71 elementor-widget elementor-widget-heading\" data-id=\"6c93b71\" data-element_type=\"widget\" data-e-type=\"widget\" data-widget_type=\"heading.default\">\n\t\t\t\t\t<h2 class=\"elementor-heading-title elementor-size-default\">Genel Bak\u0131\u015f<\/h2>\t\t\t\t<\/div>\n\t\t\t\t<div class=\"elementor-element elementor-element-412bfdf elementor-widget elementor-widget-text-editor\" data-id=\"412bfdf\" data-element_type=\"widget\" data-e-type=\"widget\" data-widget_type=\"text-editor.default\">\n\t\t\t\t\t\t\t\t\t<p>1964 y\u0131l\u0131nda Fransa&#8217;n\u0131n Lille \u015fehrinde kurulan <a href=\"https:\/\/www.ieseg.fr\/en\/\">IESEG Y\u00f6netim Okulu<\/a>, Universit\u00e9 Catholique de Lille&#8217;e ba\u011fl\u0131 prestijli bir kurumdur. EQUIS, AACSB ve AMBA olmak \u00fczere sayg\u0131n \u201c\u00dc\u00e7l\u00fc Ta\u00e7\u201d akreditasyonuna sahiptir ve bu da onu d\u00fcnya genelindeki i\u015fletme okullar\u0131n\u0131n en iyi %1&#8217;i aras\u0131na yerle\u015ftirmektedir. IESEG, akademik m\u00fckemmelli\u011fe ve uluslararas\u0131la\u015fmaya olan ba\u011fl\u0131l\u0131\u011f\u0131yla tan\u0131nmaktad\u0131r.  <\/p>\t\t\t\t\t\t\t\t<\/div>\n\t\t\t\t<div class=\"elementor-element elementor-element-57da4f4 elementor-widget elementor-widget-heading\" data-id=\"57da4f4\" data-element_type=\"widget\" data-e-type=\"widget\" data-widget_type=\"heading.default\">\n\t\t\t\t\t<h2 class=\"elementor-heading-title elementor-size-default\">Programlar ve Ana Dallar<\/h2>\t\t\t\t<\/div>\n\t\t\t\t<div class=\"elementor-element elementor-element-2887d26 elementor-widget elementor-widget-text-editor\" data-id=\"2887d26\" data-element_type=\"widget\" data-e-type=\"widget\" data-widget_type=\"text-editor.default\">\n\t\t\t\t\t\t\t\t\t<p data-start=\"319\" data-end=\"397\"><span class=\"relative -mx-px my-[-0.2rem] rounded px-px py-[0.2rem] transition-colors duration-100 ease-in-out\">IESEG \u00e7e\u015fitli programlar sunmaktad\u0131r:<\/span><\/p><ul data-start=\"399\" data-end=\"796\"><li data-start=\"399\" data-end=\"555\"><p data-start=\"401\" data-end=\"428\"><strong data-start=\"401\" data-end=\"427\">Lisans Programlar\u0131:<\/strong><\/p><ul data-start=\"431\" data-end=\"555\"><li data-start=\"431\" data-end=\"472\"><p data-start=\"433\" data-end=\"472\"><a href=\"https:\/\/www.ieseg.fr\/en\/programs\/bachelor-international-business\/\"><span class=\"relative -mx-px my-[-0.2rem] rounded px-px py-[0.2rem] transition-colors duration-100 ease-in-out\">Uluslararas\u0131 \u0130\u015fletme Lisans\u0131<\/span><\/a><\/p><\/li><li data-start=\"475\" data-end=\"555\"><p data-start=\"477\" data-end=\"555\"><a href=\"https:\/\/www.ieseg.fr\/en\/programs\/bachelors\/bachelor-management-tech-design\/\"><span class=\"relative -mx-px my-[-0.2rem] rounded px-px py-[0.2rem] transition-colors duration-100 ease-in-out\">Y\u00f6netim ve Teknoloji Tasar\u0131m\u0131 Lisans\u0131<\/span><\/a><\/p><\/li><\/ul><\/li><li data-start=\"557\" data-end=\"796\"><p data-start=\"559\" data-end=\"581\">Y\u00fcksek Lisans Programlar\u0131:<\/p><ul data-start=\"584\" data-end=\"796\"><li data-start=\"584\" data-end=\"625\"><p data-start=\"586\" data-end=\"625\"><a href=\"https:\/\/www.ieseg.fr\/en\/programs\/grande-ecole-program\/bachelor\/\"><span class=\"relative -mx-px my-[-0.2rem] rounded px-px py-[0.2rem] transition-colors duration-100 ease-in-out\">Grande \u00c9cole Program\u0131 (Y\u00f6netim Y\u00fcksek Lisans\u0131)<\/span><\/a><\/p><\/li><li data-start=\"628\" data-end=\"669\"><p data-start=\"630\" data-end=\"669\"><span class=\"relative -mx-px my-[-0.2rem] rounded px-px py-[0.2rem] transition-colors duration-100 ease-in-out\"><a href=\"https:\/\/www.ieseg.fr\/en\/programs\/specialized-masters\/\">Uzmanla\u015fm\u0131\u015f Y\u00fcksek Lisanslar<\/a> (\u00f6rn. Finans, Dijital Pazarlama, Uluslararas\u0131 \u0130\u015fletme)<\/span><\/p><\/li><li data-start=\"672\" data-end=\"713\"><p data-start=\"674\" data-end=\"713\"><a href=\"https:\/\/www.ieseg.fr\/en\/programs\/global-mba\/\"><span class=\"relative -mx-px my-[-0.2rem] rounded px-px py-[0.2rem] transition-colors duration-100 ease-in-out\">MBA Programlar\u0131<\/span><\/a><\/p><\/li><li data-start=\"716\" data-end=\"796\"><p data-start=\"718\" data-end=\"796\"><span class=\"relative -mx-px my-[-0.2rem] rounded px-px py-[0.2rem] transition-colors duration-100 ease-in-out\">Y\u00f6netici E\u011fitimi<\/span><\/p><\/li><\/ul><\/li><\/ul><p data-start=\"798\" data-end=\"916\"><span class=\"relative -mx-px my-[-0.2rem] rounded px-px py-[0.2rem] transition-colors duration-100 ease-in-out\">T\u00fcm programlar, okulun k\u00fcresel y\u00f6nelimini yans\u0131tacak \u015fekilde tamamen \u0130ngilizce olarak verilmektedir.<\/span><\/p>\t\t\t\t\t\t\t\t<\/div>\n\t\t\t\t<div class=\"elementor-element elementor-element-e24ebbe elementor-widget elementor-widget-heading\" data-id=\"e24ebbe\" data-element_type=\"widget\" data-e-type=\"widget\" data-widget_type=\"heading.default\">\n\t\t\t\t\t<h2 class=\"elementor-heading-title elementor-size-default\">Vize ve Oturma \u0130zni<\/h2>\t\t\t\t<\/div>\n\t\t\t\t<div class=\"elementor-element elementor-element-aad7962 elementor-widget elementor-widget-text-editor\" data-id=\"aad7962\" data-element_type=\"widget\" data-e-type=\"widget\" data-widget_type=\"text-editor.default\">\n\t\t\t\t\t\t\t\t\t<p><span class=\"relative -mx-px my-[-0.2rem] rounded px-px py-[0.2rem] transition-colors duration-100 ease-in-out\">Uluslararas\u0131 \u00f6\u011frencilerin Fransa&#8217;da e\u011fitim almak i\u00e7in \u00f6\u011frenci vizesi almalar\u0131 gerekmektedir.<\/span> <span class=\"relative -mx-px my-[-0.2rem] rounded px-px py-[0.2rem] transition-colors duration-100 ease-in-out\"><a href=\"https:\/\/www.ieseg.fr\/wp-content\/uploads\/2024\/10\/IESEG-ExchangeProgramFactsheet-oct24.pdf\">IESEG&#8217;in Uluslararas\u0131 Hizmetler Koordinat\u00f6rleri<\/a>, \u00f6\u011frencilere vize ba\u015fvuru s\u00fcrecinde yard\u0131mc\u0131 olmakta ve oturma izni gereklilikleri konusunda rehberlik sa\u011flamaktad\u0131r.<\/span><\/p>\t\t\t\t\t\t\t\t<\/div>\n\t\t\t\t\t<\/div>\n\t\t\t\t<\/div>\n\t\t\t\t<\/div>\n\t\t","protected":false},"excerpt":{"rendered":"<p>IESEG Y\u00f6netim Okulu \u2013 Paris, Fransa Genel Bak\u0131\u015f 1964 y\u0131l\u0131nda Fransa&#8217;n\u0131n Lille \u015fehrinde kurulan IESEG Y\u00f6netim Okulu, Universit\u00e9 Catholique de Lille&#8217;e ba\u011fl\u0131 prestijli bir kurumdur. EQUIS, AACSB ve AMBA olmak \u00fczere sayg\u0131n \u201c\u00dc\u00e7l\u00fc Ta\u00e7\u201d akreditasyonuna sahiptir ve bu da onu d\u00fcnya genelindeki i\u015fletme okullar\u0131n\u0131n en iyi %1&#8217;i aras\u0131na yerle\u015ftirmektedir. IESEG, akademik m\u00fckemmelli\u011fe ve uluslararas\u0131la\u015fmaya olan [&hellip;]<\/p>\n","protected":false},"author":1,"featured_media":2234,"parent":2004,"menu_order":0,"comment_status":"closed","ping_status":"closed","template":"","meta":{"_acf_changed":false,"nf_dc_page":"","footnotes":""},"class_list":["post-2311","page","type-page","status-publish","has-post-thumbnail","hentry"],"acf":[],"yoast_head":"<!-- This site is optimized with the Yoast SEO plugin v27.4 - https:\/\/yoast.com\/product\/yoast-seo-wordpress\/ -->\n<title>IESEG Y\u00f6netim Okulu \u2013 Paris, Fransa - Admittance Education<\/title>\n<meta name=\"description\" content=\"Paris, Fransa&#039;daki IESEG Y\u00f6netim Okulu&#039;nu programlar\u0131, akreditasyonlar\u0131 ve uluslararas\u0131 \u00f6\u011frenciler i\u00e7in sundu\u011fu f\u0131rsatlar dahil olmak \u00fczere ke\u015ffedin.\" \/>\n<meta name=\"robots\" content=\"index, follow, max-snippet:-1, max-image-preview:large, max-video-preview:-1\" \/>\n<link rel=\"canonical\" href=\"https:\/\/admittanceeducation.com\/tr\/hizmetler\/universiteler\/universite-ziyaretleri\/ieseg-yonetim-okulu-paris-fransa\/\" \/>\n<meta property=\"og:locale\" content=\"tr_TR\" \/>\n<meta property=\"og:type\" content=\"article\" \/>\n<meta property=\"og:title\" content=\"IESEG Y\u00f6netim Okulu \u2013 Paris, Fransa - Admittance Education\" \/>\n<meta property=\"og:description\" content=\"Paris, Fransa&#039;daki IESEG Y\u00f6netim Okulu&#039;nu programlar\u0131, akreditasyonlar\u0131 ve uluslararas\u0131 \u00f6\u011frenciler i\u00e7in sundu\u011fu f\u0131rsatlar dahil olmak \u00fczere ke\u015ffedin.\" \/>\n<meta property=\"og:url\" content=\"https:\/\/admittanceeducation.com\/tr\/hizmetler\/universiteler\/universite-ziyaretleri\/ieseg-yonetim-okulu-paris-fransa\/\" \/>\n<meta property=\"og:site_name\" content=\"Admittance Education\" \/>\n<meta property=\"article:publisher\" content=\"https:\/\/www.facebook.com\/admittanceeducation\/\" \/>\n<meta property=\"article:modified_time\" content=\"2026-03-27T11:31:27+00:00\" \/>\n<meta property=\"og:image\" content=\"https:\/\/admittanceeducation.com\/wp-content\/uploads\/2026\/03\/us-students-smarter-path-to-global-education-with-admittance.webp\" \/>\n\t<meta property=\"og:image:width\" content=\"500\" \/>\n\t<meta property=\"og:image:height\" content=\"500\" \/>\n\t<meta property=\"og:image:type\" content=\"image\/webp\" \/>\n<meta name=\"twitter:card\" content=\"summary_large_image\" \/>\n<meta name=\"twitter:label1\" content=\"Est. reading time\" \/>\n\t<meta name=\"twitter:data1\" content=\"1 minute\" \/>\n<script type=\"application\/ld+json\" class=\"yoast-schema-graph\">{\"@context\":\"https:\\\/\\\/schema.org\",\"@graph\":[{\"@type\":\"WebPage\",\"@id\":\"https:\\\/\\\/admittanceeducation.com\\\/tr\\\/hizmetler\\\/universiteler\\\/universite-ziyaretleri\\\/ieseg-yonetim-okulu-paris-fransa\\\/\",\"url\":\"https:\\\/\\\/admittanceeducation.com\\\/tr\\\/hizmetler\\\/universiteler\\\/universite-ziyaretleri\\\/ieseg-yonetim-okulu-paris-fransa\\\/\",\"name\":\"IESEG Y\u00f6netim Okulu \u2013 Paris, Fransa - Admittance Education\",\"isPartOf\":{\"@id\":\"https:\\\/\\\/admittanceeducation.com\\\/tr\\\/#website\"},\"primaryImageOfPage\":{\"@id\":\"https:\\\/\\\/admittanceeducation.com\\\/tr\\\/hizmetler\\\/universiteler\\\/universite-ziyaretleri\\\/ieseg-yonetim-okulu-paris-fransa\\\/#primaryimage\"},\"image\":{\"@id\":\"https:\\\/\\\/admittanceeducation.com\\\/tr\\\/hizmetler\\\/universiteler\\\/universite-ziyaretleri\\\/ieseg-yonetim-okulu-paris-fransa\\\/#primaryimage\"},\"thumbnailUrl\":\"https:\\\/\\\/admittanceeducation.com\\\/wp-content\\\/uploads\\\/2026\\\/03\\\/us-students-smarter-path-to-global-education-with-admittance.webp\",\"datePublished\":\"2025-06-06T15:51:32+00:00\",\"dateModified\":\"2026-03-27T11:31:27+00:00\",\"description\":\"Paris, Fransa'daki IESEG Y\u00f6netim Okulu'nu programlar\u0131, akreditasyonlar\u0131 ve uluslararas\u0131 \u00f6\u011frenciler i\u00e7in sundu\u011fu f\u0131rsatlar dahil olmak \u00fczere ke\u015ffedin.\",\"breadcrumb\":{\"@id\":\"https:\\\/\\\/admittanceeducation.com\\\/tr\\\/hizmetler\\\/universiteler\\\/universite-ziyaretleri\\\/ieseg-yonetim-okulu-paris-fransa\\\/#breadcrumb\"},\"inLanguage\":\"tr-TR\",\"potentialAction\":[{\"@type\":\"ReadAction\",\"target\":[\"https:\\\/\\\/admittanceeducation.com\\\/tr\\\/hizmetler\\\/universiteler\\\/universite-ziyaretleri\\\/ieseg-yonetim-okulu-paris-fransa\\\/\"]}]},{\"@type\":\"ImageObject\",\"inLanguage\":\"tr-TR\",\"@id\":\"https:\\\/\\\/admittanceeducation.com\\\/tr\\\/hizmetler\\\/universiteler\\\/universite-ziyaretleri\\\/ieseg-yonetim-okulu-paris-fransa\\\/#primaryimage\",\"url\":\"https:\\\/\\\/admittanceeducation.com\\\/wp-content\\\/uploads\\\/2026\\\/03\\\/us-students-smarter-path-to-global-education-with-admittance.webp\",\"contentUrl\":\"https:\\\/\\\/admittanceeducation.com\\\/wp-content\\\/uploads\\\/2026\\\/03\\\/us-students-smarter-path-to-global-education-with-admittance.webp\",\"width\":500,\"height\":500,\"caption\":\"Bocconi kabul g\u00fcncellemesi 2025-2026, liberal sanatlar e\u011fitiminin de\u011feri\"},{\"@type\":\"BreadcrumbList\",\"@id\":\"https:\\\/\\\/admittanceeducation.com\\\/tr\\\/hizmetler\\\/universiteler\\\/universite-ziyaretleri\\\/ieseg-yonetim-okulu-paris-fransa\\\/#breadcrumb\",\"itemListElement\":[{\"@type\":\"ListItem\",\"position\":1,\"name\":\"Home\",\"item\":\"https:\\\/\\\/admittanceeducation.com\\\/tr\\\/\"},{\"@type\":\"ListItem\",\"position\":2,\"name\":\"Hizmetler\",\"item\":\"https:\\\/\\\/admittanceeducation.com\\\/tr\\\/hizmetler\\\/\"},{\"@type\":\"ListItem\",\"position\":3,\"name\":\"\u00dcniversiteler\",\"item\":\"https:\\\/\\\/admittanceeducation.com\\\/tr\\\/hizmetler\\\/universiteler\\\/\"},{\"@type\":\"ListItem\",\"position\":4,\"name\":\"\u00dcniversite Ziyaretleri\",\"item\":\"https:\\\/\\\/admittanceeducation.com\\\/tr\\\/hizmetler\\\/universiteler\\\/universite-ziyaretleri\\\/\"},{\"@type\":\"ListItem\",\"position\":5,\"name\":\"IESEG Y\u00f6netim Okulu \u2013 Paris, Fransa\"}]},{\"@type\":\"WebSite\",\"@id\":\"https:\\\/\\\/admittanceeducation.com\\\/tr\\\/#website\",\"url\":\"https:\\\/\\\/admittanceeducation.com\\\/tr\\\/\",\"name\":\"Admittance Education\",\"description\":\"Helping Students Study Abroad\",\"publisher\":{\"@id\":\"https:\\\/\\\/admittanceeducation.com\\\/tr\\\/#organization\"},\"potentialAction\":[{\"@type\":\"SearchAction\",\"target\":{\"@type\":\"EntryPoint\",\"urlTemplate\":\"https:\\\/\\\/admittanceeducation.com\\\/tr\\\/?s={search_term_string}\"},\"query-input\":{\"@type\":\"PropertyValueSpecification\",\"valueRequired\":true,\"valueName\":\"search_term_string\"}}],\"inLanguage\":\"tr-TR\"},{\"@type\":\"Organization\",\"@id\":\"https:\\\/\\\/admittanceeducation.com\\\/tr\\\/#organization\",\"name\":\"Admittance Education\",\"url\":\"https:\\\/\\\/admittanceeducation.com\\\/tr\\\/\",\"logo\":{\"@type\":\"ImageObject\",\"inLanguage\":\"tr-TR\",\"@id\":\"https:\\\/\\\/admittanceeducation.com\\\/tr\\\/#\\\/schema\\\/logo\\\/image\\\/\",\"url\":\"https:\\\/\\\/admittanceeducation.com\\\/wp-content\\\/uploads\\\/2026\\\/03\\\/Admittance-Education-Logo-Black.webp\",\"contentUrl\":\"https:\\\/\\\/admittanceeducation.com\\\/wp-content\\\/uploads\\\/2026\\\/03\\\/Admittance-Education-Logo-Black.webp\",\"width\":1500,\"height\":604,\"caption\":\"Admittance Education\"},\"image\":{\"@id\":\"https:\\\/\\\/admittanceeducation.com\\\/tr\\\/#\\\/schema\\\/logo\\\/image\\\/\"},\"sameAs\":[\"https:\\\/\\\/www.facebook.com\\\/admittanceeducation\\\/\",\"https:\\\/\\\/www.youtube.com\\\/channel\\\/UCfyMGWjBHhVokvApn3twRsQ\",\"https:\\\/\\\/www.instagram.com\\\/admittanceeducation\\\/\",\"https:\\\/\\\/www.linkedin.com\\\/company\\\/admittance-education\\\/\"]}]}<\/script>\n<!-- \/ Yoast SEO plugin. -->","yoast_head_json":{"title":"IESEG Y\u00f6netim Okulu \u2013 Paris, Fransa - Admittance Education","description":"Paris, Fransa'daki IESEG Y\u00f6netim Okulu'nu programlar\u0131, akreditasyonlar\u0131 ve uluslararas\u0131 \u00f6\u011frenciler i\u00e7in sundu\u011fu f\u0131rsatlar dahil olmak \u00fczere ke\u015ffedin.","robots":{"index":"index","follow":"follow","max-snippet":"max-snippet:-1","max-image-preview":"max-image-preview:large","max-video-preview":"max-video-preview:-1"},"canonical":"https:\/\/admittanceeducation.com\/tr\/hizmetler\/universiteler\/universite-ziyaretleri\/ieseg-yonetim-okulu-paris-fransa\/","og_locale":"tr_TR","og_type":"article","og_title":"IESEG Y\u00f6netim Okulu \u2013 Paris, Fransa - Admittance Education","og_description":"Paris, Fransa'daki IESEG Y\u00f6netim Okulu'nu programlar\u0131, akreditasyonlar\u0131 ve uluslararas\u0131 \u00f6\u011frenciler i\u00e7in sundu\u011fu f\u0131rsatlar dahil olmak \u00fczere ke\u015ffedin.","og_url":"https:\/\/admittanceeducation.com\/tr\/hizmetler\/universiteler\/universite-ziyaretleri\/ieseg-yonetim-okulu-paris-fransa\/","og_site_name":"Admittance Education","article_publisher":"https:\/\/www.facebook.com\/admittanceeducation\/","article_modified_time":"2026-03-27T11:31:27+00:00","og_image":[{"width":500,"height":500,"url":"https:\/\/admittanceeducation.com\/wp-content\/uploads\/2026\/03\/us-students-smarter-path-to-global-education-with-admittance.webp","type":"image\/webp"}],"twitter_card":"summary_large_image","twitter_misc":{"Est. reading time":"1 minute"},"schema":{"@context":"https:\/\/schema.org","@graph":[{"@type":"WebPage","@id":"https:\/\/admittanceeducation.com\/tr\/hizmetler\/universiteler\/universite-ziyaretleri\/ieseg-yonetim-okulu-paris-fransa\/","url":"https:\/\/admittanceeducation.com\/tr\/hizmetler\/universiteler\/universite-ziyaretleri\/ieseg-yonetim-okulu-paris-fransa\/","name":"IESEG Y\u00f6netim Okulu \u2013 Paris, Fransa - Admittance Education","isPartOf":{"@id":"https:\/\/admittanceeducation.com\/tr\/#website"},"primaryImageOfPage":{"@id":"https:\/\/admittanceeducation.com\/tr\/hizmetler\/universiteler\/universite-ziyaretleri\/ieseg-yonetim-okulu-paris-fransa\/#primaryimage"},"image":{"@id":"https:\/\/admittanceeducation.com\/tr\/hizmetler\/universiteler\/universite-ziyaretleri\/ieseg-yonetim-okulu-paris-fransa\/#primaryimage"},"thumbnailUrl":"https:\/\/admittanceeducation.com\/wp-content\/uploads\/2026\/03\/us-students-smarter-path-to-global-education-with-admittance.webp","datePublished":"2025-06-06T15:51:32+00:00","dateModified":"2026-03-27T11:31:27+00:00","description":"Paris, Fransa'daki IESEG Y\u00f6netim Okulu'nu programlar\u0131, akreditasyonlar\u0131 ve uluslararas\u0131 \u00f6\u011frenciler i\u00e7in sundu\u011fu f\u0131rsatlar dahil olmak \u00fczere ke\u015ffedin.","breadcrumb":{"@id":"https:\/\/admittanceeducation.com\/tr\/hizmetler\/universiteler\/universite-ziyaretleri\/ieseg-yonetim-okulu-paris-fransa\/#breadcrumb"},"inLanguage":"tr-TR","potentialAction":[{"@type":"ReadAction","target":["https:\/\/admittanceeducation.com\/tr\/hizmetler\/universiteler\/universite-ziyaretleri\/ieseg-yonetim-okulu-paris-fransa\/"]}]},{"@type":"ImageObject","inLanguage":"tr-TR","@id":"https:\/\/admittanceeducation.com\/tr\/hizmetler\/universiteler\/universite-ziyaretleri\/ieseg-yonetim-okulu-paris-fransa\/#primaryimage","url":"https:\/\/admittanceeducation.com\/wp-content\/uploads\/2026\/03\/us-students-smarter-path-to-global-education-with-admittance.webp","contentUrl":"https:\/\/admittanceeducation.com\/wp-content\/uploads\/2026\/03\/us-students-smarter-path-to-global-education-with-admittance.webp","width":500,"height":500,"caption":"Bocconi kabul g\u00fcncellemesi 2025-2026, liberal sanatlar e\u011fitiminin de\u011feri"},{"@type":"BreadcrumbList","@id":"https:\/\/admittanceeducation.com\/tr\/hizmetler\/universiteler\/universite-ziyaretleri\/ieseg-yonetim-okulu-paris-fransa\/#breadcrumb","itemListElement":[{"@type":"ListItem","position":1,"name":"Home","item":"https:\/\/admittanceeducation.com\/tr\/"},{"@type":"ListItem","position":2,"name":"Hizmetler","item":"https:\/\/admittanceeducation.com\/tr\/hizmetler\/"},{"@type":"ListItem","position":3,"name":"\u00dcniversiteler","item":"https:\/\/admittanceeducation.com\/tr\/hizmetler\/universiteler\/"},{"@type":"ListItem","position":4,"name":"\u00dcniversite Ziyaretleri","item":"https:\/\/admittanceeducation.com\/tr\/hizmetler\/universiteler\/universite-ziyaretleri\/"},{"@type":"ListItem","position":5,"name":"IESEG Y\u00f6netim Okulu \u2013 Paris, Fransa"}]},{"@type":"WebSite","@id":"https:\/\/admittanceeducation.com\/tr\/#website","url":"https:\/\/admittanceeducation.com\/tr\/","name":"Admittance Education","description":"Helping Students Study Abroad","publisher":{"@id":"https:\/\/admittanceeducation.com\/tr\/#organization"},"potentialAction":[{"@type":"SearchAction","target":{"@type":"EntryPoint","urlTemplate":"https:\/\/admittanceeducation.com\/tr\/?s={search_term_string}"},"query-input":{"@type":"PropertyValueSpecification","valueRequired":true,"valueName":"search_term_string"}}],"inLanguage":"tr-TR"},{"@type":"Organization","@id":"https:\/\/admittanceeducation.com\/tr\/#organization","name":"Admittance Education","url":"https:\/\/admittanceeducation.com\/tr\/","logo":{"@type":"ImageObject","inLanguage":"tr-TR","@id":"https:\/\/admittanceeducation.com\/tr\/#\/schema\/logo\/image\/","url":"https:\/\/admittanceeducation.com\/wp-content\/uploads\/2026\/03\/Admittance-Education-Logo-Black.webp","contentUrl":"https:\/\/admittanceeducation.com\/wp-content\/uploads\/2026\/03\/Admittance-Education-Logo-Black.webp","width":1500,"height":604,"caption":"Admittance Education"},"image":{"@id":"https:\/\/admittanceeducation.com\/tr\/#\/schema\/logo\/image\/"},"sameAs":["https:\/\/www.facebook.com\/admittanceeducation\/","https:\/\/www.youtube.com\/channel\/UCfyMGWjBHhVokvApn3twRsQ","https:\/\/www.instagram.com\/admittanceeducation\/","https:\/\/www.linkedin.com\/company\/admittance-education\/"]}]}},"_links":{"self":[{"href":"https:\/\/admittanceeducation.com\/tr\/wp-json\/wp\/v2\/pages\/2311","targetHints":{"allow":["GET"]}}],"collection":[{"href":"https:\/\/admittanceeducation.com\/tr\/wp-json\/wp\/v2\/pages"}],"about":[{"href":"https:\/\/admittanceeducation.com\/tr\/wp-json\/wp\/v2\/types\/page"}],"author":[{"embeddable":true,"href":"https:\/\/admittanceeducation.com\/tr\/wp-json\/wp\/v2\/users\/1"}],"replies":[{"embeddable":true,"href":"https:\/\/admittanceeducation.com\/tr\/wp-json\/wp\/v2\/comments?post=2311"}],"version-history":[{"count":1,"href":"https:\/\/admittanceeducation.com\/tr\/wp-json\/wp\/v2\/pages\/2311\/revisions"}],"predecessor-version":[{"id":2312,"href":"https:\/\/admittanceeducation.com\/tr\/wp-json\/wp\/v2\/pages\/2311\/revisions\/2312"}],"up":[{"embeddable":true,"href":"https:\/\/admittanceeducation.com\/tr\/wp-json\/wp\/v2\/pages\/2004"}],"wp:featuredmedia":[{"embeddable":true,"href":"https:\/\/admittanceeducation.com\/tr\/wp-json\/wp\/v2\/media\/2234"}],"wp:attachment":[{"href":"https:\/\/admittanceeducation.com\/tr\/wp-json\/wp\/v2\/media?parent=2311"}],"curies":[{"name":"wp","href":"https:\/\/api.w.org\/{rel}","templated":true}]}}