{"id":2308,"date":"2025-06-06T18:03:32","date_gmt":"2025-06-06T18:03:32","guid":{"rendered":"https:\/\/admittanceeducation.com\/hizmetler\/universiteler\/universite-ziyaretleri\/escp-isletme-okulu-paris-fransa\/"},"modified":"2026-03-27T11:29:34","modified_gmt":"2026-03-27T11:29:34","slug":"escp-isletme-okulu-paris-fransa","status":"publish","type":"page","link":"https:\/\/admittanceeducation.com\/tr\/hizmetler\/universiteler\/universite-ziyaretleri\/escp-isletme-okulu-paris-fransa\/","title":{"rendered":"ESCP \u0130\u015fletme Okulu \u2013 Paris, Fransa"},"content":{"rendered":"\t\t<div data-elementor-type=\"wp-page\" data-elementor-id=\"2308\" class=\"elementor elementor-2308 elementor-918\" data-elementor-post-type=\"page\">\n\t\t\t\t<div class=\"elementor-element elementor-element-65d53c7 e-flex e-con-boxed e-con e-parent\" data-id=\"65d53c7\" data-element_type=\"container\" data-e-type=\"container\" data-settings=\"{&quot;background_background&quot;:&quot;classic&quot;}\">\n\t\t\t\t\t<div class=\"e-con-inner\">\n\t\t<div class=\"elementor-element elementor-element-a381a6c e-con-full e-flex e-con e-child\" data-id=\"a381a6c\" data-element_type=\"container\" data-e-type=\"container\">\n\t\t\t\t<div class=\"elementor-element elementor-element-dc5ce03 elementor-widget elementor-widget-heading\" data-id=\"dc5ce03\" data-element_type=\"widget\" data-e-type=\"widget\" data-widget_type=\"heading.default\">\n\t\t\t\t\t<h1 class=\"elementor-heading-title elementor-size-default\">ESCP \u0130\u015fletme Okulu \u2013 Paris, Fransa<\/h1>\t\t\t\t<\/div>\n\t\t\t\t<\/div>\n\t\t\t\t\t<\/div>\n\t\t\t\t<\/div>\n\t\t<div class=\"elementor-element elementor-element-f3f7231 e-flex e-con-boxed e-con e-parent\" data-id=\"f3f7231\" data-element_type=\"container\" data-e-type=\"container\">\n\t\t\t\t\t<div class=\"e-con-inner\">\n\t\t\t\t<div class=\"elementor-element elementor-element-6c93b71 elementor-widget elementor-widget-heading\" data-id=\"6c93b71\" data-element_type=\"widget\" data-e-type=\"widget\" data-widget_type=\"heading.default\">\n\t\t\t\t\t<h2 class=\"elementor-heading-title elementor-size-default\">Genel Bak\u0131\u015f<\/h2>\t\t\t\t<\/div>\n\t\t\t\t<div class=\"elementor-element elementor-element-412bfdf elementor-widget elementor-widget-text-editor\" data-id=\"412bfdf\" data-element_type=\"widget\" data-e-type=\"widget\" data-widget_type=\"text-editor.default\">\n\t\t\t\t\t\t\t\t\t<p><span class=\"relative -mx-px my-[-0.2rem] rounded px-px py-[0.2rem] transition-colors duration-100 ease-in-out\">1819&#8217;da kurulan <a href=\"https:\/\/escp.eu\/\">ESCP \u0130\u015fletme Okulu<\/a>, d\u00fcnyan\u0131n ilk i\u015fletme okulu olarak tan\u0131nmaktad\u0131r.<\/span> <span class=\"relative -mx-px my-[-0.2rem] rounded px-px py-[0.2rem] transition-colors duration-100 ease-in-out\">11. b\u00f6lgede yer alan Paris kamp\u00fcs\u00fc, kurumun en b\u00fcy\u00fck ve en tarihi yerle\u015fkesi olup, her y\u0131l yakla\u015f\u0131k 4.000 \u00f6\u011frenciye ev sahipli\u011fi yapmaktad\u0131r.<\/span> <span class=\"relative -mx-px my-[-0.2rem] rounded px-px py-[0.2rem] transition-colors duration-100 ease-in-out\">ESCP, prestijli &#8220;\u00dc\u00e7l\u00fc Ta\u00e7&#8221; akreditasyonuna (EQUIS, AACSB ve AMBA) sahiptir ve bu onu d\u00fcnya genelindeki i\u015fletme okullar\u0131n\u0131n en iyi %1&#8217;i aras\u0131na yerle\u015ftirmektedir.<\/span> <span class=\"relative -mx-px my-[-0.2rem] rounded px-px py-[0.2rem] transition-colors duration-100 ease-in-out\">Okul, k\u00fcresel \u00e7apta s\u00fcrekli olarak en iyi i\u015fletme okullar\u0131 aras\u0131nda yer almakta olup, Y\u00f6netim Y\u00fcksek Lisans program\u0131 2024 y\u0131l\u0131nda Financial Times taraf\u0131ndan <a href=\"https:\/\/escp.eu\/programmes\/master-in-management\">d\u00fcnya genelinde 6. s\u0131rada<\/a> g\u00f6sterilmi\u015ftir.<\/span><\/p>\t\t\t\t\t\t\t\t<\/div>\n\t\t\t\t<div class=\"elementor-element elementor-element-57da4f4 elementor-widget elementor-widget-heading\" data-id=\"57da4f4\" data-element_type=\"widget\" data-e-type=\"widget\" data-widget_type=\"heading.default\">\n\t\t\t\t\t<h2 class=\"elementor-heading-title elementor-size-default\">Programlar ve Ana Dallar<\/h2>\t\t\t\t<\/div>\n\t\t\t\t<div class=\"elementor-element elementor-element-2887d26 elementor-widget elementor-widget-text-editor\" data-id=\"2887d26\" data-element_type=\"widget\" data-e-type=\"widget\" data-widget_type=\"text-editor.default\">\n\t\t\t\t\t\t\t\t\t<p data-start=\"359\" data-end=\"386\"><strong data-start=\"359\" data-end=\"386\">Lisans Programlar\u0131:<\/strong><\/p><ul data-start=\"388\" data-end=\"582\"><li data-start=\"388\" data-end=\"582\"><p data-start=\"390\" data-end=\"582\"><strong data-start=\"390\" data-end=\"423\"><a href=\"https:\/\/escp.eu\/programmes\/bachelor-in-management-BSc\">Y\u00f6netim Lisans\u0131 (BSc)<\/a>:<\/strong> <span class=\"relative -mx-px my-[-0.2rem] rounded px-px py-[0.2rem] transition-colors duration-100 ease-in-out\">\u00d6\u011frencilerin her y\u0131l\u0131 farkl\u0131 bir \u00fclkede, ESCP&#8217;nin Berlin, Londra, Madrid, Paris ve Torino kamp\u00fcsleri aras\u0131ndan se\u00e7im yaparak ge\u00e7irdi\u011fi \u00fc\u00e7 y\u0131ll\u0131k bir programd\u0131r.<\/span> <span class=\"relative -mx-px my-[-0.2rem] rounded px-px py-[0.2rem] transition-colors duration-100 ease-in-out\">M\u00fcfredat, y\u00f6netim \u00e7al\u0131\u015fmalar\u0131 ile be\u015feri bilimleri birle\u015ftirir ve zorunlu stajlar\u0131 veya sosyal etki projelerini i\u00e7erir.<\/span> <\/p><\/li><\/ul><p data-start=\"584\" data-end=\"606\"><strong data-start=\"584\" data-end=\"606\">Y\u00fcksek Lisans Programlar\u0131:<\/strong><\/p><ul data-start=\"608\" data-end=\"1072\"><li data-start=\"608\" data-end=\"760\"><p data-start=\"610\" data-end=\"760\"><strong data-start=\"610\" data-end=\"641\">Y\u00f6netim Y\u00fcksek Lisans\u0131 (MiM):<\/strong> <span class=\"relative -mx-px my-[-0.2rem] rounded px-px py-[0.2rem] transition-colors duration-100 ease-in-out\">\u00d6\u011frencilere birden fazla \u00fclkede e\u011fitim alma ve finans, pazarlama veya giri\u015fimcilik gibi \u00e7e\u015fitli alanlarda uzmanla\u015fma f\u0131rsat\u0131 sunan iki y\u0131ll\u0131k bir programd\u0131r.<\/span><\/p><\/li><li data-start=\"762\" data-end=\"913\"><p data-start=\"764\" data-end=\"913\"><strong data-start=\"764\" data-end=\"794\"><a href=\"https:\/\/escp.eu\/programmes\/specialised-masters-MSc\">Uzmanla\u015fm\u0131\u015f Y\u00fcksek Lisanslar (MSc)<\/a>:<\/strong> <span class=\"relative -mx-px my-[-0.2rem] rounded px-px py-[0.2rem] transition-colors duration-100 ease-in-out\">Pazarlama ve Dijital Medya, Finans, B\u00fcy\u00fck Veri ve \u0130\u015f Analiti\u011fi gibi alanlarda programlar.<\/span><\/p><\/li><li data-start=\"915\" data-end=\"1072\"><p data-start=\"917\" data-end=\"1072\"><strong data-start=\"917\" data-end=\"953\">Uluslararas\u0131 Y\u00f6netimde MBA:<\/strong> <span class=\"relative -mx-px my-[-0.2rem] rounded px-px py-[0.2rem] transition-colors duration-100 ease-in-out\">En az \u00fc\u00e7 y\u0131ll\u0131k i\u015f deneyimine sahip profesyoneller i\u00e7in tasarlanm\u0131\u015f, uluslararas\u0131 i\u015f ve liderli\u011fe odaklanan tam zamanl\u0131, bir y\u0131ll\u0131k bir programd\u0131r.<\/span><\/p><\/li><\/ul>\t\t\t\t\t\t\t\t<\/div>\n\t\t\t\t<div class=\"elementor-element elementor-element-eeed89e elementor-widget elementor-widget-text-editor\" data-id=\"eeed89e\" data-element_type=\"widget\" data-e-type=\"widget\" data-widget_type=\"text-editor.default\">\n\t\t\t\t\t\t\t\t\t<p data-start=\"3043\" data-end=\"3125\"><span class=\"relative -mx-px my-[-0.2rem] rounded px-px py-[0.2rem] transition-colors duration-100 ease-in-out\">ESCP&#8217;nin Paris kamp\u00fcs\u00fc, derslikler, k\u00fct\u00fcphaneler ve \u00f6\u011frenci salonlar\u0131 dahil olmak \u00fczere tesisleriyle 11. b\u00f6lgede yer almaktad\u0131r.<\/span> <span class=\"relative -mx-px my-[-0.2rem] rounded px-px py-[0.2rem] transition-colors duration-100 ease-in-out\">Kamp\u00fcs, k\u00fclt\u00fcrel festivallerden i\u015f yar\u0131\u015fmalar\u0131na kadar \u00e7e\u015fitli etkinlikler d\u00fczenleyen 50&#8217;den fazla \u00f6\u011frenci kul\u00fcb\u00fc ve derne\u011fine ev sahipli\u011fi yapmaktad\u0131r.<\/span><\/p>\t\t\t\t\t\t\t\t<\/div>\n\t\t\t\t\t<\/div>\n\t\t\t\t<\/div>\n\t\t\t\t<\/div>\n\t\t","protected":false},"excerpt":{"rendered":"<p>ESCP \u0130\u015fletme Okulu \u2013 Paris, Fransa Genel Bak\u0131\u015f 1819&#8217;da kurulan ESCP \u0130\u015fletme Okulu, d\u00fcnyan\u0131n ilk i\u015fletme okulu olarak tan\u0131nmaktad\u0131r. 11. b\u00f6lgede yer alan Paris kamp\u00fcs\u00fc, kurumun en b\u00fcy\u00fck ve en tarihi yerle\u015fkesi olup, her y\u0131l yakla\u015f\u0131k 4.000 \u00f6\u011frenciye ev sahipli\u011fi yapmaktad\u0131r. ESCP, prestijli &#8220;\u00dc\u00e7l\u00fc Ta\u00e7&#8221; akreditasyonuna (EQUIS, AACSB ve AMBA) sahiptir ve bu onu d\u00fcnya [&hellip;]<\/p>\n","protected":false},"author":1,"featured_media":2307,"parent":2004,"menu_order":0,"comment_status":"closed","ping_status":"closed","template":"","meta":{"_acf_changed":false,"nf_dc_page":"","footnotes":""},"class_list":["post-2308","page","type-page","status-publish","has-post-thumbnail","hentry"],"acf":[],"yoast_head":"<!-- This site is optimized with the Yoast SEO plugin v27.4 - https:\/\/yoast.com\/product\/yoast-seo-wordpress\/ -->\n<title>ESCP \u0130\u015fletme Okulu \u2013 Paris, Fransa - Admittance Education<\/title>\n<meta name=\"description\" content=\"ESCP \u0130\u015fletme Okulu&#039;nu Paris, Fransa&#039;da ke\u015ffedin; programlar\u0131, \u00fc\u00e7l\u00fc ta\u00e7 akreditasyonu ve k\u00fcresel e\u011fitim f\u0131rsatlar\u0131 dahil.\" \/>\n<meta name=\"robots\" content=\"index, follow, max-snippet:-1, max-image-preview:large, max-video-preview:-1\" \/>\n<link rel=\"canonical\" href=\"https:\/\/admittanceeducation.com\/tr\/hizmetler\/universiteler\/universite-ziyaretleri\/escp-isletme-okulu-paris-fransa\/\" \/>\n<meta property=\"og:locale\" content=\"tr_TR\" \/>\n<meta property=\"og:type\" content=\"article\" \/>\n<meta property=\"og:title\" content=\"ESCP \u0130\u015fletme Okulu \u2013 Paris, Fransa - Admittance Education\" \/>\n<meta property=\"og:description\" content=\"ESCP \u0130\u015fletme Okulu&#039;nu Paris, Fransa&#039;da ke\u015ffedin; programlar\u0131, \u00fc\u00e7l\u00fc ta\u00e7 akreditasyonu ve k\u00fcresel e\u011fitim f\u0131rsatlar\u0131 dahil.\" \/>\n<meta property=\"og:url\" content=\"https:\/\/admittanceeducation.com\/tr\/hizmetler\/universiteler\/universite-ziyaretleri\/escp-isletme-okulu-paris-fransa\/\" \/>\n<meta property=\"og:site_name\" content=\"Admittance Education\" \/>\n<meta property=\"article:publisher\" content=\"https:\/\/www.facebook.com\/admittanceeducation\/\" \/>\n<meta property=\"article:modified_time\" content=\"2026-03-27T11:29:34+00:00\" \/>\n<meta property=\"og:image\" content=\"https:\/\/admittanceeducation.com\/wp-content\/uploads\/2025\/06\/ESCP-Paris-Hero.png\" \/>\n\t<meta property=\"og:image:width\" content=\"1920\" \/>\n\t<meta property=\"og:image:height\" content=\"600\" \/>\n\t<meta property=\"og:image:type\" content=\"image\/png\" \/>\n<meta name=\"twitter:card\" content=\"summary_large_image\" \/>\n<meta name=\"twitter:label1\" content=\"Est. reading time\" \/>\n\t<meta name=\"twitter:data1\" content=\"2 minutes\" \/>\n<script type=\"application\/ld+json\" class=\"yoast-schema-graph\">{\"@context\":\"https:\\\/\\\/schema.org\",\"@graph\":[{\"@type\":\"WebPage\",\"@id\":\"https:\\\/\\\/admittanceeducation.com\\\/tr\\\/hizmetler\\\/universiteler\\\/universite-ziyaretleri\\\/escp-isletme-okulu-paris-fransa\\\/\",\"url\":\"https:\\\/\\\/admittanceeducation.com\\\/tr\\\/hizmetler\\\/universiteler\\\/universite-ziyaretleri\\\/escp-isletme-okulu-paris-fransa\\\/\",\"name\":\"ESCP \u0130\u015fletme Okulu \u2013 Paris, Fransa - Admittance Education\",\"isPartOf\":{\"@id\":\"https:\\\/\\\/admittanceeducation.com\\\/tr\\\/#website\"},\"primaryImageOfPage\":{\"@id\":\"https:\\\/\\\/admittanceeducation.com\\\/tr\\\/hizmetler\\\/universiteler\\\/universite-ziyaretleri\\\/escp-isletme-okulu-paris-fransa\\\/#primaryimage\"},\"image\":{\"@id\":\"https:\\\/\\\/admittanceeducation.com\\\/tr\\\/hizmetler\\\/universiteler\\\/universite-ziyaretleri\\\/escp-isletme-okulu-paris-fransa\\\/#primaryimage\"},\"thumbnailUrl\":\"https:\\\/\\\/admittanceeducation.com\\\/wp-content\\\/uploads\\\/2025\\\/06\\\/ESCP-Paris-Hero.png\",\"datePublished\":\"2025-06-06T18:03:32+00:00\",\"dateModified\":\"2026-03-27T11:29:34+00:00\",\"description\":\"ESCP \u0130\u015fletme Okulu'nu Paris, Fransa'da ke\u015ffedin; programlar\u0131, \u00fc\u00e7l\u00fc ta\u00e7 akreditasyonu ve k\u00fcresel e\u011fitim f\u0131rsatlar\u0131 dahil.\",\"breadcrumb\":{\"@id\":\"https:\\\/\\\/admittanceeducation.com\\\/tr\\\/hizmetler\\\/universiteler\\\/universite-ziyaretleri\\\/escp-isletme-okulu-paris-fransa\\\/#breadcrumb\"},\"inLanguage\":\"tr-TR\",\"potentialAction\":[{\"@type\":\"ReadAction\",\"target\":[\"https:\\\/\\\/admittanceeducation.com\\\/tr\\\/hizmetler\\\/universiteler\\\/universite-ziyaretleri\\\/escp-isletme-okulu-paris-fransa\\\/\"]}]},{\"@type\":\"ImageObject\",\"inLanguage\":\"tr-TR\",\"@id\":\"https:\\\/\\\/admittanceeducation.com\\\/tr\\\/hizmetler\\\/universiteler\\\/universite-ziyaretleri\\\/escp-isletme-okulu-paris-fransa\\\/#primaryimage\",\"url\":\"https:\\\/\\\/admittanceeducation.com\\\/wp-content\\\/uploads\\\/2025\\\/06\\\/ESCP-Paris-Hero.png\",\"contentUrl\":\"https:\\\/\\\/admittanceeducation.com\\\/wp-content\\\/uploads\\\/2025\\\/06\\\/ESCP-Paris-Hero.png\",\"width\":1920,\"height\":600,\"caption\":\"ESCP \u0130\u015fletme Okulu Paris Fransa\"},{\"@type\":\"BreadcrumbList\",\"@id\":\"https:\\\/\\\/admittanceeducation.com\\\/tr\\\/hizmetler\\\/universiteler\\\/universite-ziyaretleri\\\/escp-isletme-okulu-paris-fransa\\\/#breadcrumb\",\"itemListElement\":[{\"@type\":\"ListItem\",\"position\":1,\"name\":\"Home\",\"item\":\"https:\\\/\\\/admittanceeducation.com\\\/tr\\\/\"},{\"@type\":\"ListItem\",\"position\":2,\"name\":\"Hizmetler\",\"item\":\"https:\\\/\\\/admittanceeducation.com\\\/tr\\\/hizmetler\\\/\"},{\"@type\":\"ListItem\",\"position\":3,\"name\":\"\u00dcniversiteler\",\"item\":\"https:\\\/\\\/admittanceeducation.com\\\/tr\\\/hizmetler\\\/universiteler\\\/\"},{\"@type\":\"ListItem\",\"position\":4,\"name\":\"\u00dcniversite Ziyaretleri\",\"item\":\"https:\\\/\\\/admittanceeducation.com\\\/tr\\\/hizmetler\\\/universiteler\\\/universite-ziyaretleri\\\/\"},{\"@type\":\"ListItem\",\"position\":5,\"name\":\"ESCP \u0130\u015fletme Okulu \u2013 Paris, Fransa\"}]},{\"@type\":\"WebSite\",\"@id\":\"https:\\\/\\\/admittanceeducation.com\\\/tr\\\/#website\",\"url\":\"https:\\\/\\\/admittanceeducation.com\\\/tr\\\/\",\"name\":\"Admittance Education\",\"description\":\"Helping Students Study Abroad\",\"publisher\":{\"@id\":\"https:\\\/\\\/admittanceeducation.com\\\/tr\\\/#organization\"},\"potentialAction\":[{\"@type\":\"SearchAction\",\"target\":{\"@type\":\"EntryPoint\",\"urlTemplate\":\"https:\\\/\\\/admittanceeducation.com\\\/tr\\\/?s={search_term_string}\"},\"query-input\":{\"@type\":\"PropertyValueSpecification\",\"valueRequired\":true,\"valueName\":\"search_term_string\"}}],\"inLanguage\":\"tr-TR\"},{\"@type\":\"Organization\",\"@id\":\"https:\\\/\\\/admittanceeducation.com\\\/tr\\\/#organization\",\"name\":\"Admittance Education\",\"url\":\"https:\\\/\\\/admittanceeducation.com\\\/tr\\\/\",\"logo\":{\"@type\":\"ImageObject\",\"inLanguage\":\"tr-TR\",\"@id\":\"https:\\\/\\\/admittanceeducation.com\\\/tr\\\/#\\\/schema\\\/logo\\\/image\\\/\",\"url\":\"https:\\\/\\\/admittanceeducation.com\\\/wp-content\\\/uploads\\\/2026\\\/03\\\/Admittance-Education-Logo-Black.webp\",\"contentUrl\":\"https:\\\/\\\/admittanceeducation.com\\\/wp-content\\\/uploads\\\/2026\\\/03\\\/Admittance-Education-Logo-Black.webp\",\"width\":1500,\"height\":604,\"caption\":\"Admittance Education\"},\"image\":{\"@id\":\"https:\\\/\\\/admittanceeducation.com\\\/tr\\\/#\\\/schema\\\/logo\\\/image\\\/\"},\"sameAs\":[\"https:\\\/\\\/www.facebook.com\\\/admittanceeducation\\\/\",\"https:\\\/\\\/www.youtube.com\\\/channel\\\/UCfyMGWjBHhVokvApn3twRsQ\",\"https:\\\/\\\/www.instagram.com\\\/admittanceeducation\\\/\",\"https:\\\/\\\/www.linkedin.com\\\/company\\\/admittance-education\\\/\"]}]}<\/script>\n<!-- \/ Yoast SEO plugin. -->","yoast_head_json":{"title":"ESCP \u0130\u015fletme Okulu \u2013 Paris, Fransa - Admittance Education","description":"ESCP \u0130\u015fletme Okulu'nu Paris, Fransa'da ke\u015ffedin; programlar\u0131, \u00fc\u00e7l\u00fc ta\u00e7 akreditasyonu ve k\u00fcresel e\u011fitim f\u0131rsatlar\u0131 dahil.","robots":{"index":"index","follow":"follow","max-snippet":"max-snippet:-1","max-image-preview":"max-image-preview:large","max-video-preview":"max-video-preview:-1"},"canonical":"https:\/\/admittanceeducation.com\/tr\/hizmetler\/universiteler\/universite-ziyaretleri\/escp-isletme-okulu-paris-fransa\/","og_locale":"tr_TR","og_type":"article","og_title":"ESCP \u0130\u015fletme Okulu \u2013 Paris, Fransa - Admittance Education","og_description":"ESCP \u0130\u015fletme Okulu'nu Paris, Fransa'da ke\u015ffedin; programlar\u0131, \u00fc\u00e7l\u00fc ta\u00e7 akreditasyonu ve k\u00fcresel e\u011fitim f\u0131rsatlar\u0131 dahil.","og_url":"https:\/\/admittanceeducation.com\/tr\/hizmetler\/universiteler\/universite-ziyaretleri\/escp-isletme-okulu-paris-fransa\/","og_site_name":"Admittance Education","article_publisher":"https:\/\/www.facebook.com\/admittanceeducation\/","article_modified_time":"2026-03-27T11:29:34+00:00","og_image":[{"width":1920,"height":600,"url":"https:\/\/admittanceeducation.com\/wp-content\/uploads\/2025\/06\/ESCP-Paris-Hero.png","type":"image\/png"}],"twitter_card":"summary_large_image","twitter_misc":{"Est. reading time":"2 minutes"},"schema":{"@context":"https:\/\/schema.org","@graph":[{"@type":"WebPage","@id":"https:\/\/admittanceeducation.com\/tr\/hizmetler\/universiteler\/universite-ziyaretleri\/escp-isletme-okulu-paris-fransa\/","url":"https:\/\/admittanceeducation.com\/tr\/hizmetler\/universiteler\/universite-ziyaretleri\/escp-isletme-okulu-paris-fransa\/","name":"ESCP \u0130\u015fletme Okulu \u2013 Paris, Fransa - Admittance Education","isPartOf":{"@id":"https:\/\/admittanceeducation.com\/tr\/#website"},"primaryImageOfPage":{"@id":"https:\/\/admittanceeducation.com\/tr\/hizmetler\/universiteler\/universite-ziyaretleri\/escp-isletme-okulu-paris-fransa\/#primaryimage"},"image":{"@id":"https:\/\/admittanceeducation.com\/tr\/hizmetler\/universiteler\/universite-ziyaretleri\/escp-isletme-okulu-paris-fransa\/#primaryimage"},"thumbnailUrl":"https:\/\/admittanceeducation.com\/wp-content\/uploads\/2025\/06\/ESCP-Paris-Hero.png","datePublished":"2025-06-06T18:03:32+00:00","dateModified":"2026-03-27T11:29:34+00:00","description":"ESCP \u0130\u015fletme Okulu'nu Paris, Fransa'da ke\u015ffedin; programlar\u0131, \u00fc\u00e7l\u00fc ta\u00e7 akreditasyonu ve k\u00fcresel e\u011fitim f\u0131rsatlar\u0131 dahil.","breadcrumb":{"@id":"https:\/\/admittanceeducation.com\/tr\/hizmetler\/universiteler\/universite-ziyaretleri\/escp-isletme-okulu-paris-fransa\/#breadcrumb"},"inLanguage":"tr-TR","potentialAction":[{"@type":"ReadAction","target":["https:\/\/admittanceeducation.com\/tr\/hizmetler\/universiteler\/universite-ziyaretleri\/escp-isletme-okulu-paris-fransa\/"]}]},{"@type":"ImageObject","inLanguage":"tr-TR","@id":"https:\/\/admittanceeducation.com\/tr\/hizmetler\/universiteler\/universite-ziyaretleri\/escp-isletme-okulu-paris-fransa\/#primaryimage","url":"https:\/\/admittanceeducation.com\/wp-content\/uploads\/2025\/06\/ESCP-Paris-Hero.png","contentUrl":"https:\/\/admittanceeducation.com\/wp-content\/uploads\/2025\/06\/ESCP-Paris-Hero.png","width":1920,"height":600,"caption":"ESCP \u0130\u015fletme Okulu Paris Fransa"},{"@type":"BreadcrumbList","@id":"https:\/\/admittanceeducation.com\/tr\/hizmetler\/universiteler\/universite-ziyaretleri\/escp-isletme-okulu-paris-fransa\/#breadcrumb","itemListElement":[{"@type":"ListItem","position":1,"name":"Home","item":"https:\/\/admittanceeducation.com\/tr\/"},{"@type":"ListItem","position":2,"name":"Hizmetler","item":"https:\/\/admittanceeducation.com\/tr\/hizmetler\/"},{"@type":"ListItem","position":3,"name":"\u00dcniversiteler","item":"https:\/\/admittanceeducation.com\/tr\/hizmetler\/universiteler\/"},{"@type":"ListItem","position":4,"name":"\u00dcniversite Ziyaretleri","item":"https:\/\/admittanceeducation.com\/tr\/hizmetler\/universiteler\/universite-ziyaretleri\/"},{"@type":"ListItem","position":5,"name":"ESCP \u0130\u015fletme Okulu \u2013 Paris, Fransa"}]},{"@type":"WebSite","@id":"https:\/\/admittanceeducation.com\/tr\/#website","url":"https:\/\/admittanceeducation.com\/tr\/","name":"Admittance Education","description":"Helping Students Study Abroad","publisher":{"@id":"https:\/\/admittanceeducation.com\/tr\/#organization"},"potentialAction":[{"@type":"SearchAction","target":{"@type":"EntryPoint","urlTemplate":"https:\/\/admittanceeducation.com\/tr\/?s={search_term_string}"},"query-input":{"@type":"PropertyValueSpecification","valueRequired":true,"valueName":"search_term_string"}}],"inLanguage":"tr-TR"},{"@type":"Organization","@id":"https:\/\/admittanceeducation.com\/tr\/#organization","name":"Admittance Education","url":"https:\/\/admittanceeducation.com\/tr\/","logo":{"@type":"ImageObject","inLanguage":"tr-TR","@id":"https:\/\/admittanceeducation.com\/tr\/#\/schema\/logo\/image\/","url":"https:\/\/admittanceeducation.com\/wp-content\/uploads\/2026\/03\/Admittance-Education-Logo-Black.webp","contentUrl":"https:\/\/admittanceeducation.com\/wp-content\/uploads\/2026\/03\/Admittance-Education-Logo-Black.webp","width":1500,"height":604,"caption":"Admittance Education"},"image":{"@id":"https:\/\/admittanceeducation.com\/tr\/#\/schema\/logo\/image\/"},"sameAs":["https:\/\/www.facebook.com\/admittanceeducation\/","https:\/\/www.youtube.com\/channel\/UCfyMGWjBHhVokvApn3twRsQ","https:\/\/www.instagram.com\/admittanceeducation\/","https:\/\/www.linkedin.com\/company\/admittance-education\/"]}]}},"_links":{"self":[{"href":"https:\/\/admittanceeducation.com\/tr\/wp-json\/wp\/v2\/pages\/2308","targetHints":{"allow":["GET"]}}],"collection":[{"href":"https:\/\/admittanceeducation.com\/tr\/wp-json\/wp\/v2\/pages"}],"about":[{"href":"https:\/\/admittanceeducation.com\/tr\/wp-json\/wp\/v2\/types\/page"}],"author":[{"embeddable":true,"href":"https:\/\/admittanceeducation.com\/tr\/wp-json\/wp\/v2\/users\/1"}],"replies":[{"embeddable":true,"href":"https:\/\/admittanceeducation.com\/tr\/wp-json\/wp\/v2\/comments?post=2308"}],"version-history":[{"count":1,"href":"https:\/\/admittanceeducation.com\/tr\/wp-json\/wp\/v2\/pages\/2308\/revisions"}],"predecessor-version":[{"id":2309,"href":"https:\/\/admittanceeducation.com\/tr\/wp-json\/wp\/v2\/pages\/2308\/revisions\/2309"}],"up":[{"embeddable":true,"href":"https:\/\/admittanceeducation.com\/tr\/wp-json\/wp\/v2\/pages\/2004"}],"wp:featuredmedia":[{"embeddable":true,"href":"https:\/\/admittanceeducation.com\/tr\/wp-json\/wp\/v2\/media\/2307"}],"wp:attachment":[{"href":"https:\/\/admittanceeducation.com\/tr\/wp-json\/wp\/v2\/media?parent=2308"}],"curies":[{"name":"wp","href":"https:\/\/api.w.org\/{rel}","templated":true}]}}