{"id":2241,"date":"2025-09-03T19:45:29","date_gmt":"2025-09-03T19:45:29","guid":{"rendered":"https:\/\/admittanceeducation.com\/hizmetler\/universiteler\/universite-ziyaretleri\/esade-isletme-okulu-barselona-ispanya\/"},"modified":"2026-03-27T10:23:50","modified_gmt":"2026-03-27T10:23:50","slug":"esade-isletme-okulu-barselona-ispanya","status":"publish","type":"page","link":"https:\/\/admittanceeducation.com\/tr\/hizmetler\/universiteler\/universite-ziyaretleri\/esade-isletme-okulu-barselona-ispanya\/","title":{"rendered":"ESADE \u0130\u015fletme Okulu \u2013 Barselona, \u0130spanya"},"content":{"rendered":"\t\t<div data-elementor-type=\"wp-page\" data-elementor-id=\"2241\" class=\"elementor elementor-2241 elementor-1158\" data-elementor-post-type=\"page\">\n\t\t\t\t<div class=\"elementor-element elementor-element-65d53c7 e-flex e-con-boxed e-con e-parent\" data-id=\"65d53c7\" data-element_type=\"container\" data-e-type=\"container\" data-settings=\"{&quot;background_background&quot;:&quot;classic&quot;}\">\n\t\t\t\t\t<div class=\"e-con-inner\">\n\t\t<div class=\"elementor-element elementor-element-a381a6c e-con-full e-flex e-con e-child\" data-id=\"a381a6c\" data-element_type=\"container\" data-e-type=\"container\">\n\t\t\t\t<div class=\"elementor-element elementor-element-dc5ce03 elementor-widget elementor-widget-heading\" data-id=\"dc5ce03\" data-element_type=\"widget\" data-e-type=\"widget\" data-widget_type=\"heading.default\">\n\t\t\t\t\t<h1 class=\"elementor-heading-title elementor-size-default\">Esade \u0130\u015fletme Okulu \u2013 Barselona, \u0130spanya<\/h1>\t\t\t\t<\/div>\n\t\t\t\t<\/div>\n\t\t\t\t\t<\/div>\n\t\t\t\t<\/div>\n\t\t<div class=\"elementor-element elementor-element-f3f7231 e-flex e-con-boxed e-con e-parent\" data-id=\"f3f7231\" data-element_type=\"container\" data-e-type=\"container\">\n\t\t\t\t\t<div class=\"e-con-inner\">\n\t\t\t\t<div class=\"elementor-element elementor-element-6c93b71 elementor-widget elementor-widget-heading\" data-id=\"6c93b71\" data-element_type=\"widget\" data-e-type=\"widget\" data-widget_type=\"heading.default\">\n\t\t\t\t\t<h2 class=\"elementor-heading-title elementor-size-default\">Genel Bak\u0131\u015f<\/h2>\t\t\t\t<\/div>\n\t\t\t\t<div class=\"elementor-element elementor-element-412bfdf elementor-widget elementor-widget-text-editor\" data-id=\"412bfdf\" data-element_type=\"widget\" data-e-type=\"widget\" data-widget_type=\"text-editor.default\">\n\t\t\t\t\t\t\t\t\t<p><a href=\"https:\/\/www.esade.edu\/en\" target=\"_blank\" rel=\"noopener\">Esade \u0130\u015fletme Okulu<\/a>, 1958&#8217;de kurulmu\u015f ve Ramon Llull \u00dcniversitesi&#8217;nin bir par\u00e7as\u0131 olarak, Avrupa&#8217;n\u0131n i\u015fletme ve hukuk e\u011fitimi alan\u0131ndaki \u00f6nde gelen kurumlar\u0131ndan biridir. K\u00fclt\u00fcrel zenginli\u011fi ve yenilik\u00e7ili\u011fiyle tan\u0131nan Barselona&#8217;da bulunan Esade, akademik m\u00fckemmellik, giri\u015fimcilik ve k\u00fcresel liderlik konusunda bir itibar geli\u015ftirmi\u015ftir. Okul, Avrupa&#8217;n\u0131n <a href=\"https:\/\/rankings.ft.com\/rankings\/2997\/mba-2025\" target=\"_blank\" rel=\"noopener\">en iyi i\u015fletme okullar\u0131 aras\u0131nda<\/a> s\u00fcrekli olarak yer almakta ve 100&#8217;den fazla \u00fclkeden \u00f6\u011frenci \u00e7ekerek uluslararas\u0131 bir \u00f6\u011frenme ortam\u0131 yaratmaktad\u0131r.<\/p>\t\t\t\t\t\t\t\t<\/div>\n\t\t\t\t<div class=\"elementor-element elementor-element-57da4f4 elementor-widget elementor-widget-heading\" data-id=\"57da4f4\" data-element_type=\"widget\" data-e-type=\"widget\" data-widget_type=\"heading.default\">\n\t\t\t\t\t<h2 class=\"elementor-heading-title elementor-size-default\">Programlar ve Ana Dallar<\/h2>\t\t\t\t<\/div>\n\t\t\t\t<div class=\"elementor-element elementor-element-2887d26 elementor-widget elementor-widget-text-editor\" data-id=\"2887d26\" data-element_type=\"widget\" data-e-type=\"widget\" data-widget_type=\"text-editor.default\">\n\t\t\t\t\t\t\t\t\t<p><span style=\"font-weight: 400;\">Uluslararas\u0131 deneyim a\u00e7\u0131s\u0131ndan y\u00fcksek s\u0131ralarda yer alan Barselona&#8217;daki ESADE, yenilik\u00e7i e\u011fitim yakla\u015f\u0131m\u0131 ve \u00f6\u011frenci memnuniyetine olan ba\u011fl\u0131l\u0131\u011f\u0131yla tan\u0131nmaktad\u0131r. ESADE, 126 farkl\u0131 \u00fclkeden 4.000&#8217;den fazla uluslararas\u0131 \u00f6\u011frenciye hizmet vermekte olup, lisans \u00f6\u011frencilerini g\u00fcn\u00fcm\u00fcz\u00fcn birbirine ba\u011fl\u0131 d\u00fcnyas\u0131nda ba\u015far\u0131ya haz\u0131rlayan k\u00fcresel bir deneyim sunmaktad\u0131r. Her bir program\u0131 50&#8217;den fazla se\u00e7meli ders se\u00e7ene\u011fi sunar ve yaparak \u00f6\u011frenme metodolojisi \u00f6\u011frenciler aras\u0131nda i\u015fbirli\u011fini te\u015fvik eder. ESADE&#8217;nin m\u00fcfredat\u0131 tamamen \u0130ngilizce olarak y\u00fcr\u00fct\u00fclmekte olup, s\u00fcr\u00fckleyici bir e\u011fitim deneyimi arayan uluslararas\u0131 \u00f6\u011frenciler i\u00e7in ideal bir destinasyondur.<\/span><\/p>\n<p><\/p>\n<p><span style=\"font-weight: 400;\">ESADE, ekonomi ve hukuk gibi alanlarda \u00e7e\u015fitli uzmanla\u015fm\u0131\u015f lisans dereceleri sunmakta olup, lisans d\u00fczeyinde i\u015fletme y\u00f6netimi e\u011fitimi almak i\u00e7in \u0130spanya&#8217;daki en iyi \u00fcniversite olarak s\u0131ralanmaktad\u0131r. ESADE&#8217;de akademik m\u00fckemmellik, kariyer haz\u0131rl\u0131\u011f\u0131 ile el ele gider. Kariyer hizmetleri birinci y\u0131ldan itibaren devreye girerek, \u00f6\u011frencilerin akademik yolculuklar\u0131 boyunca ve sonras\u0131nda stajlara, a\u011f kurma f\u0131rsatlar\u0131na ve ki\u015fiselle\u015ftirilmi\u015f kariyer rehberli\u011fine eri\u015fimini sa\u011flar. G\u00fc\u00e7l\u00fc bir kariyer planlama ekibi ve 60.000&#8217;den fazla mezundan olu\u015fan k\u00fcresel bir a\u011f ile ESADE, \u00f6\u011frencilerin %97&#8217;sinin mezuniyetten sonraki \u00fc\u00e7 ay i\u00e7inde istihdam edilmesini sa\u011flamaktad\u0131r. Ek olarak, Esade&#8217;nin zorunlu staj ve lisans\u00fcst\u00fc \u00e7al\u0131\u015fma se\u00e7ene\u011fi de dahil olmak \u00fczere pratik deneyime verdi\u011fi \u00f6nem, mezunlar\u0131 g\u00fcn\u00fcm\u00fcz\u00fcn rekabet\u00e7i i\u015f piyasas\u0131nda ba\u015far\u0131l\u0131 olmak i\u00e7in gereken beceri ve deneyimlerle donatmaktad\u0131r.<\/span><\/p>\n<p><\/p>\n<p><span style=\"font-weight: 400;\">ESADE&#8217;nin \u00e7evrimi\u00e7i ba\u015fvuru s\u00fcreci h\u0131zl\u0131 ve basittir. Ba\u015fvurular 1 Ekim&#8217;den 30 Haziran&#8217;a kadar kabul edilmektedir. \u00d6\u011frencilerin \u00e7evrimi\u00e7i ba\u015fvuru formunu doldurmalar\u0131, \u00e7evrimi\u00e7i bir kabul s\u0131nav\u0131na girmeleri (SAT ve ACT de kabul edilir), gerekli belgeleri y\u00fcklemeleri ve varsa ulusal \u00fcniversite giri\u015f s\u0131navlar\u0131n\u0131 ge\u00e7meleri gerekmektedir. Bu d\u00f6rt zorunlu ad\u0131ma ek olarak, \u00f6\u011frencilerin bir video de\u011ferlendirmesinden ve potansiyel olarak ki\u015fisel bir m\u00fclakattan ge\u00e7me se\u00e7ene\u011fi de bulunmaktad\u0131r. Ba\u015fvuru denemeleri Esade ba\u015fvurusunun zorunlu bir par\u00e7as\u0131 olsa da, notlara en \u00e7ok \u00f6nem verilmekte ve Esade&#8217;nin karar verme s\u00fcrecinde kilit unsur olarak kabul edilmektedir. Aday \u00f6\u011frencilerin lise y\u0131llar\u0131ndan mezuniyete kadar olan transkriptlerini sunmalar\u0131 gerekmektedir. Ek olarak, \u0130ngilizce yeterlili\u011fi gereklidir ve ESADE s\u0131nav\u0131n\u0131n \u0130ngilizce b\u00f6l\u00fcm\u00fcnde de\u011ferlendirilecektir. Matematik yeterlili\u011fi, Esade ba\u015fvurusunun bir di\u011fer \u00f6nemli bile\u015fenidir. Programlar\u0131n\u0131n b\u00fcy\u00fck \u00e7o\u011funlu\u011fu i\u00e7in \u00f6nceden matematik deneyimi bir gerekliliktir. Ba\u015fvuru \u00fccreti 135 \u20ac&#8217;dur, ancak g\u00f6nderildikten sonra \u00f6\u011frenciler ayn\u0131 ba\u015fvuruyu iki ek programa ba\u015fvurmak i\u00e7in kullanabilirler. G\u00f6nderimden sonraki 24 saat i\u00e7inde, \u00f6\u011frenciler \u00e7evrimi\u00e7i s\u0131nava girmek i\u00e7in \u00f6nerilen tarihleri i\u00e7eren bir e-posta alacaklard\u0131r. SAT&#8217;\u0131 tamamlad\u0131ysan\u0131z, puanlar\u0131n\u0131z\u0131 g\u00f6nderebilirsiniz. 1300&#8217;\u00fc a\u015fan puanlar i\u00e7in bunlar\u0131 g\u00f6ndermenizi \u00f6neririz. 1300&#8217;\u00fcn alt\u0131ndaki puanlar verilmemeli ve \u00f6\u011frenciler yaln\u0131zca ESADE s\u0131nav\u0131na devam etmelidir.<\/span><\/p>\n<p><\/p>\t\t\t\t\t\t\t\t<\/div>\n\t\t\t\t\t<\/div>\n\t\t\t\t<\/div>\n\t\t\t\t<\/div>\n\t\t","protected":false},"excerpt":{"rendered":"<p>Esade \u0130\u015fletme Okulu \u2013 Barselona, \u0130spanya Genel Bak\u0131\u015f Esade \u0130\u015fletme Okulu, 1958&#8217;de kurulmu\u015f ve Ramon Llull \u00dcniversitesi&#8217;nin bir par\u00e7as\u0131 olarak, Avrupa&#8217;n\u0131n i\u015fletme ve hukuk e\u011fitimi alan\u0131ndaki \u00f6nde gelen kurumlar\u0131ndan biridir. K\u00fclt\u00fcrel zenginli\u011fi ve yenilik\u00e7ili\u011fiyle tan\u0131nan Barselona&#8217;da bulunan Esade, akademik m\u00fckemmellik, giri\u015fimcilik ve k\u00fcresel liderlik konusunda bir itibar geli\u015ftirmi\u015ftir. Okul, Avrupa&#8217;n\u0131n en iyi i\u015fletme okullar\u0131 aras\u0131nda [&hellip;]<\/p>\n","protected":false},"author":1,"featured_media":2234,"parent":2004,"menu_order":0,"comment_status":"closed","ping_status":"closed","template":"","meta":{"_acf_changed":false,"nf_dc_page":"","footnotes":""},"class_list":["post-2241","page","type-page","status-publish","has-post-thumbnail","hentry"],"acf":[],"yoast_head":"<!-- This site is optimized with the Yoast SEO plugin v27.4 - https:\/\/yoast.com\/product\/yoast-seo-wordpress\/ -->\n<title>ESADE \u0130\u015fletme Okulu \u2013 Barselona, \u0130spanya - Admittance Education<\/title>\n<meta name=\"description\" content=\"Barselona, \u0130spanya&#039;daki ESADE \u0130\u015fletme Okulu&#039;nu programlar\u0131, kabulleri, kariyer sonu\u00e7lar\u0131 ve uluslararas\u0131 \u00f6\u011frenci f\u0131rsatlar\u0131 dahil olmak \u00fczere ke\u015ffedin.\" \/>\n<meta name=\"robots\" content=\"index, follow, max-snippet:-1, max-image-preview:large, max-video-preview:-1\" \/>\n<link rel=\"canonical\" href=\"https:\/\/admittanceeducation.com\/tr\/hizmetler\/universiteler\/universite-ziyaretleri\/esade-isletme-okulu-barselona-ispanya\/\" \/>\n<meta property=\"og:locale\" content=\"tr_TR\" \/>\n<meta property=\"og:type\" content=\"article\" \/>\n<meta property=\"og:title\" content=\"ESADE \u0130\u015fletme Okulu \u2013 Barselona, \u0130spanya - Admittance Education\" \/>\n<meta property=\"og:description\" content=\"Barselona, \u0130spanya&#039;daki ESADE \u0130\u015fletme Okulu&#039;nu programlar\u0131, kabulleri, kariyer sonu\u00e7lar\u0131 ve uluslararas\u0131 \u00f6\u011frenci f\u0131rsatlar\u0131 dahil olmak \u00fczere ke\u015ffedin.\" \/>\n<meta property=\"og:url\" content=\"https:\/\/admittanceeducation.com\/tr\/hizmetler\/universiteler\/universite-ziyaretleri\/esade-isletme-okulu-barselona-ispanya\/\" \/>\n<meta property=\"og:site_name\" content=\"Admittance Education\" \/>\n<meta property=\"article:publisher\" content=\"https:\/\/www.facebook.com\/admittanceeducation\/\" \/>\n<meta property=\"article:modified_time\" content=\"2026-03-27T10:23:50+00:00\" \/>\n<meta property=\"og:image\" content=\"https:\/\/admittanceeducation.com\/wp-content\/uploads\/2026\/03\/us-students-smarter-path-to-global-education-with-admittance.webp\" \/>\n\t<meta property=\"og:image:width\" content=\"500\" \/>\n\t<meta property=\"og:image:height\" content=\"500\" \/>\n\t<meta property=\"og:image:type\" content=\"image\/webp\" \/>\n<meta name=\"twitter:card\" content=\"summary_large_image\" \/>\n<meta name=\"twitter:label1\" content=\"Est. reading time\" \/>\n\t<meta name=\"twitter:data1\" content=\"3 minutes\" \/>\n<script type=\"application\/ld+json\" class=\"yoast-schema-graph\">{\"@context\":\"https:\\\/\\\/schema.org\",\"@graph\":[{\"@type\":\"WebPage\",\"@id\":\"https:\\\/\\\/admittanceeducation.com\\\/tr\\\/hizmetler\\\/universiteler\\\/universite-ziyaretleri\\\/esade-isletme-okulu-barselona-ispanya\\\/\",\"url\":\"https:\\\/\\\/admittanceeducation.com\\\/tr\\\/hizmetler\\\/universiteler\\\/universite-ziyaretleri\\\/esade-isletme-okulu-barselona-ispanya\\\/\",\"name\":\"ESADE \u0130\u015fletme Okulu \u2013 Barselona, \u0130spanya - Admittance Education\",\"isPartOf\":{\"@id\":\"https:\\\/\\\/admittanceeducation.com\\\/tr\\\/#website\"},\"primaryImageOfPage\":{\"@id\":\"https:\\\/\\\/admittanceeducation.com\\\/tr\\\/hizmetler\\\/universiteler\\\/universite-ziyaretleri\\\/esade-isletme-okulu-barselona-ispanya\\\/#primaryimage\"},\"image\":{\"@id\":\"https:\\\/\\\/admittanceeducation.com\\\/tr\\\/hizmetler\\\/universiteler\\\/universite-ziyaretleri\\\/esade-isletme-okulu-barselona-ispanya\\\/#primaryimage\"},\"thumbnailUrl\":\"https:\\\/\\\/admittanceeducation.com\\\/wp-content\\\/uploads\\\/2026\\\/03\\\/us-students-smarter-path-to-global-education-with-admittance.webp\",\"datePublished\":\"2025-09-03T19:45:29+00:00\",\"dateModified\":\"2026-03-27T10:23:50+00:00\",\"description\":\"Barselona, \u0130spanya'daki ESADE \u0130\u015fletme Okulu'nu programlar\u0131, kabulleri, kariyer sonu\u00e7lar\u0131 ve uluslararas\u0131 \u00f6\u011frenci f\u0131rsatlar\u0131 dahil olmak \u00fczere ke\u015ffedin.\",\"breadcrumb\":{\"@id\":\"https:\\\/\\\/admittanceeducation.com\\\/tr\\\/hizmetler\\\/universiteler\\\/universite-ziyaretleri\\\/esade-isletme-okulu-barselona-ispanya\\\/#breadcrumb\"},\"inLanguage\":\"tr-TR\",\"potentialAction\":[{\"@type\":\"ReadAction\",\"target\":[\"https:\\\/\\\/admittanceeducation.com\\\/tr\\\/hizmetler\\\/universiteler\\\/universite-ziyaretleri\\\/esade-isletme-okulu-barselona-ispanya\\\/\"]}]},{\"@type\":\"ImageObject\",\"inLanguage\":\"tr-TR\",\"@id\":\"https:\\\/\\\/admittanceeducation.com\\\/tr\\\/hizmetler\\\/universiteler\\\/universite-ziyaretleri\\\/esade-isletme-okulu-barselona-ispanya\\\/#primaryimage\",\"url\":\"https:\\\/\\\/admittanceeducation.com\\\/wp-content\\\/uploads\\\/2026\\\/03\\\/us-students-smarter-path-to-global-education-with-admittance.webp\",\"contentUrl\":\"https:\\\/\\\/admittanceeducation.com\\\/wp-content\\\/uploads\\\/2026\\\/03\\\/us-students-smarter-path-to-global-education-with-admittance.webp\",\"width\":500,\"height\":500,\"caption\":\"Bocconi kabul g\u00fcncellemesi 2025-2026, liberal sanatlar e\u011fitiminin de\u011feri\"},{\"@type\":\"BreadcrumbList\",\"@id\":\"https:\\\/\\\/admittanceeducation.com\\\/tr\\\/hizmetler\\\/universiteler\\\/universite-ziyaretleri\\\/esade-isletme-okulu-barselona-ispanya\\\/#breadcrumb\",\"itemListElement\":[{\"@type\":\"ListItem\",\"position\":1,\"name\":\"Home\",\"item\":\"https:\\\/\\\/admittanceeducation.com\\\/tr\\\/\"},{\"@type\":\"ListItem\",\"position\":2,\"name\":\"Hizmetler\",\"item\":\"https:\\\/\\\/admittanceeducation.com\\\/tr\\\/hizmetler\\\/\"},{\"@type\":\"ListItem\",\"position\":3,\"name\":\"\u00dcniversiteler\",\"item\":\"https:\\\/\\\/admittanceeducation.com\\\/tr\\\/hizmetler\\\/universiteler\\\/\"},{\"@type\":\"ListItem\",\"position\":4,\"name\":\"\u00dcniversite Ziyaretleri\",\"item\":\"https:\\\/\\\/admittanceeducation.com\\\/tr\\\/hizmetler\\\/universiteler\\\/universite-ziyaretleri\\\/\"},{\"@type\":\"ListItem\",\"position\":5,\"name\":\"ESADE \u0130\u015fletme Okulu \u2013 Barselona, \u0130spanya\"}]},{\"@type\":\"WebSite\",\"@id\":\"https:\\\/\\\/admittanceeducation.com\\\/tr\\\/#website\",\"url\":\"https:\\\/\\\/admittanceeducation.com\\\/tr\\\/\",\"name\":\"Admittance Education\",\"description\":\"Helping Students Study Abroad\",\"publisher\":{\"@id\":\"https:\\\/\\\/admittanceeducation.com\\\/tr\\\/#organization\"},\"potentialAction\":[{\"@type\":\"SearchAction\",\"target\":{\"@type\":\"EntryPoint\",\"urlTemplate\":\"https:\\\/\\\/admittanceeducation.com\\\/tr\\\/?s={search_term_string}\"},\"query-input\":{\"@type\":\"PropertyValueSpecification\",\"valueRequired\":true,\"valueName\":\"search_term_string\"}}],\"inLanguage\":\"tr-TR\"},{\"@type\":\"Organization\",\"@id\":\"https:\\\/\\\/admittanceeducation.com\\\/tr\\\/#organization\",\"name\":\"Admittance Education\",\"url\":\"https:\\\/\\\/admittanceeducation.com\\\/tr\\\/\",\"logo\":{\"@type\":\"ImageObject\",\"inLanguage\":\"tr-TR\",\"@id\":\"https:\\\/\\\/admittanceeducation.com\\\/tr\\\/#\\\/schema\\\/logo\\\/image\\\/\",\"url\":\"https:\\\/\\\/admittanceeducation.com\\\/wp-content\\\/uploads\\\/2026\\\/03\\\/Admittance-Education-Logo-Black.webp\",\"contentUrl\":\"https:\\\/\\\/admittanceeducation.com\\\/wp-content\\\/uploads\\\/2026\\\/03\\\/Admittance-Education-Logo-Black.webp\",\"width\":1500,\"height\":604,\"caption\":\"Admittance Education\"},\"image\":{\"@id\":\"https:\\\/\\\/admittanceeducation.com\\\/tr\\\/#\\\/schema\\\/logo\\\/image\\\/\"},\"sameAs\":[\"https:\\\/\\\/www.facebook.com\\\/admittanceeducation\\\/\",\"https:\\\/\\\/www.youtube.com\\\/channel\\\/UCfyMGWjBHhVokvApn3twRsQ\",\"https:\\\/\\\/www.instagram.com\\\/admittanceeducation\\\/\",\"https:\\\/\\\/www.linkedin.com\\\/company\\\/admittance-education\\\/\"]}]}<\/script>\n<!-- \/ Yoast SEO plugin. -->","yoast_head_json":{"title":"ESADE \u0130\u015fletme Okulu \u2013 Barselona, \u0130spanya - Admittance Education","description":"Barselona, \u0130spanya'daki ESADE \u0130\u015fletme Okulu'nu programlar\u0131, kabulleri, kariyer sonu\u00e7lar\u0131 ve uluslararas\u0131 \u00f6\u011frenci f\u0131rsatlar\u0131 dahil olmak \u00fczere ke\u015ffedin.","robots":{"index":"index","follow":"follow","max-snippet":"max-snippet:-1","max-image-preview":"max-image-preview:large","max-video-preview":"max-video-preview:-1"},"canonical":"https:\/\/admittanceeducation.com\/tr\/hizmetler\/universiteler\/universite-ziyaretleri\/esade-isletme-okulu-barselona-ispanya\/","og_locale":"tr_TR","og_type":"article","og_title":"ESADE \u0130\u015fletme Okulu \u2013 Barselona, \u0130spanya - Admittance Education","og_description":"Barselona, \u0130spanya'daki ESADE \u0130\u015fletme Okulu'nu programlar\u0131, kabulleri, kariyer sonu\u00e7lar\u0131 ve uluslararas\u0131 \u00f6\u011frenci f\u0131rsatlar\u0131 dahil olmak \u00fczere ke\u015ffedin.","og_url":"https:\/\/admittanceeducation.com\/tr\/hizmetler\/universiteler\/universite-ziyaretleri\/esade-isletme-okulu-barselona-ispanya\/","og_site_name":"Admittance Education","article_publisher":"https:\/\/www.facebook.com\/admittanceeducation\/","article_modified_time":"2026-03-27T10:23:50+00:00","og_image":[{"width":500,"height":500,"url":"https:\/\/admittanceeducation.com\/wp-content\/uploads\/2026\/03\/us-students-smarter-path-to-global-education-with-admittance.webp","type":"image\/webp"}],"twitter_card":"summary_large_image","twitter_misc":{"Est. reading time":"3 minutes"},"schema":{"@context":"https:\/\/schema.org","@graph":[{"@type":"WebPage","@id":"https:\/\/admittanceeducation.com\/tr\/hizmetler\/universiteler\/universite-ziyaretleri\/esade-isletme-okulu-barselona-ispanya\/","url":"https:\/\/admittanceeducation.com\/tr\/hizmetler\/universiteler\/universite-ziyaretleri\/esade-isletme-okulu-barselona-ispanya\/","name":"ESADE \u0130\u015fletme Okulu \u2013 Barselona, \u0130spanya - Admittance Education","isPartOf":{"@id":"https:\/\/admittanceeducation.com\/tr\/#website"},"primaryImageOfPage":{"@id":"https:\/\/admittanceeducation.com\/tr\/hizmetler\/universiteler\/universite-ziyaretleri\/esade-isletme-okulu-barselona-ispanya\/#primaryimage"},"image":{"@id":"https:\/\/admittanceeducation.com\/tr\/hizmetler\/universiteler\/universite-ziyaretleri\/esade-isletme-okulu-barselona-ispanya\/#primaryimage"},"thumbnailUrl":"https:\/\/admittanceeducation.com\/wp-content\/uploads\/2026\/03\/us-students-smarter-path-to-global-education-with-admittance.webp","datePublished":"2025-09-03T19:45:29+00:00","dateModified":"2026-03-27T10:23:50+00:00","description":"Barselona, \u0130spanya'daki ESADE \u0130\u015fletme Okulu'nu programlar\u0131, kabulleri, kariyer sonu\u00e7lar\u0131 ve uluslararas\u0131 \u00f6\u011frenci f\u0131rsatlar\u0131 dahil olmak \u00fczere ke\u015ffedin.","breadcrumb":{"@id":"https:\/\/admittanceeducation.com\/tr\/hizmetler\/universiteler\/universite-ziyaretleri\/esade-isletme-okulu-barselona-ispanya\/#breadcrumb"},"inLanguage":"tr-TR","potentialAction":[{"@type":"ReadAction","target":["https:\/\/admittanceeducation.com\/tr\/hizmetler\/universiteler\/universite-ziyaretleri\/esade-isletme-okulu-barselona-ispanya\/"]}]},{"@type":"ImageObject","inLanguage":"tr-TR","@id":"https:\/\/admittanceeducation.com\/tr\/hizmetler\/universiteler\/universite-ziyaretleri\/esade-isletme-okulu-barselona-ispanya\/#primaryimage","url":"https:\/\/admittanceeducation.com\/wp-content\/uploads\/2026\/03\/us-students-smarter-path-to-global-education-with-admittance.webp","contentUrl":"https:\/\/admittanceeducation.com\/wp-content\/uploads\/2026\/03\/us-students-smarter-path-to-global-education-with-admittance.webp","width":500,"height":500,"caption":"Bocconi kabul g\u00fcncellemesi 2025-2026, liberal sanatlar e\u011fitiminin de\u011feri"},{"@type":"BreadcrumbList","@id":"https:\/\/admittanceeducation.com\/tr\/hizmetler\/universiteler\/universite-ziyaretleri\/esade-isletme-okulu-barselona-ispanya\/#breadcrumb","itemListElement":[{"@type":"ListItem","position":1,"name":"Home","item":"https:\/\/admittanceeducation.com\/tr\/"},{"@type":"ListItem","position":2,"name":"Hizmetler","item":"https:\/\/admittanceeducation.com\/tr\/hizmetler\/"},{"@type":"ListItem","position":3,"name":"\u00dcniversiteler","item":"https:\/\/admittanceeducation.com\/tr\/hizmetler\/universiteler\/"},{"@type":"ListItem","position":4,"name":"\u00dcniversite Ziyaretleri","item":"https:\/\/admittanceeducation.com\/tr\/hizmetler\/universiteler\/universite-ziyaretleri\/"},{"@type":"ListItem","position":5,"name":"ESADE \u0130\u015fletme Okulu \u2013 Barselona, \u0130spanya"}]},{"@type":"WebSite","@id":"https:\/\/admittanceeducation.com\/tr\/#website","url":"https:\/\/admittanceeducation.com\/tr\/","name":"Admittance Education","description":"Helping Students Study Abroad","publisher":{"@id":"https:\/\/admittanceeducation.com\/tr\/#organization"},"potentialAction":[{"@type":"SearchAction","target":{"@type":"EntryPoint","urlTemplate":"https:\/\/admittanceeducation.com\/tr\/?s={search_term_string}"},"query-input":{"@type":"PropertyValueSpecification","valueRequired":true,"valueName":"search_term_string"}}],"inLanguage":"tr-TR"},{"@type":"Organization","@id":"https:\/\/admittanceeducation.com\/tr\/#organization","name":"Admittance Education","url":"https:\/\/admittanceeducation.com\/tr\/","logo":{"@type":"ImageObject","inLanguage":"tr-TR","@id":"https:\/\/admittanceeducation.com\/tr\/#\/schema\/logo\/image\/","url":"https:\/\/admittanceeducation.com\/wp-content\/uploads\/2026\/03\/Admittance-Education-Logo-Black.webp","contentUrl":"https:\/\/admittanceeducation.com\/wp-content\/uploads\/2026\/03\/Admittance-Education-Logo-Black.webp","width":1500,"height":604,"caption":"Admittance Education"},"image":{"@id":"https:\/\/admittanceeducation.com\/tr\/#\/schema\/logo\/image\/"},"sameAs":["https:\/\/www.facebook.com\/admittanceeducation\/","https:\/\/www.youtube.com\/channel\/UCfyMGWjBHhVokvApn3twRsQ","https:\/\/www.instagram.com\/admittanceeducation\/","https:\/\/www.linkedin.com\/company\/admittance-education\/"]}]}},"_links":{"self":[{"href":"https:\/\/admittanceeducation.com\/tr\/wp-json\/wp\/v2\/pages\/2241","targetHints":{"allow":["GET"]}}],"collection":[{"href":"https:\/\/admittanceeducation.com\/tr\/wp-json\/wp\/v2\/pages"}],"about":[{"href":"https:\/\/admittanceeducation.com\/tr\/wp-json\/wp\/v2\/types\/page"}],"author":[{"embeddable":true,"href":"https:\/\/admittanceeducation.com\/tr\/wp-json\/wp\/v2\/users\/1"}],"replies":[{"embeddable":true,"href":"https:\/\/admittanceeducation.com\/tr\/wp-json\/wp\/v2\/comments?post=2241"}],"version-history":[{"count":1,"href":"https:\/\/admittanceeducation.com\/tr\/wp-json\/wp\/v2\/pages\/2241\/revisions"}],"predecessor-version":[{"id":2242,"href":"https:\/\/admittanceeducation.com\/tr\/wp-json\/wp\/v2\/pages\/2241\/revisions\/2242"}],"up":[{"embeddable":true,"href":"https:\/\/admittanceeducation.com\/tr\/wp-json\/wp\/v2\/pages\/2004"}],"wp:featuredmedia":[{"embeddable":true,"href":"https:\/\/admittanceeducation.com\/tr\/wp-json\/wp\/v2\/media\/2234"}],"wp:attachment":[{"href":"https:\/\/admittanceeducation.com\/tr\/wp-json\/wp\/v2\/media?parent=2241"}],"curies":[{"name":"wp","href":"https:\/\/api.w.org\/{rel}","templated":true}]}}