{"id":2237,"date":"2025-05-27T19:23:26","date_gmt":"2025-05-27T19:23:26","guid":{"rendered":"https:\/\/admittanceeducation.com\/hizmetler\/universiteler\/universite-ziyaretleri\/duke-kunshan-universitesi-cin\/"},"modified":"2026-03-27T10:22:11","modified_gmt":"2026-03-27T10:22:11","slug":"duke-kunshan-universitesi-cin","status":"publish","type":"page","link":"https:\/\/admittanceeducation.com\/tr\/hizmetler\/universiteler\/universite-ziyaretleri\/duke-kunshan-universitesi-cin\/","title":{"rendered":"Duke Kunshan \u00dcniversitesi, \u00c7in"},"content":{"rendered":"\t\t<div data-elementor-type=\"wp-page\" data-elementor-id=\"2237\" class=\"elementor elementor-2237 elementor-843\" data-elementor-post-type=\"page\">\n\t\t\t\t<div class=\"elementor-element elementor-element-65d53c7 e-flex e-con-boxed e-con e-parent\" data-id=\"65d53c7\" data-element_type=\"container\" data-e-type=\"container\" data-settings=\"{&quot;background_background&quot;:&quot;classic&quot;}\">\n\t\t\t\t\t<div class=\"e-con-inner\">\n\t\t<div class=\"elementor-element elementor-element-a381a6c e-con-full e-flex e-con e-child\" data-id=\"a381a6c\" data-element_type=\"container\" data-e-type=\"container\">\n\t\t\t\t<div class=\"elementor-element elementor-element-dc5ce03 elementor-widget elementor-widget-heading\" data-id=\"dc5ce03\" data-element_type=\"widget\" data-e-type=\"widget\" data-widget_type=\"heading.default\">\n\t\t\t\t\t<h1 class=\"elementor-heading-title elementor-size-default\">Duke Kunshan \u00dcniversitesi, \u00c7in<\/h1>\t\t\t\t<\/div>\n\t\t\t\t<\/div>\n\t\t\t\t\t<\/div>\n\t\t\t\t<\/div>\n\t\t<div class=\"elementor-element elementor-element-f3f7231 e-flex e-con-boxed e-con e-parent\" data-id=\"f3f7231\" data-element_type=\"container\" data-e-type=\"container\">\n\t\t\t\t\t<div class=\"e-con-inner\">\n\t\t\t\t<div class=\"elementor-element elementor-element-412bfdf elementor-widget elementor-widget-text-editor\" data-id=\"412bfdf\" data-element_type=\"widget\" data-e-type=\"widget\" data-widget_type=\"text-editor.default\">\n\t\t\t\t\t\t\t\t\t<p> Bir\u00e7ok uluslararas\u0131 \u00f6\u011frenci i\u00e7in Amerika Birle\u015fik Devletleri&#8217;nde e\u011fitim alma hayali engeller, vizeler, maliyetler veya di\u011fer zorluklarla birlikte gelir. Peki ya h\u00e2l\u00e2 bir ABD e\u011fitimine eri\u015febilir, Duke \u00dcniversitesi diplomas\u0131 alabilir ve kendinizi uluslararas\u0131 bir toplulu\u011fa dahil edebilirseniz?<\/p><p>DKU, d\u00fcnyan\u0131n en \u00fcst s\u0131ralardaki kurumlar\u0131ndan biri olan <strong>Duke \u00dcniversitesi<\/strong> ile ortakl\u0131k i\u00e7inde kurulmu\u015ftur. Misyonu, <em>k\u00fcresel zorluklarla<\/em> y\u00fczle\u015fmeye haz\u0131r <em>k\u00fcresel vatanda\u015flar<\/em> yaratmakt\u0131r. \u00d6\u011frenciler <strong>iki diploma<\/strong> (Duke &amp; DKU) ve 190.000&#8217;den fazla \u00fcyeye sahip <strong>iki mezun a\u011f\u0131na<\/strong> eri\u015fimle mezun olurlar. <strong>70&#8217;ten fazla milletten<\/strong> temsilci ve alt\u0131 k\u0131tadan 30&#8217;dan fazla dil konu\u015fan \u00f6\u011frencilerle her s\u0131n\u0131f, k\u00fclt\u00fcrleraras\u0131 bir diyalog ortam\u0131d\u0131r. Kamp\u00fcs, d\u00fcnyan\u0131n en h\u0131zl\u0131 b\u00fcy\u00fcyen ekonomilerinden birinde dinamik ve modern bir merkez olan \u015eanghay ve Suzhou&#8217;ya sadece 20 dakika uzakl\u0131ktaki Kunshan&#8217;dad\u0131r.<\/p><p>DKU&#8217;nun m\u00fcfredat\u0131, k\u00fcresel perspektifleri de bar\u0131nd\u0131r\u0131rken <strong>Amerikan liberal sanatlar kolejlerinin esnekli\u011fini<\/strong> yans\u0131t\u0131r.<\/p><ul><li><strong>\u00d6nce ke\u015ffet, sonra karar ver<\/strong>: \u00f6\u011frenciler ikinci y\u0131l\u0131n sonuna kadar ana dallar\u0131n\u0131 belirlemezler.<\/li><li><strong>\u00c7eyrek sistem<\/strong>: daha derin odaklanma i\u00e7in her seferinde 2-3 dersle daha k\u0131sa 7 haftal\u0131k d\u00f6nemler.<\/li><li><strong>\u00d6zg\u00fcn \u00c7al\u0131\u015fma projesi<\/strong>: dersleri, stajlar\u0131 ve ki\u015fisel tutkular\u0131 bir araya getiren ara\u015ft\u0131rma odakl\u0131 bir deneyim.<\/li><li><strong>Ke\u015fif i\u00e7in Cuma g\u00fcnleri<\/strong>: d\u00fczenli ders yok \u2014 bunun yerine, m\u00fcfredat d\u0131\u015f\u0131 \u00f6\u011frenim, kul\u00fcpler, stajlar ve kariyer at\u00f6lyeleri.<\/li><li><strong>Duke&#8217;ta uzakta e\u011fitim<\/strong>: \u00fc\u00e7\u00fcnc\u00fc y\u0131l\u0131n\u0131zda Duke&#8217;un Kuzey Carolina&#8217;daki kamp\u00fcs\u00fcnde bir d\u00f6nem ge\u00e7irin.<\/li><\/ul><ul><li><strong>8:1 \u00f6\u011frenci-\u00f6\u011fretim \u00fcyesi oran\u0131<\/strong> ve <strong>ortalama 18 ki\u015filik s\u0131n\u0131f mevcudu<\/strong> tart\u0131\u015fmalar\u0131 samimi tutar.<\/li><li>Profes\u00f6rler Duke&#8217;tan, \u00c7in&#8217;den ve d\u00fcnyan\u0131n d\u00f6rt bir yan\u0131ndan gelirler \u2014 hepsi mentorlu\u011fa ba\u011fl\u0131d\u0131r.<\/li><li>Ara\u015ft\u0131rma ilk g\u00fcnden itibaren uygulamal\u0131d\u0131r: \u015fimdiden lisans \u00f6\u011frencilerinin %30&#8217;u \u00f6\u011fretim \u00fcyeleriyle \u00e7al\u0131\u015fm\u0131\u015f, bir\u00e7o\u011fu \u00f6nde gelen dergilerde yay\u0131n yapm\u0131\u015ft\u0131r.<\/li><li>\u00d6\u011frenciler <strong>akademik \u00f6zg\u00fcrl\u00fc\u011f\u00fcn, a\u00e7\u0131k internetin ve Duke&#8217;un dijital k\u00fct\u00fcphanesine eri\u015fimin<\/strong> tad\u0131n\u0131 \u00e7\u0131kar\u0131rlar.<\/li><\/ul><p>DKU&#8217;daki ya\u015fam, k\u00fcresel bir dokunu\u015fla bir ABD kamp\u00fcs\u00fc gibi hissettirir.<\/p><ul><li><strong>Yurtlar<\/strong> ortak mutfaklar, salonlar ve liderlik f\u0131rsatlar\u0131 sunar.<\/li><li><strong>Sa\u011fl\u0131k ve zindelik<\/strong> teklifleri aras\u0131nda spor salonlar\u0131, spor kul\u00fcpleri ve fitness programlar\u0131 bulunur.<\/li><li><strong>Kul\u00fcp<\/strong> etkinlikleri, \u00f6\u011frenci liderli\u011findeki organizasyonlar ve k\u00fclt\u00fcrel etkinlikler.<\/li><li><strong>DKU Quest program\u0131<\/strong>, \u00f6\u011frencileri \u00c7in&#8217;in d\u00f6rt bir yan\u0131na g\u00f6t\u00fcrerek seyahati k\u00fclt\u00fcrel etkile\u015fimle birle\u015ftirir.<\/li><\/ul><p>DKU diplomas\u0131, \u00f6\u011frencileri birbirine ba\u011fl\u0131 bir d\u00fcnyada ba\u015far\u0131l\u0131 olmaya haz\u0131rlar:<\/p><ul><li>Mezunlar Bloomberg, ODDITY Labs ve Trellix gibi firmalarda \u00e7al\u0131\u015fmaktad\u0131r. Di\u011ferleri \u00f6nde gelen kurumlarda lisans\u00fcst\u00fc e\u011fitim al\u0131yor veya hatta Rhodes Burslar\u0131 gibi \u00f6d\u00fcller kazan\u0131yor.<\/li><li>\u00d6\u011frenciler hem <strong>sert beceriler<\/strong> (ara\u015ft\u0131rma, veri, k\u00fcresel sorunlar) hem de <strong>yumu\u015fak beceriler<\/strong> (ileti\u015fim, uyum sa\u011flama, liderlik) geli\u015ftirirler.<\/li><\/ul><ul><li><strong>Burslar ve Yard\u0131m:<\/strong> Uluslararas\u0131 \u00f6\u011frencilerin %80&#8217;inden fazlas\u0131 yard\u0131m al\u0131r; \u00f6d\u00fcller <strong>tam \u00f6\u011frenim \u00fccretini ve ya\u015fam masraflar\u0131n\u0131<\/strong> kar\u015f\u0131layabilir.<\/li><\/ul><p>E\u011fer <strong>Amerikan e\u011fitimi, Duke prestiji ve ger\u00e7ekten uluslararas\u0131 bir \u00f6\u011frenci toplulu\u011fu<\/strong> istiyor, ancak \u015fu anda ABD&#8217;de e\u011fitim almak m\u00fcmk\u00fcn de\u011filse, Duke Kunshan \u00dcniversitesi her iki d\u00fcnyan\u0131n da en iyisini sunar.<\/p><p>Bu sadece bir diploma almakla ilgili de\u011fil \u2014 sizi d\u00fcnyan\u0131n herhangi bir yerindeki kariyerlere, lisans\u00fcst\u00fc e\u011fitime ve liderli\u011fe haz\u0131rlayan <strong>k\u00fcresel bir kimlik<\/strong> in\u015fa etmekle ilgilidir.<\/p>\t\t\t\t\t\t\t\t<\/div>\n\t\t\t\t\t<\/div>\n\t\t\t\t<\/div>\n\t\t\t\t<\/div>\n\t\t","protected":false},"excerpt":{"rendered":"<p>Duke Kunshan \u00dcniversitesi, \u00c7in Bir\u00e7ok uluslararas\u0131 \u00f6\u011frenci i\u00e7in Amerika Birle\u015fik Devletleri&#8217;nde e\u011fitim alma hayali engeller, vizeler, maliyetler veya di\u011fer zorluklarla birlikte gelir. Peki ya h\u00e2l\u00e2 bir ABD e\u011fitimine eri\u015febilir, Duke \u00dcniversitesi diplomas\u0131 alabilir ve kendinizi uluslararas\u0131 bir toplulu\u011fa dahil edebilirseniz? DKU, d\u00fcnyan\u0131n en \u00fcst s\u0131ralardaki kurumlar\u0131ndan biri olan Duke \u00dcniversitesi ile ortakl\u0131k i\u00e7inde kurulmu\u015ftur. Misyonu, [&hellip;]<\/p>\n","protected":false},"author":1,"featured_media":2234,"parent":2004,"menu_order":0,"comment_status":"closed","ping_status":"closed","template":"","meta":{"_acf_changed":false,"nf_dc_page":"","footnotes":""},"class_list":["post-2237","page","type-page","status-publish","has-post-thumbnail","hentry"],"acf":[],"yoast_head":"<!-- This site is optimized with the Yoast SEO plugin v27.4 - https:\/\/yoast.com\/product\/yoast-seo-wordpress\/ -->\n<title>Duke Kunshan \u00dcniversitesi, \u00c7in - Admittance Education<\/title>\n<meta name=\"description\" content=\"Duke diplomalar\u0131, k\u00fcresel \u00f6\u011frenim, burslar ve uluslararas\u0131 \u00f6\u011frenci f\u0131rsatlar\u0131yla \u00c7in&#039;deki Duke Kunshan \u00dcniversitesi&#039;ni ke\u015ffedin.\" \/>\n<meta name=\"robots\" content=\"index, follow, max-snippet:-1, max-image-preview:large, max-video-preview:-1\" \/>\n<link rel=\"canonical\" href=\"https:\/\/admittanceeducation.com\/tr\/hizmetler\/universiteler\/universite-ziyaretleri\/duke-kunshan-universitesi-cin\/\" \/>\n<meta property=\"og:locale\" content=\"tr_TR\" \/>\n<meta property=\"og:type\" content=\"article\" \/>\n<meta property=\"og:title\" content=\"Duke Kunshan \u00dcniversitesi, \u00c7in - Admittance Education\" \/>\n<meta property=\"og:description\" content=\"Duke diplomalar\u0131, k\u00fcresel \u00f6\u011frenim, burslar ve uluslararas\u0131 \u00f6\u011frenci f\u0131rsatlar\u0131yla \u00c7in&#039;deki Duke Kunshan \u00dcniversitesi&#039;ni ke\u015ffedin.\" \/>\n<meta property=\"og:url\" content=\"https:\/\/admittanceeducation.com\/tr\/hizmetler\/universiteler\/universite-ziyaretleri\/duke-kunshan-universitesi-cin\/\" \/>\n<meta property=\"og:site_name\" content=\"Admittance Education\" \/>\n<meta property=\"article:publisher\" content=\"https:\/\/www.facebook.com\/admittanceeducation\/\" \/>\n<meta property=\"article:modified_time\" content=\"2026-03-27T10:22:11+00:00\" \/>\n<meta property=\"og:image\" content=\"https:\/\/admittanceeducation.com\/wp-content\/uploads\/2026\/03\/us-students-smarter-path-to-global-education-with-admittance.webp\" \/>\n\t<meta property=\"og:image:width\" content=\"500\" \/>\n\t<meta property=\"og:image:height\" content=\"500\" \/>\n\t<meta property=\"og:image:type\" content=\"image\/webp\" \/>\n<meta name=\"twitter:card\" content=\"summary_large_image\" \/>\n<meta name=\"twitter:label1\" content=\"Est. reading time\" \/>\n\t<meta name=\"twitter:data1\" content=\"3 minutes\" \/>\n<script type=\"application\/ld+json\" class=\"yoast-schema-graph\">{\"@context\":\"https:\\\/\\\/schema.org\",\"@graph\":[{\"@type\":\"WebPage\",\"@id\":\"https:\\\/\\\/admittanceeducation.com\\\/tr\\\/hizmetler\\\/universiteler\\\/universite-ziyaretleri\\\/duke-kunshan-universitesi-cin\\\/\",\"url\":\"https:\\\/\\\/admittanceeducation.com\\\/tr\\\/hizmetler\\\/universiteler\\\/universite-ziyaretleri\\\/duke-kunshan-universitesi-cin\\\/\",\"name\":\"Duke Kunshan \u00dcniversitesi, \u00c7in - Admittance Education\",\"isPartOf\":{\"@id\":\"https:\\\/\\\/admittanceeducation.com\\\/tr\\\/#website\"},\"primaryImageOfPage\":{\"@id\":\"https:\\\/\\\/admittanceeducation.com\\\/tr\\\/hizmetler\\\/universiteler\\\/universite-ziyaretleri\\\/duke-kunshan-universitesi-cin\\\/#primaryimage\"},\"image\":{\"@id\":\"https:\\\/\\\/admittanceeducation.com\\\/tr\\\/hizmetler\\\/universiteler\\\/universite-ziyaretleri\\\/duke-kunshan-universitesi-cin\\\/#primaryimage\"},\"thumbnailUrl\":\"https:\\\/\\\/admittanceeducation.com\\\/wp-content\\\/uploads\\\/2026\\\/03\\\/us-students-smarter-path-to-global-education-with-admittance.webp\",\"datePublished\":\"2025-05-27T19:23:26+00:00\",\"dateModified\":\"2026-03-27T10:22:11+00:00\",\"description\":\"Duke diplomalar\u0131, k\u00fcresel \u00f6\u011frenim, burslar ve uluslararas\u0131 \u00f6\u011frenci f\u0131rsatlar\u0131yla \u00c7in'deki Duke Kunshan \u00dcniversitesi'ni ke\u015ffedin.\",\"breadcrumb\":{\"@id\":\"https:\\\/\\\/admittanceeducation.com\\\/tr\\\/hizmetler\\\/universiteler\\\/universite-ziyaretleri\\\/duke-kunshan-universitesi-cin\\\/#breadcrumb\"},\"inLanguage\":\"tr-TR\",\"potentialAction\":[{\"@type\":\"ReadAction\",\"target\":[\"https:\\\/\\\/admittanceeducation.com\\\/tr\\\/hizmetler\\\/universiteler\\\/universite-ziyaretleri\\\/duke-kunshan-universitesi-cin\\\/\"]}]},{\"@type\":\"ImageObject\",\"inLanguage\":\"tr-TR\",\"@id\":\"https:\\\/\\\/admittanceeducation.com\\\/tr\\\/hizmetler\\\/universiteler\\\/universite-ziyaretleri\\\/duke-kunshan-universitesi-cin\\\/#primaryimage\",\"url\":\"https:\\\/\\\/admittanceeducation.com\\\/wp-content\\\/uploads\\\/2026\\\/03\\\/us-students-smarter-path-to-global-education-with-admittance.webp\",\"contentUrl\":\"https:\\\/\\\/admittanceeducation.com\\\/wp-content\\\/uploads\\\/2026\\\/03\\\/us-students-smarter-path-to-global-education-with-admittance.webp\",\"width\":500,\"height\":500,\"caption\":\"Bocconi kabul g\u00fcncellemesi 2025-2026, liberal sanatlar e\u011fitiminin de\u011feri\"},{\"@type\":\"BreadcrumbList\",\"@id\":\"https:\\\/\\\/admittanceeducation.com\\\/tr\\\/hizmetler\\\/universiteler\\\/universite-ziyaretleri\\\/duke-kunshan-universitesi-cin\\\/#breadcrumb\",\"itemListElement\":[{\"@type\":\"ListItem\",\"position\":1,\"name\":\"Home\",\"item\":\"https:\\\/\\\/admittanceeducation.com\\\/tr\\\/\"},{\"@type\":\"ListItem\",\"position\":2,\"name\":\"Hizmetler\",\"item\":\"https:\\\/\\\/admittanceeducation.com\\\/tr\\\/hizmetler\\\/\"},{\"@type\":\"ListItem\",\"position\":3,\"name\":\"\u00dcniversiteler\",\"item\":\"https:\\\/\\\/admittanceeducation.com\\\/tr\\\/hizmetler\\\/universiteler\\\/\"},{\"@type\":\"ListItem\",\"position\":4,\"name\":\"\u00dcniversite Ziyaretleri\",\"item\":\"https:\\\/\\\/admittanceeducation.com\\\/tr\\\/hizmetler\\\/universiteler\\\/universite-ziyaretleri\\\/\"},{\"@type\":\"ListItem\",\"position\":5,\"name\":\"Duke Kunshan \u00dcniversitesi, \u00c7in\"}]},{\"@type\":\"WebSite\",\"@id\":\"https:\\\/\\\/admittanceeducation.com\\\/tr\\\/#website\",\"url\":\"https:\\\/\\\/admittanceeducation.com\\\/tr\\\/\",\"name\":\"Admittance Education\",\"description\":\"Helping Students Study Abroad\",\"publisher\":{\"@id\":\"https:\\\/\\\/admittanceeducation.com\\\/tr\\\/#organization\"},\"potentialAction\":[{\"@type\":\"SearchAction\",\"target\":{\"@type\":\"EntryPoint\",\"urlTemplate\":\"https:\\\/\\\/admittanceeducation.com\\\/tr\\\/?s={search_term_string}\"},\"query-input\":{\"@type\":\"PropertyValueSpecification\",\"valueRequired\":true,\"valueName\":\"search_term_string\"}}],\"inLanguage\":\"tr-TR\"},{\"@type\":\"Organization\",\"@id\":\"https:\\\/\\\/admittanceeducation.com\\\/tr\\\/#organization\",\"name\":\"Admittance Education\",\"url\":\"https:\\\/\\\/admittanceeducation.com\\\/tr\\\/\",\"logo\":{\"@type\":\"ImageObject\",\"inLanguage\":\"tr-TR\",\"@id\":\"https:\\\/\\\/admittanceeducation.com\\\/tr\\\/#\\\/schema\\\/logo\\\/image\\\/\",\"url\":\"https:\\\/\\\/admittanceeducation.com\\\/wp-content\\\/uploads\\\/2026\\\/03\\\/Admittance-Education-Logo-Black.webp\",\"contentUrl\":\"https:\\\/\\\/admittanceeducation.com\\\/wp-content\\\/uploads\\\/2026\\\/03\\\/Admittance-Education-Logo-Black.webp\",\"width\":1500,\"height\":604,\"caption\":\"Admittance Education\"},\"image\":{\"@id\":\"https:\\\/\\\/admittanceeducation.com\\\/tr\\\/#\\\/schema\\\/logo\\\/image\\\/\"},\"sameAs\":[\"https:\\\/\\\/www.facebook.com\\\/admittanceeducation\\\/\",\"https:\\\/\\\/www.youtube.com\\\/channel\\\/UCfyMGWjBHhVokvApn3twRsQ\",\"https:\\\/\\\/www.instagram.com\\\/admittanceeducation\\\/\",\"https:\\\/\\\/www.linkedin.com\\\/company\\\/admittance-education\\\/\"]}]}<\/script>\n<!-- \/ Yoast SEO plugin. -->","yoast_head_json":{"title":"Duke Kunshan \u00dcniversitesi, \u00c7in - Admittance Education","description":"Duke diplomalar\u0131, k\u00fcresel \u00f6\u011frenim, burslar ve uluslararas\u0131 \u00f6\u011frenci f\u0131rsatlar\u0131yla \u00c7in'deki Duke Kunshan \u00dcniversitesi'ni ke\u015ffedin.","robots":{"index":"index","follow":"follow","max-snippet":"max-snippet:-1","max-image-preview":"max-image-preview:large","max-video-preview":"max-video-preview:-1"},"canonical":"https:\/\/admittanceeducation.com\/tr\/hizmetler\/universiteler\/universite-ziyaretleri\/duke-kunshan-universitesi-cin\/","og_locale":"tr_TR","og_type":"article","og_title":"Duke Kunshan \u00dcniversitesi, \u00c7in - Admittance Education","og_description":"Duke diplomalar\u0131, k\u00fcresel \u00f6\u011frenim, burslar ve uluslararas\u0131 \u00f6\u011frenci f\u0131rsatlar\u0131yla \u00c7in'deki Duke Kunshan \u00dcniversitesi'ni ke\u015ffedin.","og_url":"https:\/\/admittanceeducation.com\/tr\/hizmetler\/universiteler\/universite-ziyaretleri\/duke-kunshan-universitesi-cin\/","og_site_name":"Admittance Education","article_publisher":"https:\/\/www.facebook.com\/admittanceeducation\/","article_modified_time":"2026-03-27T10:22:11+00:00","og_image":[{"width":500,"height":500,"url":"https:\/\/admittanceeducation.com\/wp-content\/uploads\/2026\/03\/us-students-smarter-path-to-global-education-with-admittance.webp","type":"image\/webp"}],"twitter_card":"summary_large_image","twitter_misc":{"Est. reading time":"3 minutes"},"schema":{"@context":"https:\/\/schema.org","@graph":[{"@type":"WebPage","@id":"https:\/\/admittanceeducation.com\/tr\/hizmetler\/universiteler\/universite-ziyaretleri\/duke-kunshan-universitesi-cin\/","url":"https:\/\/admittanceeducation.com\/tr\/hizmetler\/universiteler\/universite-ziyaretleri\/duke-kunshan-universitesi-cin\/","name":"Duke Kunshan \u00dcniversitesi, \u00c7in - Admittance Education","isPartOf":{"@id":"https:\/\/admittanceeducation.com\/tr\/#website"},"primaryImageOfPage":{"@id":"https:\/\/admittanceeducation.com\/tr\/hizmetler\/universiteler\/universite-ziyaretleri\/duke-kunshan-universitesi-cin\/#primaryimage"},"image":{"@id":"https:\/\/admittanceeducation.com\/tr\/hizmetler\/universiteler\/universite-ziyaretleri\/duke-kunshan-universitesi-cin\/#primaryimage"},"thumbnailUrl":"https:\/\/admittanceeducation.com\/wp-content\/uploads\/2026\/03\/us-students-smarter-path-to-global-education-with-admittance.webp","datePublished":"2025-05-27T19:23:26+00:00","dateModified":"2026-03-27T10:22:11+00:00","description":"Duke diplomalar\u0131, k\u00fcresel \u00f6\u011frenim, burslar ve uluslararas\u0131 \u00f6\u011frenci f\u0131rsatlar\u0131yla \u00c7in'deki Duke Kunshan \u00dcniversitesi'ni ke\u015ffedin.","breadcrumb":{"@id":"https:\/\/admittanceeducation.com\/tr\/hizmetler\/universiteler\/universite-ziyaretleri\/duke-kunshan-universitesi-cin\/#breadcrumb"},"inLanguage":"tr-TR","potentialAction":[{"@type":"ReadAction","target":["https:\/\/admittanceeducation.com\/tr\/hizmetler\/universiteler\/universite-ziyaretleri\/duke-kunshan-universitesi-cin\/"]}]},{"@type":"ImageObject","inLanguage":"tr-TR","@id":"https:\/\/admittanceeducation.com\/tr\/hizmetler\/universiteler\/universite-ziyaretleri\/duke-kunshan-universitesi-cin\/#primaryimage","url":"https:\/\/admittanceeducation.com\/wp-content\/uploads\/2026\/03\/us-students-smarter-path-to-global-education-with-admittance.webp","contentUrl":"https:\/\/admittanceeducation.com\/wp-content\/uploads\/2026\/03\/us-students-smarter-path-to-global-education-with-admittance.webp","width":500,"height":500,"caption":"Bocconi kabul g\u00fcncellemesi 2025-2026, liberal sanatlar e\u011fitiminin de\u011feri"},{"@type":"BreadcrumbList","@id":"https:\/\/admittanceeducation.com\/tr\/hizmetler\/universiteler\/universite-ziyaretleri\/duke-kunshan-universitesi-cin\/#breadcrumb","itemListElement":[{"@type":"ListItem","position":1,"name":"Home","item":"https:\/\/admittanceeducation.com\/tr\/"},{"@type":"ListItem","position":2,"name":"Hizmetler","item":"https:\/\/admittanceeducation.com\/tr\/hizmetler\/"},{"@type":"ListItem","position":3,"name":"\u00dcniversiteler","item":"https:\/\/admittanceeducation.com\/tr\/hizmetler\/universiteler\/"},{"@type":"ListItem","position":4,"name":"\u00dcniversite Ziyaretleri","item":"https:\/\/admittanceeducation.com\/tr\/hizmetler\/universiteler\/universite-ziyaretleri\/"},{"@type":"ListItem","position":5,"name":"Duke Kunshan \u00dcniversitesi, \u00c7in"}]},{"@type":"WebSite","@id":"https:\/\/admittanceeducation.com\/tr\/#website","url":"https:\/\/admittanceeducation.com\/tr\/","name":"Admittance Education","description":"Helping Students Study Abroad","publisher":{"@id":"https:\/\/admittanceeducation.com\/tr\/#organization"},"potentialAction":[{"@type":"SearchAction","target":{"@type":"EntryPoint","urlTemplate":"https:\/\/admittanceeducation.com\/tr\/?s={search_term_string}"},"query-input":{"@type":"PropertyValueSpecification","valueRequired":true,"valueName":"search_term_string"}}],"inLanguage":"tr-TR"},{"@type":"Organization","@id":"https:\/\/admittanceeducation.com\/tr\/#organization","name":"Admittance Education","url":"https:\/\/admittanceeducation.com\/tr\/","logo":{"@type":"ImageObject","inLanguage":"tr-TR","@id":"https:\/\/admittanceeducation.com\/tr\/#\/schema\/logo\/image\/","url":"https:\/\/admittanceeducation.com\/wp-content\/uploads\/2026\/03\/Admittance-Education-Logo-Black.webp","contentUrl":"https:\/\/admittanceeducation.com\/wp-content\/uploads\/2026\/03\/Admittance-Education-Logo-Black.webp","width":1500,"height":604,"caption":"Admittance Education"},"image":{"@id":"https:\/\/admittanceeducation.com\/tr\/#\/schema\/logo\/image\/"},"sameAs":["https:\/\/www.facebook.com\/admittanceeducation\/","https:\/\/www.youtube.com\/channel\/UCfyMGWjBHhVokvApn3twRsQ","https:\/\/www.instagram.com\/admittanceeducation\/","https:\/\/www.linkedin.com\/company\/admittance-education\/"]}]}},"_links":{"self":[{"href":"https:\/\/admittanceeducation.com\/tr\/wp-json\/wp\/v2\/pages\/2237","targetHints":{"allow":["GET"]}}],"collection":[{"href":"https:\/\/admittanceeducation.com\/tr\/wp-json\/wp\/v2\/pages"}],"about":[{"href":"https:\/\/admittanceeducation.com\/tr\/wp-json\/wp\/v2\/types\/page"}],"author":[{"embeddable":true,"href":"https:\/\/admittanceeducation.com\/tr\/wp-json\/wp\/v2\/users\/1"}],"replies":[{"embeddable":true,"href":"https:\/\/admittanceeducation.com\/tr\/wp-json\/wp\/v2\/comments?post=2237"}],"version-history":[{"count":1,"href":"https:\/\/admittanceeducation.com\/tr\/wp-json\/wp\/v2\/pages\/2237\/revisions"}],"predecessor-version":[{"id":2240,"href":"https:\/\/admittanceeducation.com\/tr\/wp-json\/wp\/v2\/pages\/2237\/revisions\/2240"}],"up":[{"embeddable":true,"href":"https:\/\/admittanceeducation.com\/tr\/wp-json\/wp\/v2\/pages\/2004"}],"wp:featuredmedia":[{"embeddable":true,"href":"https:\/\/admittanceeducation.com\/tr\/wp-json\/wp\/v2\/media\/2234"}],"wp:attachment":[{"href":"https:\/\/admittanceeducation.com\/tr\/wp-json\/wp\/v2\/media?parent=2237"}],"curies":[{"name":"wp","href":"https:\/\/api.w.org\/{rel}","templated":true}]}}