{"id":2226,"date":"2025-03-07T22:32:45","date_gmt":"2025-03-07T22:32:45","guid":{"rendered":"https:\/\/admittanceeducation.com\/gizlilik-politikasi\/"},"modified":"2026-03-27T10:02:42","modified_gmt":"2026-03-27T10:02:42","slug":"gizlilik-politikasi","status":"publish","type":"page","link":"https:\/\/admittanceeducation.com\/tr\/gizlilik-politikasi\/","title":{"rendered":"Gizlilik Politikas\u0131"},"content":{"rendered":"\t\t<div data-elementor-type=\"wp-page\" data-elementor-id=\"2226\" class=\"elementor elementor-2226 elementor-82\" data-elementor-post-type=\"page\">\n\t\t\t\t<div class=\"elementor-element elementor-element-20797004 e-flex e-con-boxed e-con e-parent\" data-id=\"20797004\" data-element_type=\"container\" data-e-type=\"container\" data-settings=\"{&quot;background_background&quot;:&quot;classic&quot;}\">\n\t\t\t\t\t<div class=\"e-con-inner\">\n\t\t<div class=\"elementor-element elementor-element-56d56d24 e-con-full e-flex e-con e-child\" data-id=\"56d56d24\" data-element_type=\"container\" data-e-type=\"container\">\n\t\t\t\t<div class=\"elementor-element elementor-element-332589a8 elementor-widget elementor-widget-heading\" data-id=\"332589a8\" data-element_type=\"widget\" data-e-type=\"widget\" data-widget_type=\"heading.default\">\n\t\t\t\t\t<h1 class=\"elementor-heading-title elementor-size-default\">Gizlilik Politikas\u0131<\/h1>\t\t\t\t<\/div>\n\t\t\t\t<\/div>\n\t\t\t\t\t<\/div>\n\t\t\t\t<\/div>\n\t\t<div class=\"elementor-element elementor-element-30935abc e-flex e-con-boxed e-con e-parent\" data-id=\"30935abc\" data-element_type=\"container\" data-e-type=\"container\">\n\t\t\t\t\t<div class=\"e-con-inner\">\n\t\t\t\t<div class=\"elementor-element elementor-element-536a8bbb elementor-widget elementor-widget-text-editor\" data-id=\"536a8bbb\" data-element_type=\"widget\" data-e-type=\"widget\" data-widget_type=\"text-editor.default\">\n\t\t\t\t\t\t\t\t\t<p><strong>Web Sitesi Gizlilik Politikas\u0131<\/strong><\/p>\n<p>Bu gizlilik politikas\u0131 (\u201cpolitika\u201d), bu web sitesini ziyaret etti\u011finizde ve kulland\u0131\u011f\u0131n\u0131zda Admittance Education\u2019\u0131n (\u201cbiz\u201d, \u201cbize ait\u201d) bize sa\u011flad\u0131\u011f\u0131n\u0131z verileri nas\u0131l kulland\u0131\u011f\u0131n\u0131 ve korudu\u011funu anlaman\u0131za yard\u0131mc\u0131 olacakt\u0131r.<\/p>\n<p>Bu politikay\u0131 istedi\u011fimiz zaman de\u011fi\u015ftirme hakk\u0131n\u0131 sakl\u0131 tutar\u0131z ve bu de\u011fi\u015fikliklerden derhal haberdar edileceksiniz. En son de\u011fi\u015fikliklerden haberdar olmak isterseniz, bu sayfay\u0131 s\u0131k s\u0131k ziyaret etmenizi tavsiye ederiz. <\/p>\n<p><strong>Toplad\u0131\u011f\u0131m\u0131z Kullan\u0131c\u0131 Verileri<\/strong><\/p>\n<p>Web sitemizi ziyaret etti\u011finizde ileti\u015fim bilgilerinizi ve e-posta adresinizi toplayabiliriz.<\/p>\n<p><b>Verilerinizi Neden Topluyoruz?<\/b><\/p>\n<p>Verilerinizi \u00e7e\u015fitli nedenlerle topluyoruz:<\/p>\n<p>\u00b7 \u0130htiya\u00e7lar\u0131n\u0131z\u0131 daha iyi anlamak i\u00e7in.<\/p>\n<p>\u00b7 Hizmetlerimizi ve \u00fcr\u00fcnlerimizi geli\u015ftirmek i\u00e7in.<\/p>\n<p>\u00b7 \u0130lgin\u00e7 bulaca\u011f\u0131n\u0131z\u0131 d\u00fc\u015f\u00fcnd\u00fc\u011f\u00fcm\u00fcz bilgileri i\u00e7eren tan\u0131t\u0131m e-postalar\u0131 g\u00f6ndermek i\u00e7in.<\/p>\n<p><b>Verilerin Korunmas\u0131 ve G\u00fcvenli\u011fi<\/b><\/p>\n<p>Admittance Education, verilerinizi g\u00fcvence alt\u0131na almaya ve gizli tutmaya kararl\u0131d\u0131r. Veri h\u0131rs\u0131zl\u0131\u011f\u0131n\u0131, yetkisiz eri\u015fimi ve if\u015fay\u0131 \u00f6nlemek i\u00e7in \u00e7al\u0131\u015farak \u00e7evrimi\u00e7i toplad\u0131\u011f\u0131m\u0131z bilgileri korumam\u0131za yard\u0131mc\u0131 oluyoruz. <\/p>\n<p><b>Di\u011fer Web Sitelerine Ba\u011flant\u0131lar<\/b><\/p>\n<p>Web sitemiz, ba\u015fka web sitelerine y\u00f6nlendirebilecek ba\u011flant\u0131lar i\u00e7ermektedir. Bu ba\u011flant\u0131lara t\u0131klaman\u0131z durumunda Admittance Education, verilerinizin ve gizlili\u011finizin korunmas\u0131ndan sorumlu tutulamaz. Bu web sitelerini ziyaret etmek, bu gizlilik politikas\u0131 anla\u015fmas\u0131 kapsam\u0131nda de\u011fildir. Web sitemizden gitti\u011finiz web sitesinin gizlilik politikas\u0131 belgelerini okudu\u011funuzdan emin olun.   <\/p>\n<p><b>Ki\u015fisel Verilerinizin Toplanmas\u0131n\u0131 K\u0131s\u0131tlama<\/b><\/p>\n<p>Bir noktada, ki\u015fisel verilerinizin kullan\u0131m\u0131n\u0131 ve toplanmas\u0131n\u0131 k\u0131s\u0131tlamak isteyebilirsiniz. Bunu a\u015fa\u011f\u0131daki \u015fekilde yapabilirsiniz: <\/p>\n<p>Bilgilerinizi bizimle payla\u015fmay\u0131 zaten kabul ettiyseniz, e-posta yoluyla bizimle ileti\u015fime ge\u00e7mekten \u00e7ekinmeyin; bu durumu sizin i\u00e7in de\u011fi\u015ftirmekten memnuniyet duyar\u0131z.<\/p>\n<p>Admittance Education, izniniz olmad\u0131k\u00e7a ki\u015fisel bilgilerinizi \u00fc\u00e7\u00fcnc\u00fc taraflara kiralamaz, satmaz veya da\u011f\u0131tmaz. Kanun bizi zorlarsa bunu yapabiliriz. Bu gizlilik politikas\u0131n\u0131 kabul etmeniz durumunda, size tan\u0131t\u0131m materyalleri g\u00f6ndermemiz gerekti\u011finde ki\u015fisel bilgileriniz kullan\u0131lacakt\u0131r.  <\/p>\t\t\t\t\t\t\t\t<\/div>\n\t\t\t\t\t<\/div>\n\t\t\t\t<\/div>\n\t\t\t\t<\/div>\n\t\t","protected":false},"excerpt":{"rendered":"<p>Gizlilik Politikas\u0131 Web Sitesi Gizlilik Politikas\u0131 Bu gizlilik politikas\u0131 (\u201cpolitika\u201d), bu web sitesini ziyaret etti\u011finizde ve kulland\u0131\u011f\u0131n\u0131zda Admittance Education\u2019\u0131n (\u201cbiz\u201d, \u201cbize ait\u201d) bize sa\u011flad\u0131\u011f\u0131n\u0131z verileri nas\u0131l kulland\u0131\u011f\u0131n\u0131 ve korudu\u011funu anlaman\u0131za yard\u0131mc\u0131 olacakt\u0131r. Bu politikay\u0131 istedi\u011fimiz zaman de\u011fi\u015ftirme hakk\u0131n\u0131 sakl\u0131 tutar\u0131z ve bu de\u011fi\u015fikliklerden derhal haberdar edileceksiniz. En son de\u011fi\u015fikliklerden haberdar olmak isterseniz, bu sayfay\u0131 s\u0131k [&hellip;]<\/p>\n","protected":false},"author":1,"featured_media":0,"parent":0,"menu_order":0,"comment_status":"closed","ping_status":"closed","template":"","meta":{"_acf_changed":false,"nf_dc_page":"","footnotes":""},"class_list":["post-2226","page","type-page","status-publish","hentry"],"acf":[],"yoast_head":"<!-- This site is optimized with the Yoast SEO plugin v27.5 - https:\/\/yoast.com\/product\/yoast-seo-wordpress\/ -->\n<title>Gizlilik Politikas\u0131 - Admittance Education<\/title>\n<meta name=\"description\" content=\"Ki\u015fisel bilgilerinizin nas\u0131l topland\u0131\u011f\u0131n\u0131, kullan\u0131ld\u0131\u011f\u0131n\u0131, korundu\u011funu ve i\u015flendi\u011fini \u00f6\u011frenmek i\u00e7in Admittance Education gizlilik politikas\u0131n\u0131 okuyun.\" \/>\n<meta name=\"robots\" content=\"index, follow, max-snippet:-1, max-image-preview:large, max-video-preview:-1\" \/>\n<link rel=\"canonical\" href=\"https:\/\/admittanceeducation.com\/tr\/gizlilik-politikasi\/\" \/>\n<meta property=\"og:locale\" content=\"tr_TR\" \/>\n<meta property=\"og:type\" content=\"article\" \/>\n<meta property=\"og:title\" content=\"Gizlilik Politikas\u0131 - Admittance Education\" \/>\n<meta property=\"og:description\" content=\"Ki\u015fisel bilgilerinizin nas\u0131l topland\u0131\u011f\u0131n\u0131, kullan\u0131ld\u0131\u011f\u0131n\u0131, korundu\u011funu ve i\u015flendi\u011fini \u00f6\u011frenmek i\u00e7in Admittance Education gizlilik politikas\u0131n\u0131 okuyun.\" \/>\n<meta property=\"og:url\" content=\"https:\/\/admittanceeducation.com\/tr\/gizlilik-politikasi\/\" \/>\n<meta property=\"og:site_name\" content=\"Admittance Education\" \/>\n<meta property=\"article:publisher\" content=\"https:\/\/www.facebook.com\/admittanceeducation\/\" \/>\n<meta property=\"article:modified_time\" content=\"2026-03-27T10:02:42+00:00\" \/>\n<meta property=\"og:image\" content=\"https:\/\/admittanceeducation.com\/wp-content\/uploads\/2026\/03\/Admittance-Education-Logo-Black.webp\" \/>\n\t<meta property=\"og:image:width\" content=\"1500\" \/>\n\t<meta property=\"og:image:height\" content=\"604\" \/>\n\t<meta property=\"og:image:type\" content=\"image\/webp\" \/>\n<meta name=\"twitter:card\" content=\"summary_large_image\" \/>\n<meta name=\"twitter:label1\" content=\"Est. reading time\" \/>\n\t<meta name=\"twitter:data1\" content=\"2 minutes\" \/>\n<script type=\"application\/ld+json\" class=\"yoast-schema-graph\">{\"@context\":\"https:\\\/\\\/schema.org\",\"@graph\":[{\"@type\":\"WebPage\",\"@id\":\"https:\\\/\\\/admittanceeducation.com\\\/tr\\\/gizlilik-politikasi\\\/\",\"url\":\"https:\\\/\\\/admittanceeducation.com\\\/tr\\\/gizlilik-politikasi\\\/\",\"name\":\"Gizlilik Politikas\u0131 - Admittance Education\",\"isPartOf\":{\"@id\":\"https:\\\/\\\/admittanceeducation.com\\\/tr\\\/#website\"},\"datePublished\":\"2025-03-07T22:32:45+00:00\",\"dateModified\":\"2026-03-27T10:02:42+00:00\",\"description\":\"Ki\u015fisel bilgilerinizin nas\u0131l topland\u0131\u011f\u0131n\u0131, kullan\u0131ld\u0131\u011f\u0131n\u0131, korundu\u011funu ve i\u015flendi\u011fini \u00f6\u011frenmek i\u00e7in Admittance Education gizlilik politikas\u0131n\u0131 okuyun.\",\"breadcrumb\":{\"@id\":\"https:\\\/\\\/admittanceeducation.com\\\/tr\\\/gizlilik-politikasi\\\/#breadcrumb\"},\"inLanguage\":\"tr-TR\",\"potentialAction\":[{\"@type\":\"ReadAction\",\"target\":[\"https:\\\/\\\/admittanceeducation.com\\\/tr\\\/gizlilik-politikasi\\\/\"]}]},{\"@type\":\"BreadcrumbList\",\"@id\":\"https:\\\/\\\/admittanceeducation.com\\\/tr\\\/gizlilik-politikasi\\\/#breadcrumb\",\"itemListElement\":[{\"@type\":\"ListItem\",\"position\":1,\"name\":\"Home\",\"item\":\"https:\\\/\\\/admittanceeducation.com\\\/tr\\\/\"},{\"@type\":\"ListItem\",\"position\":2,\"name\":\"Gizlilik Politikas\u0131\"}]},{\"@type\":\"WebSite\",\"@id\":\"https:\\\/\\\/admittanceeducation.com\\\/tr\\\/#website\",\"url\":\"https:\\\/\\\/admittanceeducation.com\\\/tr\\\/\",\"name\":\"Admittance Education\",\"description\":\"Helping Students Study Abroad\",\"publisher\":{\"@id\":\"https:\\\/\\\/admittanceeducation.com\\\/tr\\\/#organization\"},\"potentialAction\":[{\"@type\":\"SearchAction\",\"target\":{\"@type\":\"EntryPoint\",\"urlTemplate\":\"https:\\\/\\\/admittanceeducation.com\\\/tr\\\/?s={search_term_string}\"},\"query-input\":{\"@type\":\"PropertyValueSpecification\",\"valueRequired\":true,\"valueName\":\"search_term_string\"}}],\"inLanguage\":\"tr-TR\"},{\"@type\":\"Organization\",\"@id\":\"https:\\\/\\\/admittanceeducation.com\\\/tr\\\/#organization\",\"name\":\"Admittance Education\",\"url\":\"https:\\\/\\\/admittanceeducation.com\\\/tr\\\/\",\"logo\":{\"@type\":\"ImageObject\",\"inLanguage\":\"tr-TR\",\"@id\":\"https:\\\/\\\/admittanceeducation.com\\\/tr\\\/#\\\/schema\\\/logo\\\/image\\\/\",\"url\":\"https:\\\/\\\/admittanceeducation.com\\\/wp-content\\\/uploads\\\/2026\\\/03\\\/Admittance-Education-Logo-Black.webp\",\"contentUrl\":\"https:\\\/\\\/admittanceeducation.com\\\/wp-content\\\/uploads\\\/2026\\\/03\\\/Admittance-Education-Logo-Black.webp\",\"width\":1500,\"height\":604,\"caption\":\"Admittance Education\"},\"image\":{\"@id\":\"https:\\\/\\\/admittanceeducation.com\\\/tr\\\/#\\\/schema\\\/logo\\\/image\\\/\"},\"sameAs\":[\"https:\\\/\\\/www.facebook.com\\\/admittanceeducation\\\/\",\"https:\\\/\\\/www.youtube.com\\\/channel\\\/UCfyMGWjBHhVokvApn3twRsQ\",\"https:\\\/\\\/www.instagram.com\\\/admittanceeducation\\\/\",\"https:\\\/\\\/www.linkedin.com\\\/company\\\/admittance-education\\\/\"]}]}<\/script>\n<!-- \/ Yoast SEO plugin. -->","yoast_head_json":{"title":"Gizlilik Politikas\u0131 - Admittance Education","description":"Ki\u015fisel bilgilerinizin nas\u0131l topland\u0131\u011f\u0131n\u0131, kullan\u0131ld\u0131\u011f\u0131n\u0131, korundu\u011funu ve i\u015flendi\u011fini \u00f6\u011frenmek i\u00e7in Admittance Education gizlilik politikas\u0131n\u0131 okuyun.","robots":{"index":"index","follow":"follow","max-snippet":"max-snippet:-1","max-image-preview":"max-image-preview:large","max-video-preview":"max-video-preview:-1"},"canonical":"https:\/\/admittanceeducation.com\/tr\/gizlilik-politikasi\/","og_locale":"tr_TR","og_type":"article","og_title":"Gizlilik Politikas\u0131 - Admittance Education","og_description":"Ki\u015fisel bilgilerinizin nas\u0131l topland\u0131\u011f\u0131n\u0131, kullan\u0131ld\u0131\u011f\u0131n\u0131, korundu\u011funu ve i\u015flendi\u011fini \u00f6\u011frenmek i\u00e7in Admittance Education gizlilik politikas\u0131n\u0131 okuyun.","og_url":"https:\/\/admittanceeducation.com\/tr\/gizlilik-politikasi\/","og_site_name":"Admittance Education","article_publisher":"https:\/\/www.facebook.com\/admittanceeducation\/","article_modified_time":"2026-03-27T10:02:42+00:00","og_image":[{"width":1500,"height":604,"url":"https:\/\/admittanceeducation.com\/wp-content\/uploads\/2026\/03\/Admittance-Education-Logo-Black.webp","type":"image\/webp"}],"twitter_card":"summary_large_image","twitter_misc":{"Est. reading time":"2 minutes"},"schema":{"@context":"https:\/\/schema.org","@graph":[{"@type":"WebPage","@id":"https:\/\/admittanceeducation.com\/tr\/gizlilik-politikasi\/","url":"https:\/\/admittanceeducation.com\/tr\/gizlilik-politikasi\/","name":"Gizlilik Politikas\u0131 - Admittance Education","isPartOf":{"@id":"https:\/\/admittanceeducation.com\/tr\/#website"},"datePublished":"2025-03-07T22:32:45+00:00","dateModified":"2026-03-27T10:02:42+00:00","description":"Ki\u015fisel bilgilerinizin nas\u0131l topland\u0131\u011f\u0131n\u0131, kullan\u0131ld\u0131\u011f\u0131n\u0131, korundu\u011funu ve i\u015flendi\u011fini \u00f6\u011frenmek i\u00e7in Admittance Education gizlilik politikas\u0131n\u0131 okuyun.","breadcrumb":{"@id":"https:\/\/admittanceeducation.com\/tr\/gizlilik-politikasi\/#breadcrumb"},"inLanguage":"tr-TR","potentialAction":[{"@type":"ReadAction","target":["https:\/\/admittanceeducation.com\/tr\/gizlilik-politikasi\/"]}]},{"@type":"BreadcrumbList","@id":"https:\/\/admittanceeducation.com\/tr\/gizlilik-politikasi\/#breadcrumb","itemListElement":[{"@type":"ListItem","position":1,"name":"Home","item":"https:\/\/admittanceeducation.com\/tr\/"},{"@type":"ListItem","position":2,"name":"Gizlilik Politikas\u0131"}]},{"@type":"WebSite","@id":"https:\/\/admittanceeducation.com\/tr\/#website","url":"https:\/\/admittanceeducation.com\/tr\/","name":"Admittance Education","description":"Helping Students Study Abroad","publisher":{"@id":"https:\/\/admittanceeducation.com\/tr\/#organization"},"potentialAction":[{"@type":"SearchAction","target":{"@type":"EntryPoint","urlTemplate":"https:\/\/admittanceeducation.com\/tr\/?s={search_term_string}"},"query-input":{"@type":"PropertyValueSpecification","valueRequired":true,"valueName":"search_term_string"}}],"inLanguage":"tr-TR"},{"@type":"Organization","@id":"https:\/\/admittanceeducation.com\/tr\/#organization","name":"Admittance Education","url":"https:\/\/admittanceeducation.com\/tr\/","logo":{"@type":"ImageObject","inLanguage":"tr-TR","@id":"https:\/\/admittanceeducation.com\/tr\/#\/schema\/logo\/image\/","url":"https:\/\/admittanceeducation.com\/wp-content\/uploads\/2026\/03\/Admittance-Education-Logo-Black.webp","contentUrl":"https:\/\/admittanceeducation.com\/wp-content\/uploads\/2026\/03\/Admittance-Education-Logo-Black.webp","width":1500,"height":604,"caption":"Admittance Education"},"image":{"@id":"https:\/\/admittanceeducation.com\/tr\/#\/schema\/logo\/image\/"},"sameAs":["https:\/\/www.facebook.com\/admittanceeducation\/","https:\/\/www.youtube.com\/channel\/UCfyMGWjBHhVokvApn3twRsQ","https:\/\/www.instagram.com\/admittanceeducation\/","https:\/\/www.linkedin.com\/company\/admittance-education\/"]}]}},"_links":{"self":[{"href":"https:\/\/admittanceeducation.com\/tr\/wp-json\/wp\/v2\/pages\/2226","targetHints":{"allow":["GET"]}}],"collection":[{"href":"https:\/\/admittanceeducation.com\/tr\/wp-json\/wp\/v2\/pages"}],"about":[{"href":"https:\/\/admittanceeducation.com\/tr\/wp-json\/wp\/v2\/types\/page"}],"author":[{"embeddable":true,"href":"https:\/\/admittanceeducation.com\/tr\/wp-json\/wp\/v2\/users\/1"}],"replies":[{"embeddable":true,"href":"https:\/\/admittanceeducation.com\/tr\/wp-json\/wp\/v2\/comments?post=2226"}],"version-history":[{"count":1,"href":"https:\/\/admittanceeducation.com\/tr\/wp-json\/wp\/v2\/pages\/2226\/revisions"}],"predecessor-version":[{"id":2227,"href":"https:\/\/admittanceeducation.com\/tr\/wp-json\/wp\/v2\/pages\/2226\/revisions\/2227"}],"wp:attachment":[{"href":"https:\/\/admittanceeducation.com\/tr\/wp-json\/wp\/v2\/media?parent=2226"}],"curies":[{"name":"wp","href":"https:\/\/api.w.org\/{rel}","templated":true}]}}